{"id":280,"date":"2023-02-17T14:31:23","date_gmt":"2023-02-17T14:31:23","guid":{"rendered":"https:\/\/bybatt.com\/?post_type=product&#038;p=280"},"modified":"2023-03-05T16:17:53","modified_gmt":"2023-03-05T16:17:53","slug":"48v-telecom-base-station-battery-pack-power-system-solution","status":"publish","type":"product","link":"https:\/\/bybatt.com\/es\/producto\/48v-telecom-base-station-battery-pack-power-system-solution\/","title":{"rendered":"Soluci\u00f3n de sistema de alimentaci\u00f3n de bater\u00eda de estaci\u00f3n base de telecomunicaciones de 48 V"},"content":{"rendered":"","protected":false},"excerpt":{"rendered":"<p>Presentamos nuestra soluci\u00f3n de sistema de energ\u00eda de bater\u00eda de estaci\u00f3n base de telecomunicaciones de 48 V: la soluci\u00f3n definitiva para sus necesidades de energ\u00eda de telecomunicaciones.<br \/>\nNuestro paquete de bater\u00edas est\u00e1 hecho con celdas 100% nuevas, lo que garantiza que obtenga la mejor calidad y rendimiento de su bater\u00eda. El tipo de bater\u00eda LiFePO4 es altamente eficiente y confiable, por lo que es la opci\u00f3n perfecta para su estaci\u00f3n base de telecomunicaciones.<br \/>\nCon un voltaje nominal de 240 V y una capacidad nominal de 100 Ah, este paquete de bater\u00edas es capaz de entregar energ\u00eda confiable a su estaci\u00f3n base de telecomunicaciones. El paquete de bater\u00edas est\u00e1 equipado con una corriente de carga m\u00e1xima de 100 A y una corriente de descarga m\u00e1xima de 100 A, lo que le permite cargar y descargar de manera r\u00e1pida y eficiente.<br \/>\nEl paquete de bater\u00eda viene con un modo de carga de CC\/CV, lo que garantiza que su bater\u00eda se cargue de manera segura y eficiente. La pantalla de visualizaci\u00f3n es opcional, lo que le permite controlar el rendimiento de la bater\u00eda con facilidad. El tipo de comunicaci\u00f3n de RS485\/CAN permite una comunicaci\u00f3n fluida con su estaci\u00f3n base de telecomunicaciones.<br \/>\nNuestro paquete de bater\u00edas est\u00e1 dise\u00f1ado para funcionar en una amplia gama de temperaturas y entornos, con su construcci\u00f3n de metal resistente que garantiza su durabilidad y longevidad. Con unas dimensiones de 600*600*1530mm y un peso de 190kg (aproximadamente), esta bater\u00eda es compacta y f\u00e1cil de instalar.<br \/>\nEl paquete de bater\u00edas est\u00e1 equipado con una variedad de caracter\u00edsticas de protecci\u00f3n, que incluyen protecci\u00f3n contra sobrecarga, protecci\u00f3n contra descarga, protecci\u00f3n contra sobrecorriente y m\u00e1s. Con estas protecciones en su lugar, puede estar seguro de que su paquete de bater\u00edas es seguro y confiable.<\/p>","protected":false},"featured_media":281,"template":"","meta":{"_kad_post_transparent":"default","_kad_post_title":"","_kad_post_layout":"default","_kad_post_sidebar_id":"","_kad_post_content_style":"default","_kad_post_vertical_padding":"default","_kad_post_feature":"","_kad_post_feature_position":"","_kad_post_header":false,"_kad_post_footer":false},"product_cat":[25,28],"product_tag":[111,110,106,108,107,112,109],"class_list":["post-280","product","type-product","status-publish","has-post-thumbnail","hentry","product_cat-home-storage-battery","product_cat-base-station-battery","product_tag-48v-50ah-lifepo4-battery","product_tag-48v-lifepo4-battery-pack","product_tag-base-station-battery","product_tag-base-station-battery-kit","product_tag-base-station-battery-packs","product_tag-battery-pack-rack-type","product_tag-lifepo4-battery-pack","entry","content-bg","loop-entry"],"_links":{"self":[{"href":"https:\/\/bybatt.com\/es\/wp-json\/wp\/v2\/product\/280","targetHints":{"allow":["GET"]}}],"collection":[{"href":"https:\/\/bybatt.com\/es\/wp-json\/wp\/v2\/product"}],"about":[{"href":"https:\/\/bybatt.com\/es\/wp-json\/wp\/v2\/types\/product"}],"wp:featuredmedia":[{"embeddable":true,"href":"https:\/\/bybatt.com\/es\/wp-json\/wp\/v2\/media\/281"}],"wp:attachment":[{"href":"https:\/\/bybatt.com\/es\/wp-json\/wp\/v2\/media?parent=280"}],"wp:term":[{"taxonomy":"product_cat","embeddable":true,"href":"https:\/\/bybatt.com\/es\/wp-json\/wp\/v2\/product_cat?post=280"},{"taxonomy":"product_tag","embeddable":true,"href":"https:\/\/bybatt.com\/es\/wp-json\/wp\/v2\/product_tag?post=280"}],"curies":[{"name":"wp","href":"https:\/\/api.w.org\/{rel}","templated":true}]}}