{"id":288,"date":"2023-02-18T03:13:02","date_gmt":"2023-02-18T03:13:02","guid":{"rendered":"https:\/\/bybatt.com\/?post_type=product&#038;p=288"},"modified":"2023-02-18T03:19:31","modified_gmt":"2023-02-18T03:19:31","slug":"server-mount-lifepo4-battery-solar-energy-storage-system","status":"publish","type":"product","link":"https:\/\/bybatt.com\/es\/producto\/server-mount-lifepo4-battery-solar-energy-storage-system\/","title":{"rendered":"Sistema de almacenamiento de energ\u00eda solar con bater\u00eda LiFePO4 para montaje en servidor"},"content":{"rendered":"","protected":false},"excerpt":{"rendered":"<p>Presentamos nuestro sistema de almacenamiento de energ\u00eda solar con bater\u00eda LiFePO4 para montaje en servidor, una soluci\u00f3n de almacenamiento de energ\u00eda fiable y de alto rendimiento dise\u00f1ada para satisfacer las exigentes necesidades de los servidores y centros de datos modernos.<br \/>\nConstruida con solo celdas 100% nuevas, nuestra tecnolog\u00eda de bater\u00eda LiFePO4 garantiza un rendimiento y una longevidad excepcionales, proporcionando una salida de energ\u00eda estable y un almacenamiento de energ\u00eda constante para todas las necesidades de su servidor.<br \/>\nCon un voltaje nominal de 240 V y una capacidad nominal de 100 Ah, nuestro sistema de bater\u00eda cuenta con una corriente de carga m\u00e1xima de 100 A y una corriente de descarga m\u00e1xima de 100 A. Nuestra tecnolog\u00eda de modo de carga avanzada de CC\/CV garantiza una carga m\u00e1s segura y eficiente para su sistema de bater\u00eda.<br \/>\nNuestro sistema viene equipado con una pantalla de visualizaci\u00f3n opcional y capacidades de comunicaci\u00f3n RS485\/CAN, lo que le facilita monitorear el rendimiento de su bater\u00eda y comunicarse con otros dispositivos en su red.<br \/>\nDise\u00f1ado para soportar condiciones de trabajo duras, nuestro sistema de almacenamiento de energ\u00eda solar con bater\u00eda LiFePO4 de montaje en servidor est\u00e1 revestido en una carcasa de metal resistente, lo que garantiza durabilidad y longevidad. Con 600*600*1530 mm, es lo suficientemente compacto como para caber en cualquier sala de servidores o centro de datos.<br \/>\nCon un peso aproximado de 190 kg, nuestro sistema ofrece una f\u00e1cil instalaci\u00f3n y manejo, con protecci\u00f3n contra sobrecarga, protecci\u00f3n contra sobredescarga, protecci\u00f3n contra sobrecorriente y otras caracter\u00edsticas de seguridad esenciales integradas para garantizar el uso seguro de nuestro sistema de bater\u00eda.<br \/>\nCon una sola capacidad de bater\u00eda de 5 KWH, nuestro sistema se puede apilar hasta 15 KWH para cumplir con sus requisitos de almacenamiento de energ\u00eda. Nuestro sistema de almacenamiento de energ\u00eda solar con bater\u00eda LiFePO4 para montaje en servidor es la soluci\u00f3n de almacenamiento de energ\u00eda perfecta para todas sus necesidades de servidor y centro de datos.<\/p>","protected":false},"featured_media":289,"template":"","meta":{"_kad_post_transparent":"default","_kad_post_title":"","_kad_post_layout":"default","_kad_post_sidebar_id":"","_kad_post_content_style":"default","_kad_post_vertical_padding":"default","_kad_post_feature":"","_kad_post_feature_position":"","_kad_post_header":false,"_kad_post_footer":false},"product_cat":[25,28],"product_tag":[120,119,118,117,116,113,115,101,114],"class_list":["post-288","product","type-product","status-publish","has-post-thumbnail","hentry","product_cat-home-storage-battery","product_cat-base-station-battery","product_tag-energy-storage-container","product_tag-lifepo4-energy-battery","product_tag-lithium-battery-51-2v-100ah","product_tag-rack-mount-lifepo4-battery","product_tag-rack-mounted-lithium-battery","product_tag-server-mount-lifepo4-battery","product_tag-server-rack-battery","product_tag-server-rack-lifepo4-solar-batteries","product_tag-solar-lithium-battery-server-rack","entry","content-bg","loop-entry"],"_links":{"self":[{"href":"https:\/\/bybatt.com\/es\/wp-json\/wp\/v2\/product\/288","targetHints":{"allow":["GET"]}}],"collection":[{"href":"https:\/\/bybatt.com\/es\/wp-json\/wp\/v2\/product"}],"about":[{"href":"https:\/\/bybatt.com\/es\/wp-json\/wp\/v2\/types\/product"}],"wp:featuredmedia":[{"embeddable":true,"href":"https:\/\/bybatt.com\/es\/wp-json\/wp\/v2\/media\/289"}],"wp:attachment":[{"href":"https:\/\/bybatt.com\/es\/wp-json\/wp\/v2\/media?parent=288"}],"wp:term":[{"taxonomy":"product_cat","embeddable":true,"href":"https:\/\/bybatt.com\/es\/wp-json\/wp\/v2\/product_cat?post=288"},{"taxonomy":"product_tag","embeddable":true,"href":"https:\/\/bybatt.com\/es\/wp-json\/wp\/v2\/product_tag?post=288"}],"curies":[{"name":"wp","href":"https:\/\/api.w.org\/{rel}","templated":true}]}}