{"id":291,"date":"2023-02-18T03:25:01","date_gmt":"2023-02-18T03:25:01","guid":{"rendered":"https:\/\/bybatt.com\/?post_type=product&#038;p=291"},"modified":"2023-02-18T03:32:11","modified_gmt":"2023-02-18T03:32:11","slug":"ups-battery-base-station-backup-battery-power-system-solution","status":"publish","type":"product","link":"https:\/\/bybatt.com\/es\/producto\/ups-battery-base-station-backup-battery-power-system-solution\/","title":{"rendered":"Soluci\u00f3n de sistema de alimentaci\u00f3n de bater\u00eda de respaldo de estaci\u00f3n base de bater\u00eda UPS"},"content":{"rendered":"","protected":false},"excerpt":{"rendered":"<p>Presentamos nuestra soluci\u00f3n de sistema de energ\u00eda de bater\u00eda de respaldo de estaci\u00f3n base de bater\u00eda UPS de \u00faltima generaci\u00f3n, dise\u00f1ada para brindarle una soluci\u00f3n de respaldo de energ\u00eda confiable y eficiente para todas sus necesidades de energ\u00eda. Nuestras bater\u00edas est\u00e1n construidas con nuevas celdas 100%, utilizando la \u00faltima tecnolog\u00eda de bater\u00eda LiFePO4 para garantizar una potencia duradera y de alto rendimiento.<br \/>\nCon un voltaje nominal de 240 V y una capacidad nominal de 100 Ah, nuestro sistema de bater\u00edas es capaz de manejar cargas pesadas de energ\u00eda con facilidad. Nuestro sistema de bater\u00eda tiene una corriente de carga m\u00e1xima de 100 A y una corriente de descarga m\u00e1xima de 100 A, lo que permite tiempos de carga y descarga r\u00e1pidos.<br \/>\nNuestras bater\u00edas est\u00e1n dise\u00f1adas con un modo de carga CC\/CV y vienen con una pantalla de visualizaci\u00f3n opcional para monitorear y controlar los niveles de energ\u00eda. Nuestro sistema tambi\u00e9n incluye comunicaci\u00f3n RS485\/CAN, lo que permite una f\u00e1cil integraci\u00f3n con sus sistemas de energ\u00eda existentes.<br \/>\nConstruido con materiales met\u00e1licos duraderos, nuestro sistema de bater\u00eda est\u00e1 dise\u00f1ado para soportar temperaturas extremas y condiciones ambientales adversas. Las dimensiones de nuestro sistema son 6006001530 mm y pesa aproximadamente 190 kg, lo que lo convierte en una soluci\u00f3n conveniente y pr\u00e1ctica para una amplia gama de necesidades de energ\u00eda.<br \/>\nNuestro sistema est\u00e1 equipado con protecci\u00f3n contra sobrecarga, protecci\u00f3n contra sobredescarga, protecci\u00f3n contra sobrecorriente y otras caracter\u00edsticas de seguridad avanzadas, lo que garantiza que su sistema de energ\u00eda est\u00e9 siempre protegido y seguro.<\/p>","protected":false},"featured_media":292,"template":"","meta":{"_kad_post_transparent":"default","_kad_post_title":"","_kad_post_layout":"default","_kad_post_sidebar_id":"","_kad_post_content_style":"default","_kad_post_vertical_padding":"default","_kad_post_feature":"","_kad_post_feature_position":"","_kad_post_header":false,"_kad_post_footer":false},"product_cat":[25,28],"product_tag":[124,123,126,125,122,121,127],"class_list":["post-291","product","type-product","status-publish","has-post-thumbnail","hentry","product_cat-home-storage-battery","product_cat-base-station-battery","product_tag-51-2v-energy-storage-solar-base-station-power","product_tag-base-station-backup-battery","product_tag-battery-200ah","product_tag-supply-48v-100ah-gyll-lifepo4-solar-battery-rack","product_tag-ups-base-station-backup-battery","product_tag-ups-battery","product_tag-ups-communication-base-station","entry","content-bg","loop-entry"],"_links":{"self":[{"href":"https:\/\/bybatt.com\/es\/wp-json\/wp\/v2\/product\/291","targetHints":{"allow":["GET"]}}],"collection":[{"href":"https:\/\/bybatt.com\/es\/wp-json\/wp\/v2\/product"}],"about":[{"href":"https:\/\/bybatt.com\/es\/wp-json\/wp\/v2\/types\/product"}],"wp:featuredmedia":[{"embeddable":true,"href":"https:\/\/bybatt.com\/es\/wp-json\/wp\/v2\/media\/292"}],"wp:attachment":[{"href":"https:\/\/bybatt.com\/es\/wp-json\/wp\/v2\/media?parent=291"}],"wp:term":[{"taxonomy":"product_cat","embeddable":true,"href":"https:\/\/bybatt.com\/es\/wp-json\/wp\/v2\/product_cat?post=291"},{"taxonomy":"product_tag","embeddable":true,"href":"https:\/\/bybatt.com\/es\/wp-json\/wp\/v2\/product_tag?post=291"}],"curies":[{"name":"wp","href":"https:\/\/api.w.org\/{rel}","templated":true}]}}