{"id":296,"date":"2023-02-18T03:39:37","date_gmt":"2023-02-18T03:39:37","guid":{"rendered":"https:\/\/bybatt.com\/?post_type=product&#038;p=296"},"modified":"2023-02-18T03:48:57","modified_gmt":"2023-02-18T03:48:57","slug":"48v-power-wall-mounted-lithium-battery-energy-storage-system","status":"publish","type":"product","link":"https:\/\/bybatt.com\/es\/producto\/48v-power-wall-mounted-lithium-battery-energy-storage-system\/","title":{"rendered":"Sistema de almacenamiento de energ\u00eda de bater\u00eda de litio montado en la pared de 48V"},"content":{"rendered":"","protected":false},"excerpt":{"rendered":"<p>Presentamos nuestro sistema de almacenamiento de energ\u00eda de bater\u00eda de litio montado en la pared de 48 V, dise\u00f1ado para proporcionar un almacenamiento de energ\u00eda confiable y eficiente para hogares y empresas. Nuestras bater\u00edas est\u00e1n fabricadas con celdas 100% nuevas, lo que garantiza un rendimiento de alta calidad y duradero.<br \/>\nElija entre una gama de capacidades para satisfacer sus necesidades de energ\u00eda: 50 Ah, 100 Ah, 150 Ah o 200 Ah, con salidas de energ\u00eda que van desde 2,56 KWH a 10,24 KWH. Con una potencia de salida m\u00e1xima de hasta 10240 W, nuestro sistema de bater\u00eda proporciona una amplia potencia para todas sus necesidades energ\u00e9ticas.<br \/>\nNuestro sistema de bater\u00eda est\u00e1 dise\u00f1ado para durar, con una vida \u00fatil de hasta 6000 ciclos a una profundidad de descarga de 80% y un rango de temperatura de -20 \u00b0C a 60 \u00b0C. La bater\u00eda se puede almacenar hasta 5 meses a 25 \u00b0C, 3 meses a 35 \u00b0C y 1 mes a 45 \u00b0C, lo que la hace adecuada para diversas condiciones ambientales.<br \/>\nEl dise\u00f1o montado en la pared de nuestro sistema de bater\u00eda permite una f\u00e1cil instalaci\u00f3n y ahorra un valioso espacio en el piso. Con unas dimensiones de 360*140*570 mm, es compacto y cabe en espacios reducidos.<\/p>","protected":false},"featured_media":297,"template":"","meta":{"_kad_post_transparent":"default","_kad_post_title":"","_kad_post_layout":"default","_kad_post_sidebar_id":"","_kad_post_content_style":"default","_kad_post_vertical_padding":"default","_kad_post_feature":"","_kad_post_feature_position":"","_kad_post_header":false,"_kad_post_footer":false},"product_cat":[25,27],"product_tag":[136,135,131,137,129,132,134,130,128,133],"class_list":["post-296","product","type-product","status-publish","has-post-thumbnail","hentry","product_cat-home-storage-battery","product_cat-home-battery-powerwall","product_tag-10kwh-7kwh-5kwh-energy-storage-battery","product_tag-48v-wall-mounted-power-battery","product_tag-energy-storage-system","product_tag-lifepo4-lithium-battery-powerwall","product_tag-lithium-battery-wall-mount","product_tag-powerwall-battery","product_tag-rechargeable-lifepo4-lithium-ion-battery","product_tag-wall-mounted-battery","product_tag-wall-mounted-lithium-battery","product_tag-wall-mounted-power-battery","entry","content-bg","loop-entry"],"_links":{"self":[{"href":"https:\/\/bybatt.com\/es\/wp-json\/wp\/v2\/product\/296","targetHints":{"allow":["GET"]}}],"collection":[{"href":"https:\/\/bybatt.com\/es\/wp-json\/wp\/v2\/product"}],"about":[{"href":"https:\/\/bybatt.com\/es\/wp-json\/wp\/v2\/types\/product"}],"wp:featuredmedia":[{"embeddable":true,"href":"https:\/\/bybatt.com\/es\/wp-json\/wp\/v2\/media\/297"}],"wp:attachment":[{"href":"https:\/\/bybatt.com\/es\/wp-json\/wp\/v2\/media?parent=296"}],"wp:term":[{"taxonomy":"product_cat","embeddable":true,"href":"https:\/\/bybatt.com\/es\/wp-json\/wp\/v2\/product_cat?post=296"},{"taxonomy":"product_tag","embeddable":true,"href":"https:\/\/bybatt.com\/es\/wp-json\/wp\/v2\/product_tag?post=296"}],"curies":[{"name":"wp","href":"https:\/\/api.w.org\/{rel}","templated":true}]}}