{"id":300,"date":"2023-02-18T03:55:53","date_gmt":"2023-02-18T03:55:53","guid":{"rendered":"https:\/\/bybatt.com\/?post_type=product&#038;p=300"},"modified":"2023-02-18T05:26:41","modified_gmt":"2023-02-18T05:26:41","slug":"home-solar-wall-mounted-lithium-battery-lifepo4-battery","status":"publish","type":"product","link":"https:\/\/bybatt.com\/es\/producto\/home-solar-wall-mounted-lithium-battery-lifepo4-battery\/","title":{"rendered":"Inicio Bater\u00eda de litio solar montada en la pared Bater\u00eda LiFePO4"},"content":{"rendered":"","protected":false},"excerpt":{"rendered":"<p>Presentamos nuestra bater\u00eda de litio LiFePO4 para montaje en pared solar para el hogar, dise\u00f1ada para alimentar su hogar con energ\u00eda renovable. Esta innovadora bater\u00eda est\u00e1 fabricada con nuevas celdas 100%, lo que garantiza la m\u00e1xima eficiencia y una fiabilidad duradera.<br \/>\nCon una capacidad de 48 V y cuatro opciones de almacenamiento de energ\u00eda (50 Ah, 100 Ah, 150 Ah y 200 Ah), puede elegir el tama\u00f1o perfecto para satisfacer sus necesidades energ\u00e9ticas. La bater\u00eda puede almacenar de 2,56 KWH a 10,24 KWH de energ\u00eda, lo que le permite alimentar su hogar sin depender de las fuentes de energ\u00eda tradicionales.<br \/>\nLa salida de potencia m\u00e1xima var\u00eda de 2560 W a 10240 W, lo que le brinda la potencia que necesita para que su hogar funcione sin problemas. Adem\u00e1s, la bater\u00eda est\u00e1 dise\u00f1ada para durar hasta 6000 ciclos cuando se descarga a una profundidad de descarga (DOD) 80% a una temperatura de 25 \u00b0C, lo que brinda una confiabilidad duradera.<br \/>\nEsta bater\u00eda es ideal para uso dom\u00e9stico y se puede montar en la pared, ocupando un espacio m\u00ednimo. Ha sido dise\u00f1ado para soportar un rango de temperaturas, desde -20\u00b0C a 60\u00b0C, y puede operar con 60+\/-25% de humedad relativa. Adicionalmente tiene un tiempo de almacenamiento de 5 meses a 25\u00b0C, 3 meses a 35\u00b0C y 1 mes a 45\u00b0C.<br \/>\nLa bater\u00eda tiene un tama\u00f1o compacto de 360*140*570 mm, por lo que es f\u00e1cil de instalar en su hogar. Nuestra bater\u00eda de litio LiFePO4 montada en la pared solar para el hogar es una forma ecol\u00f3gica y rentable de alimentar su hogar con energ\u00eda renovable. Invierta hoy en esta innovadora bater\u00eda y tome el control de su consumo de energ\u00eda.<\/p>","protected":false},"featured_media":301,"template":"","meta":{"_kad_post_transparent":"default","_kad_post_title":"","_kad_post_layout":"default","_kad_post_sidebar_id":"","_kad_post_content_style":"default","_kad_post_vertical_padding":"default","_kad_post_feature":"","_kad_post_feature_position":"","_kad_post_header":false,"_kad_post_footer":false},"product_cat":[25,27],"product_tag":[140,139,62,141,128,138],"class_list":["post-300","product","type-product","status-publish","has-post-thumbnail","hentry","product_cat-home-storage-battery","product_cat-home-battery-powerwall","product_tag-home-energy-storage","product_tag-home-power-wall-mounted-battery","product_tag-lifepo4-solar-lithium-battery","product_tag-power-wall","product_tag-wall-mounted-lithium-battery","product_tag-wall-mounted-lithium-home-battery","entry","content-bg","loop-entry"],"_links":{"self":[{"href":"https:\/\/bybatt.com\/es\/wp-json\/wp\/v2\/product\/300","targetHints":{"allow":["GET"]}}],"collection":[{"href":"https:\/\/bybatt.com\/es\/wp-json\/wp\/v2\/product"}],"about":[{"href":"https:\/\/bybatt.com\/es\/wp-json\/wp\/v2\/types\/product"}],"wp:featuredmedia":[{"embeddable":true,"href":"https:\/\/bybatt.com\/es\/wp-json\/wp\/v2\/media\/301"}],"wp:attachment":[{"href":"https:\/\/bybatt.com\/es\/wp-json\/wp\/v2\/media?parent=300"}],"wp:term":[{"taxonomy":"product_cat","embeddable":true,"href":"https:\/\/bybatt.com\/es\/wp-json\/wp\/v2\/product_cat?post=300"},{"taxonomy":"product_tag","embeddable":true,"href":"https:\/\/bybatt.com\/es\/wp-json\/wp\/v2\/product_tag?post=300"}],"curies":[{"name":"wp","href":"https:\/\/api.w.org\/{rel}","templated":true}]}}