{"id":306,"date":"2023-02-18T05:30:26","date_gmt":"2023-02-18T05:30:26","guid":{"rendered":"https:\/\/bybatt.com\/?post_type=product&#038;p=306"},"modified":"2023-02-18T05:40:06","modified_gmt":"2023-02-18T05:40:06","slug":"cheap-48v-100ah-lifepo4-powerwall-lithium-ion-home-battery","status":"publish","type":"product","link":"https:\/\/bybatt.com\/es\/producto\/cheap-48v-100ah-lifepo4-powerwall-lithium-ion-home-battery\/","title":{"rendered":"Bater\u00eda barata del hogar de la i\u00f3n de litio de 48V 100AH LiFePO4 Powerwall"},"content":{"rendered":"","protected":false},"excerpt":{"rendered":"<p>La bater\u00eda dom\u00e9stica de iones de litio LiFePO4 Powerwall de 48 V y 100 AH es una soluci\u00f3n avanzada para el suministro de energ\u00eda de respaldo en el hogar. Este producto de alta tecnolog\u00eda est\u00e1 dise\u00f1ado para integrarse a la perfecci\u00f3n en su hogar con su dise\u00f1o moderno y construcci\u00f3n liviana y en miniatura. Es inteligente, estandarizado y respetuoso con el medio ambiente, lo que lo convierte en una excelente opci\u00f3n para aquellos que desean reducir su huella de carbono.<br \/>\nLa bater\u00eda dom\u00e9stica powerwall tiene una capacidad de almacenamiento de bater\u00eda de litio (LiFePO4) de 5kWh, lo que proporciona energ\u00eda suficiente para mantenerlo alejado de la red cuando lo desee. Esta bater\u00eda es la soluci\u00f3n de almacenamiento de energ\u00eda m\u00e1s popular del mundo y ofrece energ\u00eda de respaldo confiable para el hogar con la que puede contar. Incluso si su viaje solar no comenz\u00f3 con los fabricantes, a\u00fan puede disfrutar de los beneficios de este sistema de bater\u00eda para el hogar y el sistema de energ\u00eda de respaldo de la bater\u00eda para el hogar.<br \/>\nTodas las celdas utilizadas en estas bater\u00edas son 100% nuevas, lo que garantiza un rendimiento duradero. La bater\u00eda est\u00e1 disponible en diferentes capacidades y tama\u00f1os, con salidas de energ\u00eda de 2,56 KWH, 5,12 KWH, 7,68 KWH y 10,24 KWH, y salidas de potencia m\u00e1xima de 2560 W, 5120 W, 7680 W y 10240 W. La bater\u00eda tiene una larga vida \u00fatil de 6000 ciclos (a 80% DOD, 25 \u00b0C), lo que permite un uso fiable a largo plazo.<br \/>\nEsta bater\u00eda se puede almacenar hasta 5 meses a 25 \u00b0C, 3 meses a 35 \u00b0C y 1 mes a 45 \u00b0C, lo que la convierte en una soluci\u00f3n flexible para sus necesidades de energ\u00eda de respaldo. Puede operar dentro de un rango de temperatura de -20\u00b0C a 60\u00b0C a 60+\/-25% de humedad relativa, asegurando que pueda funcionar bien en una variedad de condiciones. Las dimensiones de la bater\u00eda son 360*140*570mm, lo que facilita su integraci\u00f3n en tu hogar.<\/p>","protected":false},"featured_media":307,"template":"","meta":{"_kad_post_transparent":"default","_kad_post_title":"","_kad_post_layout":"default","_kad_post_sidebar_id":"","_kad_post_content_style":"default","_kad_post_vertical_padding":"default","_kad_post_feature":"","_kad_post_feature_position":"","_kad_post_header":false,"_kad_post_footer":false},"product_cat":[25,27],"product_tag":[147,149,144,143,145,146,142,148],"class_list":["post-306","product","type-product","status-publish","has-post-thumbnail","hentry","product_cat-home-storage-battery","product_cat-home-battery-powerwall","product_tag-6000-cycles-life-lithium-ion-battery","product_tag-home-battery-lithium-powerwall","product_tag-lifepo4-home-battery","product_tag-lithium-ion-home-battery","product_tag-powerwall-home-battery","product_tag-powerwall-lithium-ion-battery","product_tag-powerwall-lithium-ion-home-battery","product_tag-powerwall-tesla-10kwh","entry","content-bg","loop-entry"],"_links":{"self":[{"href":"https:\/\/bybatt.com\/es\/wp-json\/wp\/v2\/product\/306","targetHints":{"allow":["GET"]}}],"collection":[{"href":"https:\/\/bybatt.com\/es\/wp-json\/wp\/v2\/product"}],"about":[{"href":"https:\/\/bybatt.com\/es\/wp-json\/wp\/v2\/types\/product"}],"wp:featuredmedia":[{"embeddable":true,"href":"https:\/\/bybatt.com\/es\/wp-json\/wp\/v2\/media\/307"}],"wp:attachment":[{"href":"https:\/\/bybatt.com\/es\/wp-json\/wp\/v2\/media?parent=306"}],"wp:term":[{"taxonomy":"product_cat","embeddable":true,"href":"https:\/\/bybatt.com\/es\/wp-json\/wp\/v2\/product_cat?post=306"},{"taxonomy":"product_tag","embeddable":true,"href":"https:\/\/bybatt.com\/es\/wp-json\/wp\/v2\/product_tag?post=306"}],"curies":[{"name":"wp","href":"https:\/\/api.w.org\/{rel}","templated":true}]}}