{"id":311,"date":"2023-02-18T08:35:21","date_gmt":"2023-02-18T08:35:21","guid":{"rendered":"https:\/\/bybatt.com\/?post_type=product&#038;p=311"},"modified":"2023-02-18T08:41:37","modified_gmt":"2023-02-18T08:41:37","slug":"grid-hybrid-inverter-wall-mounted-battery-home-solar-system","status":"publish","type":"product","link":"https:\/\/bybatt.com\/es\/producto\/grid-hybrid-inverter-wall-mounted-battery-home-solar-system\/","title":{"rendered":"Grid Hybrid Inverter Bater\u00eda montada en la pared Sistema solar dom\u00e9stico"},"content":{"rendered":"","protected":false},"excerpt":{"rendered":"<p>Este sistema solar dom\u00e9stico con bater\u00eda montada en la pared con inversor h\u00edbrido est\u00e1 dise\u00f1ado para uso residencial y consta de un banco de bater\u00edas, un inversor h\u00edbrido y paneles solares. El banco de bater\u00edas tiene una capacidad de 48 V y viene en cuatro tama\u00f1os diferentes: 50 Ah, 100 Ah, 150 Ah y 200 Ah, con un almacenamiento de energ\u00eda correspondiente de 2,56 KWH, 5,12 KWH, 7,68 KWH y 10,24 KWH, respectivamente. Las celdas de la bater\u00eda utilizadas son completamente nuevas, lo que garantiza un rendimiento de alta calidad.<br \/>\nLa salida de potencia m\u00e1xima del sistema var\u00eda seg\u00fan el tama\u00f1o de la bater\u00eda, con la capacidad m\u00e1s alta de 200 Ah capaz de producir una potencia m\u00e1xima de 10240 W. La bater\u00eda tiene una larga vida \u00fatil de hasta 6000 ciclos cuando se descarga hasta 80% de su capacidad a una temperatura de 25\u00b0C.<br \/>\nLa bater\u00eda se puede almacenar hasta 5 meses a una temperatura de 25 \u00b0C, 3 meses a 35 \u00b0C y 1 mes a 45 \u00b0C, lo que brinda a los usuarios flexibilidad y comodidad. El sistema puede operar en un rango de temperatura de -20\u00b0C a 60\u00b0C, con una humedad relativa de 60+\/-25%.<br \/>\nLas dimensiones del banco de bater\u00edas son 360*140*570 mm, lo que facilita el montaje en una pared para una instalaci\u00f3n que ahorra espacio. Este sistema solar es una soluci\u00f3n ideal para los hogares que buscan reducir sus facturas de electricidad y su dependencia de la red, al mismo tiempo que tienen un impacto positivo en el medio ambiente.<\/p>","protected":false},"featured_media":312,"template":"","meta":{"_kad_post_transparent":"default","_kad_post_title":"","_kad_post_layout":"default","_kad_post_sidebar_id":"","_kad_post_content_style":"default","_kad_post_vertical_padding":"default","_kad_post_feature":"","_kad_post_feature_position":"","_kad_post_header":false,"_kad_post_footer":false},"product_cat":[25,27],"product_tag":[151,131,68,152,153,155,150,154,130],"class_list":["post-311","product","type-product","status-publish","has-post-thumbnail","hentry","product_cat-home-storage-battery","product_cat-home-battery-powerwall","product_tag-battery-storage","product_tag-energy-storage-system","product_tag-lifepo4-lithium-battery","product_tag-power-battery-wall","product_tag-power-storage","product_tag-power-wall-hybrid-grid","product_tag-powerwall-energy","product_tag-solar-battery-storage-system","product_tag-wall-mounted-battery","entry","content-bg","loop-entry"],"_links":{"self":[{"href":"https:\/\/bybatt.com\/es\/wp-json\/wp\/v2\/product\/311","targetHints":{"allow":["GET"]}}],"collection":[{"href":"https:\/\/bybatt.com\/es\/wp-json\/wp\/v2\/product"}],"about":[{"href":"https:\/\/bybatt.com\/es\/wp-json\/wp\/v2\/types\/product"}],"wp:featuredmedia":[{"embeddable":true,"href":"https:\/\/bybatt.com\/es\/wp-json\/wp\/v2\/media\/312"}],"wp:attachment":[{"href":"https:\/\/bybatt.com\/es\/wp-json\/wp\/v2\/media?parent=311"}],"wp:term":[{"taxonomy":"product_cat","embeddable":true,"href":"https:\/\/bybatt.com\/es\/wp-json\/wp\/v2\/product_cat?post=311"},{"taxonomy":"product_tag","embeddable":true,"href":"https:\/\/bybatt.com\/es\/wp-json\/wp\/v2\/product_tag?post=311"}],"curies":[{"name":"wp","href":"https:\/\/api.w.org\/{rel}","templated":true}]}}