{"id":316,"date":"2023-02-18T08:42:14","date_gmt":"2023-02-18T08:42:14","guid":{"rendered":"https:\/\/bybatt.com\/?post_type=product&#038;p=316"},"modified":"2023-03-05T16:19:15","modified_gmt":"2023-03-05T16:19:15","slug":"lifepo4-tesla-powerwall-lithium-battery-for-solar-system","status":"publish","type":"product","link":"https:\/\/bybatt.com\/es\/producto\/lifepo4-tesla-powerwall-lithium-battery-for-solar-system\/","title":{"rendered":"Bater\u00eda de litio LiFePO4 Tesla Powerwall para sistema solar"},"content":{"rendered":"","protected":false},"excerpt":{"rendered":"<p>La bater\u00eda de litio LiFePO4 Tesla Powerwall est\u00e1 dise\u00f1ada para su uso en sistemas solares y viene en varias opciones de capacidad: 48V 50Ah, 48V 100Ah, 48V 150Ah y 48V 200Ah. La bater\u00eda tiene una capacidad de energ\u00eda m\u00e1xima de 2,56 KWH, 5,12 KWH, 7,68 KWH y 10,24 KWH, respectivamente, y puede proporcionar una potencia de salida m\u00e1xima de 2560 W, 5120 W, 7680 W y 10240 W, respectivamente.<br \/>\nLa bater\u00eda est\u00e1 fabricada con celdas 100% nuevas y tiene una larga vida \u00fatil, con un ciclo de vida nominal de 6000 ciclos a una profundidad de descarga de 80% y una temperatura de 25 \u00b0C. Se puede almacenar hasta por 5 meses a una temperatura de 25\u00b0C, 3 meses a 35\u00b0C y 1 mes a 45\u00b0C. La bater\u00eda est\u00e1 dise\u00f1ada para funcionar a temperaturas que oscilan entre -20 \u00b0C y 60 \u00b0C, con una humedad relativa de 60+\/-25%. Las dimensiones de la bater\u00eda son 360 mm x 140 mm x 570 mm (largo x ancho x alto).<br \/>\nEn general, esta bater\u00eda de litio LiFePO4 Tesla Powerwall es una soluci\u00f3n de alto rendimiento, duradera y confiable para alimentar sistemas solares, y es capaz de proporcionar un almacenamiento de energ\u00eda sustancial y una salida de energ\u00eda durante per\u00edodos prolongados.<\/p>","protected":false},"featured_media":317,"template":"","meta":{"_kad_post_transparent":"default","_kad_post_title":"","_kad_post_layout":"default","_kad_post_sidebar_id":"","_kad_post_content_style":"default","_kad_post_vertical_padding":"default","_kad_post_feature":"","_kad_post_feature_position":"","_kad_post_header":false,"_kad_post_footer":false},"product_cat":[25,27],"product_tag":[157,68,158,159,156],"class_list":["post-316","product","type-product","status-publish","has-post-thumbnail","hentry","product_cat-home-storage-battery","product_cat-home-battery-powerwall","product_tag-6000-cycles-80-dod-lifepo4-48v-100ah-5kwh-powerwall","product_tag-lifepo4-lithium-battery","product_tag-power-wall-lithium-battery","product_tag-tesla-powerwall-alternative","product_tag-tesla-powerwall-lithium-battery","entry","content-bg","loop-entry"],"_links":{"self":[{"href":"https:\/\/bybatt.com\/es\/wp-json\/wp\/v2\/product\/316","targetHints":{"allow":["GET"]}}],"collection":[{"href":"https:\/\/bybatt.com\/es\/wp-json\/wp\/v2\/product"}],"about":[{"href":"https:\/\/bybatt.com\/es\/wp-json\/wp\/v2\/types\/product"}],"wp:featuredmedia":[{"embeddable":true,"href":"https:\/\/bybatt.com\/es\/wp-json\/wp\/v2\/media\/317"}],"wp:attachment":[{"href":"https:\/\/bybatt.com\/es\/wp-json\/wp\/v2\/media?parent=316"}],"wp:term":[{"taxonomy":"product_cat","embeddable":true,"href":"https:\/\/bybatt.com\/es\/wp-json\/wp\/v2\/product_cat?post=316"},{"taxonomy":"product_tag","embeddable":true,"href":"https:\/\/bybatt.com\/es\/wp-json\/wp\/v2\/product_tag?post=316"}],"curies":[{"name":"wp","href":"https:\/\/api.w.org\/{rel}","templated":true}]}}