{"id":324,"date":"2023-02-18T08:53:52","date_gmt":"2023-02-18T08:53:52","guid":{"rendered":"https:\/\/bybatt.com\/?post_type=product&#038;p=324"},"modified":"2023-02-18T09:02:35","modified_gmt":"2023-02-18T09:02:35","slug":"powerwall-lifepo4-battery-off-grid-energy-storage-system","status":"publish","type":"product","link":"https:\/\/bybatt.com\/es\/producto\/powerwall-lifepo4-battery-off-grid-energy-storage-system\/","title":{"rendered":"Sistema de almacenamiento de energ\u00eda fuera de la red con bater\u00eda Powerwall LiFePO4"},"content":{"rendered":"","protected":false},"excerpt":{"rendered":"<p>El sistema de almacenamiento de energ\u00eda fuera de la red con bater\u00eda Powerwall LiFePO4 es un sistema de bater\u00eda recargable dise\u00f1ado para el almacenamiento de energ\u00eda fuera de la red. Utiliza c\u00e9lulas LiFePO4 que son 100% nuevas y son conocidas por su alta densidad de energ\u00eda, ciclo de vida prolongado y seguridad. El sistema de bater\u00eda viene en cuatro capacidades diferentes: 24 V\/100 AH, 48 V\/50 AH, 48 V\/100 AH y 48 V\/200 AH.<br \/>\nLas dimensiones de las bater\u00edas var\u00edan seg\u00fan la capacidad, la bater\u00eda m\u00e1s peque\u00f1a (24V100AH) mide 400*110*520 mm y la bater\u00eda m\u00e1s grande (48V200AH) mide 540*200*950 mm. El peso tambi\u00e9n var\u00eda seg\u00fan la capacidad, la bater\u00eda m\u00e1s peque\u00f1a pesa 24 kg y la bater\u00eda m\u00e1s grande pesa 45 kg.<br \/>\nEl sistema de bater\u00eda tiene un ciclo de vida de 5000 ciclos, lo que significa que puede cargarse y descargarse hasta 5000 veces antes de que comience a degradarse. Esto lo convierte en una soluci\u00f3n ideal para el almacenamiento de energ\u00eda fuera de la red, ya que puede proporcionar energ\u00eda confiable durante mucho tiempo.<br \/>\nEn general, el sistema de almacenamiento de energ\u00eda fuera de la red de bater\u00eda Powerwall LiFePO4 es un sistema de bater\u00eda confiable, duradero y de alta calidad que puede proporcionar energ\u00eda para una variedad de aplicaciones fuera de la red.<\/p>","protected":false},"featured_media":326,"template":"","meta":{"_kad_post_transparent":"default","_kad_post_title":"","_kad_post_layout":"default","_kad_post_sidebar_id":"","_kad_post_content_style":"default","_kad_post_vertical_padding":"default","_kad_post_feature":"","_kad_post_feature_position":"","_kad_post_header":false,"_kad_post_footer":false},"product_cat":[25,27],"product_tag":[164,161,163,165,160,162],"class_list":["post-324","product","type-product","status-publish","has-post-thumbnail","hentry","product_cat-home-storage-battery","product_cat-home-battery-powerwall","product_tag-5kwh-wall-mounted-lithium-battery","product_tag-battery-energy-storage-solutions","product_tag-lifepo4-48v-100ah","product_tag-lithium-power-wall-lifepo4","product_tag-powerwall-lifepo4-battery","product_tag-solar-battery","entry","content-bg","loop-entry"],"_links":{"self":[{"href":"https:\/\/bybatt.com\/es\/wp-json\/wp\/v2\/product\/324","targetHints":{"allow":["GET"]}}],"collection":[{"href":"https:\/\/bybatt.com\/es\/wp-json\/wp\/v2\/product"}],"about":[{"href":"https:\/\/bybatt.com\/es\/wp-json\/wp\/v2\/types\/product"}],"wp:featuredmedia":[{"embeddable":true,"href":"https:\/\/bybatt.com\/es\/wp-json\/wp\/v2\/media\/326"}],"wp:attachment":[{"href":"https:\/\/bybatt.com\/es\/wp-json\/wp\/v2\/media?parent=324"}],"wp:term":[{"taxonomy":"product_cat","embeddable":true,"href":"https:\/\/bybatt.com\/es\/wp-json\/wp\/v2\/product_cat?post=324"},{"taxonomy":"product_tag","embeddable":true,"href":"https:\/\/bybatt.com\/es\/wp-json\/wp\/v2\/product_tag?post=324"}],"curies":[{"name":"wp","href":"https:\/\/api.w.org\/{rel}","templated":true}]}}