{"id":346,"date":"2023-02-18T10:26:58","date_gmt":"2023-02-18T10:26:58","guid":{"rendered":"https:\/\/bybatt.com\/?post_type=product&#038;p=346"},"modified":"2023-02-18T11:03:04","modified_gmt":"2023-02-18T11:03:04","slug":"best-lithium-custom-portable-solar-generator-power-station","status":"publish","type":"product","link":"https:\/\/bybatt.com\/es\/producto\/best-lithium-custom-portable-solar-generator-power-station\/","title":{"rendered":"La mejor central el\u00e9ctrica de generador solar port\u00e1til personalizado de litio"},"content":{"rendered":"","protected":false},"excerpt":{"rendered":"<p>Presentamos nuestra mejor estaci\u00f3n de energ\u00eda con generador solar port\u00e1til personalizado de litio, una soluci\u00f3n de energ\u00eda confiable y vers\u00e1til para sus necesidades de energ\u00eda al aire libre y de emergencia. Nuestra central el\u00e9ctrica est\u00e1 equipada con celdas de litio de alta calidad que son 100% completamente nuevas, lo que garantiza un rendimiento duradero y estable.<br \/>\nCon una gran capacidad de 249600 mAh\/923,52 Wh, nuestra central el\u00e9ctrica es capaz de alimentar varios dispositivos simult\u00e1neamente. Cuenta con una entrada de 12-24V\/6A y se puede cargar completamente en 7-8 horas. La central el\u00e9ctrica tambi\u00e9n admite carga solar, con una entrada m\u00e1xima de 18-23 V\/100 W, lo que la hace ideal para actividades al aire libre.<br \/>\nLa central el\u00e9ctrica viene con varios puertos de salida, incluidos 2 puertos USB (5 V\/3 A, 9 V\/2,5 A, 12 V\/2 A), 1 puerto tipo C (5 V\/9 V\/15 V 20 V\/3 A) con salida unidireccional de PD 60 W, 1 Puerto tipo C (5 V\/9 V\/15 V 20 V\/3 A) con salida bidireccional de 60 W PD, 2 puertos de CC (12 V\/10 A) y 1 puerto para encendedor de cigarrillos (12 V\/10 A). Adem\u00e1s, la estaci\u00f3n de energ\u00eda admite carga inal\u00e1mbrica con una salida de 15 W y una salida continua de CA de 1000 W con tecnolog\u00eda de onda negra pura.<br \/>\nLa estaci\u00f3n de energ\u00eda cuenta con una pantalla LCD que muestra la vida \u00fatil restante de la bater\u00eda y el estado de salida de energ\u00eda, lo que le permite controlar f\u00e1cilmente el rendimiento de la estaci\u00f3n de energ\u00eda. Tiene un dise\u00f1o compacto y duradero con unas dimensiones de 328*238*285 mm, lo que facilita su transporte y almacenamiento.<br \/>\nNuestra estaci\u00f3n de energ\u00eda viene con un cargador adaptador de 150 W, lo que le permite recargar la estaci\u00f3n de energ\u00eda de manera eficiente. Invierta en nuestra mejor estaci\u00f3n de energ\u00eda con generador solar port\u00e1til personalizado de litio, y nunca tendr\u00e1 que preocuparse por quedarse sin energ\u00eda durante sus aventuras al aire libre o emergencias.<\/p>","protected":false},"featured_media":347,"template":"","meta":{"_kad_post_transparent":"default","_kad_post_title":"","_kad_post_layout":"default","_kad_post_sidebar_id":"","_kad_post_content_style":"default","_kad_post_vertical_padding":"default","_kad_post_feature":"","_kad_post_feature_position":"","_kad_post_header":false,"_kad_post_footer":false},"product_cat":[25,26],"product_tag":[180,179,177,175,181,176,178],"class_list":["post-346","product","type-product","status-publish","has-post-thumbnail","hentry","product_cat-home-storage-battery","product_cat-portable-power-station","product_tag-110v-240v-700watt-ac-outlet-12v-car-usb-output","product_tag-bluetti-rechargeable-lithium-battery-pack-station","product_tag-portable-power-stations","product_tag-portable-solar-generator","product_tag-portable-solar-generator-lithium-ion-battery-500-watt","product_tag-protable-solar-power-generator","product_tag-solar-generators","entry","content-bg","loop-entry"],"_links":{"self":[{"href":"https:\/\/bybatt.com\/es\/wp-json\/wp\/v2\/product\/346","targetHints":{"allow":["GET"]}}],"collection":[{"href":"https:\/\/bybatt.com\/es\/wp-json\/wp\/v2\/product"}],"about":[{"href":"https:\/\/bybatt.com\/es\/wp-json\/wp\/v2\/types\/product"}],"wp:featuredmedia":[{"embeddable":true,"href":"https:\/\/bybatt.com\/es\/wp-json\/wp\/v2\/media\/347"}],"wp:attachment":[{"href":"https:\/\/bybatt.com\/es\/wp-json\/wp\/v2\/media?parent=346"}],"wp:term":[{"taxonomy":"product_cat","embeddable":true,"href":"https:\/\/bybatt.com\/es\/wp-json\/wp\/v2\/product_cat?post=346"},{"taxonomy":"product_tag","embeddable":true,"href":"https:\/\/bybatt.com\/es\/wp-json\/wp\/v2\/product_tag?post=346"}],"curies":[{"name":"wp","href":"https:\/\/api.w.org\/{rel}","templated":true}]}}