{"id":354,"date":"2023-02-18T14:14:30","date_gmt":"2023-02-18T14:14:30","guid":{"rendered":"https:\/\/bybatt.com\/?post_type=product&#038;p=354"},"modified":"2023-02-18T14:30:29","modified_gmt":"2023-02-18T14:30:29","slug":"multi-function-lithium-portable-power-station-solar-generator","status":"publish","type":"product","link":"https:\/\/bybatt.com\/es\/producto\/multi-function-lithium-portable-power-station-solar-generator\/","title":{"rendered":"Generador solar de estaci\u00f3n de energ\u00eda port\u00e1til de litio multifunci\u00f3n"},"content":{"rendered":"","protected":false},"excerpt":{"rendered":"<p>El generador solar de estaci\u00f3n de energ\u00eda port\u00e1til de litio multifunci\u00f3n es una fuente de energ\u00eda vers\u00e1til y de alta capacidad dise\u00f1ada para su uso en diversos entornos. Cuenta con una nueva bater\u00eda 100% con una capacidad de 208800 mAh a 3,7 V, que proporciona un total de 772 vatios-hora (WH) de potencia.<br \/>\nLa central el\u00e9ctrica se puede cargar en 7-8 horas con una entrada de 25,2 V\/5 A, o mediante carga solar con una entrada m\u00e1xima de 18-23 V\/100 W. La estaci\u00f3n de energ\u00eda tambi\u00e9n viene con varios puertos de salida, incluidos 3 puertos USB con capacidad de carga r\u00e1pida QC3.0, 1 puerto tipo C con capacidad de carga PD de 60 W, 2 puertos de CC con salida de 14,4 V\/7 A y 1 puerto para encendedor de cigarrillos con 14,4 Salida V\/7A.<br \/>\nAdem\u00e1s de sus puertos de salida de CC, la central el\u00e9ctrica tambi\u00e9n tiene una salida continua de CA de onda negra pura de 1000 W con opciones de salida de voltaje de 110 (100-120)\/230 (220-240) V. La central el\u00e9ctrica cuenta con una pantalla indicadora de energ\u00eda LCD y tiene un tama\u00f1o compacto de 334*167*204 mm, lo que facilita su transporte y almacenamiento.<br \/>\nEn general, el generador solar de estaci\u00f3n de energ\u00eda port\u00e1til de litio multifunci\u00f3n es una fuente de energ\u00eda confiable y eficiente que se puede usar para varias aplicaciones, incluidas aventuras al aire libre, energ\u00eda de respaldo de emergencia y m\u00e1s.<\/p>","protected":false},"featured_media":355,"template":"","meta":{"_kad_post_transparent":"default","_kad_post_title":"","_kad_post_layout":"default","_kad_post_sidebar_id":"","_kad_post_content_style":"default","_kad_post_vertical_padding":"default","_kad_post_feature":"","_kad_post_feature_position":"","_kad_post_header":false,"_kad_post_footer":false},"product_cat":[25,26],"product_tag":[186,185,184,182,188,183,176,187],"class_list":["post-354","product","type-product","status-publish","has-post-thumbnail","hentry","product_cat-home-storage-battery","product_cat-portable-power-station","product_tag-1000w-solar-power-generator","product_tag-2000wh-portable-acdc-power-station-outdoor","product_tag-generator-solar-charging-banks","product_tag-portable-power-station","product_tag-portable-power-station-manufacturer","product_tag-power-station-with-solar-panels","product_tag-protable-solar-power-generator","product_tag-solar-power-generator","entry","content-bg","loop-entry"],"_links":{"self":[{"href":"https:\/\/bybatt.com\/es\/wp-json\/wp\/v2\/product\/354","targetHints":{"allow":["GET"]}}],"collection":[{"href":"https:\/\/bybatt.com\/es\/wp-json\/wp\/v2\/product"}],"about":[{"href":"https:\/\/bybatt.com\/es\/wp-json\/wp\/v2\/types\/product"}],"wp:featuredmedia":[{"embeddable":true,"href":"https:\/\/bybatt.com\/es\/wp-json\/wp\/v2\/media\/355"}],"wp:attachment":[{"href":"https:\/\/bybatt.com\/es\/wp-json\/wp\/v2\/media?parent=354"}],"wp:term":[{"taxonomy":"product_cat","embeddable":true,"href":"https:\/\/bybatt.com\/es\/wp-json\/wp\/v2\/product_cat?post=354"},{"taxonomy":"product_tag","embeddable":true,"href":"https:\/\/bybatt.com\/es\/wp-json\/wp\/v2\/product_tag?post=354"}],"curies":[{"name":"wp","href":"https:\/\/api.w.org\/{rel}","templated":true}]}}