{"id":361,"date":"2023-02-18T14:32:26","date_gmt":"2023-02-18T14:32:26","guid":{"rendered":"https:\/\/bybatt.com\/?post_type=product&#038;p=361"},"modified":"2023-03-05T16:18:35","modified_gmt":"2023-03-05T16:18:35","slug":"portable-power-station-solar-generator-manufacturer-in-china","status":"publish","type":"product","link":"https:\/\/bybatt.com\/es\/producto\/portable-power-station-solar-generator-manufacturer-in-china\/","title":{"rendered":"Fabricante de generador solar de estaci\u00f3n de energ\u00eda port\u00e1til en China"},"content":{"rendered":"","protected":false},"excerpt":{"rendered":"<p>Este generador solar de estaci\u00f3n de energ\u00eda port\u00e1til es una fuente de energ\u00eda confiable y eficiente dise\u00f1ada para actividades al aire libre o situaciones de emergencia. Est\u00e1 fabricado en China y est\u00e1 hecho con nuevas celdas 100% para un rendimiento duradero.<br \/>\nLa capacidad de la bater\u00eda es de 83200 mAh con un voltaje de 3,7 V y una capacidad de energ\u00eda total de 300 WH. La entrada necesaria para la carga es de 16,8 V\/5 A y tarda de 5 a 6 horas en cargarse por completo. Esta central el\u00e9ctrica tambi\u00e9n tiene capacidad de carga solar con un rango de entrada de 18-23 V\/100 W m\u00e1x.<br \/>\nCuenta con varias salidas de CC que incluyen 2x USB (5V\/9V\/2A, \/12V\/1.5A con QC3.0), 1x Type-C (5V\/9V\/15V20V\/3A) PD 60W, 2x DC12V\/10A y 1x cigarrillo m\u00e1s ligero (14.4V\/10A). Adem\u00e1s, la central el\u00e9ctrica tiene una salida continua de CA de onda negra pura de 300 W con una salida de voltaje de CA de 110 (100-120)\/230 (220-240) V, frecuencia de salida de CA de 50 Hz\/60 Hz\u00b15%.<br \/>\nLa central el\u00e9ctrica est\u00e1 equipada con una pantalla LCD indicadora de potencia para un f\u00e1cil control y tiene un tama\u00f1o compacto de 270*154*242 mm. La estaci\u00f3n de energ\u00eda viene con un adaptador de 80W para cargar. En general, este generador solar de estaci\u00f3n de energ\u00eda port\u00e1til es una fuente de energ\u00eda vers\u00e1til y de alta calidad que es adecuada para diversas situaciones al aire libre y de emergencia.<\/p>","protected":false},"featured_media":362,"template":"","meta":{"_kad_post_transparent":"default","_kad_post_title":"","_kad_post_layout":"default","_kad_post_sidebar_id":"","_kad_post_content_style":"default","_kad_post_vertical_padding":"default","_kad_post_feature":"","_kad_post_feature_position":"","_kad_post_header":false,"_kad_post_footer":false},"product_cat":[25,26],"product_tag":[191,192,190,182,197,199,195,196,194,188,198,193,189],"class_list":["post-361","product","type-product","status-publish","has-post-thumbnail","hentry","product_cat-home-storage-battery","product_cat-portable-power-station","product_tag-300w-power-station","product_tag-500w-power-station","product_tag-lifepo4-power-station","product_tag-portable-power-station","product_tag-portable-power-station-brand","product_tag-portable-power-station-camping","product_tag-portable-power-station-europe","product_tag-portable-power-station-factory","product_tag-portable-power-station-germany","product_tag-portable-power-station-manufacturer","product_tag-portable-power-station-market","product_tag-portable-power-station-usa","product_tag-power-station","entry","content-bg","loop-entry"],"_links":{"self":[{"href":"https:\/\/bybatt.com\/es\/wp-json\/wp\/v2\/product\/361","targetHints":{"allow":["GET"]}}],"collection":[{"href":"https:\/\/bybatt.com\/es\/wp-json\/wp\/v2\/product"}],"about":[{"href":"https:\/\/bybatt.com\/es\/wp-json\/wp\/v2\/types\/product"}],"wp:featuredmedia":[{"embeddable":true,"href":"https:\/\/bybatt.com\/es\/wp-json\/wp\/v2\/media\/362"}],"wp:attachment":[{"href":"https:\/\/bybatt.com\/es\/wp-json\/wp\/v2\/media?parent=361"}],"wp:term":[{"taxonomy":"product_cat","embeddable":true,"href":"https:\/\/bybatt.com\/es\/wp-json\/wp\/v2\/product_cat?post=361"},{"taxonomy":"product_tag","embeddable":true,"href":"https:\/\/bybatt.com\/es\/wp-json\/wp\/v2\/product_tag?post=361"}],"curies":[{"name":"wp","href":"https:\/\/api.w.org\/{rel}","templated":true}]}}