{"id":369,"date":"2023-02-18T14:44:28","date_gmt":"2023-02-18T14:44:28","guid":{"rendered":"https:\/\/bybatt.com\/?post_type=product&#038;p=369"},"modified":"2023-02-18T14:56:30","modified_gmt":"2023-02-18T14:56:30","slug":"catl-prismatic-3-2v-300ah-lithium-lifepo4-battery-cells","status":"publish","type":"product","link":"https:\/\/bybatt.com\/es\/producto\/catl-prismatic-3-2v-300ah-lithium-lifepo4-battery-cells\/","title":{"rendered":"CATL Prismatic 3.2V 300AH C\u00e9lulas de bater\u00eda de litio LiFePO4"},"content":{"rendered":"","protected":false},"excerpt":{"rendered":"<p>Las celdas de bater\u00eda CATL Prismatic 3.2V 300AH Lithium LiFePO4 son celdas de grado solar de alta calidad dise\u00f1adas para construir bancos de energ\u00eda para caravanas, veh\u00edculos recreativos, autocaravanas o conversiones de veh\u00edculos el\u00e9ctricos. Estas nuevas celdas no est\u00e1n hechas de materiales reciclados, lo que garantiza su longevidad y confiabilidad.<br \/>\nCada celda mide 174 de ancho x 208 de alto x 72 de profundidad (mm) y pesa 5,4 kg. Tienen casi la mitad del peso de las bater\u00edas AGM o de plomo-\u00e1cido y ofrecen ciclos de carga m\u00e1s altos, lo que las convierte en una opci\u00f3n ideal para los sistemas de energ\u00eda renovable.<br \/>\nTenga en cuenta que se trata de una sola celda de 3,2 V, y para crear una bater\u00eda de 12 V, deber\u00e1 conectar cuatro celdas en serie u ocho celdas para un sistema de 24 V. Para garantizar la seguridad y la longevidad, es esencial utilizar un BMS (Sistema de gesti\u00f3n de bater\u00eda) con un sensor de temperatura al conectar las celdas en serie.<br \/>\nSi est\u00e1 interesado en comprar un paquete de bater\u00edas compatibles, ofrecemos sistemas de 12 V, 24 V, 36 V y 48 V con BMS, ya sea por separado o como un paquete. Elija el paquete que mejor se adapte a sus necesidades para construir un banco de energ\u00eda confiable y eficiente para su sistema de energ\u00eda renovable.<\/p>","protected":false},"featured_media":370,"template":"","meta":{"_kad_post_transparent":"default","_kad_post_title":"","_kad_post_layout":"default","_kad_post_sidebar_id":"","_kad_post_content_style":"default","_kad_post_vertical_padding":"default","_kad_post_feature":"","_kad_post_feature_position":"","_kad_post_header":false,"_kad_post_footer":false},"product_cat":[24],"product_tag":[204,205,200,109,203,201,202],"class_list":["post-369","product","type-product","status-publish","has-post-thumbnail","hentry","product_cat-battery-cell","product_tag-catl-3-2v-300ah","product_tag-lifepo4-battery-cell","product_tag-lifepo4-battery-cells","product_tag-lifepo4-battery-pack","product_tag-lifepo4-cells","product_tag-lifepo4-prismatic-cells","product_tag-lithium-battery-cells","entry","content-bg","loop-entry"],"_links":{"self":[{"href":"https:\/\/bybatt.com\/es\/wp-json\/wp\/v2\/product\/369","targetHints":{"allow":["GET"]}}],"collection":[{"href":"https:\/\/bybatt.com\/es\/wp-json\/wp\/v2\/product"}],"about":[{"href":"https:\/\/bybatt.com\/es\/wp-json\/wp\/v2\/types\/product"}],"wp:featuredmedia":[{"embeddable":true,"href":"https:\/\/bybatt.com\/es\/wp-json\/wp\/v2\/media\/370"}],"wp:attachment":[{"href":"https:\/\/bybatt.com\/es\/wp-json\/wp\/v2\/media?parent=369"}],"wp:term":[{"taxonomy":"product_cat","embeddable":true,"href":"https:\/\/bybatt.com\/es\/wp-json\/wp\/v2\/product_cat?post=369"},{"taxonomy":"product_tag","embeddable":true,"href":"https:\/\/bybatt.com\/es\/wp-json\/wp\/v2\/product_tag?post=369"}],"curies":[{"name":"wp","href":"https:\/\/api.w.org\/{rel}","templated":true}]}}