{"id":377,"date":"2023-02-18T15:00:20","date_gmt":"2023-02-18T15:00:20","guid":{"rendered":"https:\/\/bybatt.com\/?post_type=product&#038;p=377"},"modified":"2023-02-18T15:08:03","modified_gmt":"2023-02-18T15:08:03","slug":"exliporc-21700-3-7v-rechargeable-li-ion-batteries-cells","status":"publish","type":"product","link":"https:\/\/bybatt.com\/es\/producto\/exliporc-21700-3-7v-rechargeable-li-ion-batteries-cells\/","title":{"rendered":"C\u00e9lulas de bater\u00edas de iones de litio recargables Exliporc 21700 3.7V"},"content":{"rendered":"","protected":false},"excerpt":{"rendered":"<p>Las celdas de bater\u00edas de iones de litio recargables Exliporc 21700 de 3,7 V son bater\u00edas de iones de litio recargables de alta calidad dise\u00f1adas para proporcionar energ\u00eda confiable para una amplia gama de aplicaciones. Con un peso neto de 70 gy unas dimensiones de 21 x 70 mm, estas bater\u00edas son compactas y f\u00e1ciles de transportar.<br \/>\nLas bater\u00edas tienen una gran capacidad nominal de 5000 mAh, lo que les permite proporcionar energ\u00eda de larga duraci\u00f3n para sus dispositivos. Tambi\u00e9n tienen un voltaje nominal de 3,7 V, lo que los hace adecuados para una variedad de dispositivos electr\u00f3nicos que requieren una fuente de alimentaci\u00f3n estable y confiable.<br \/>\nUna de las caracter\u00edsticas clave de estas bater\u00edas es su tasa de descarga de 3C, lo que significa que pueden ofrecer una salida de alta corriente para una carga r\u00e1pida y un suministro de energ\u00eda eficiente. Esto los hace ideales para usar en dispositivos de alto rendimiento que requieren mucha energ\u00eda, como linternas, c\u00e1maras y otros dispositivos electr\u00f3nicos.<br \/>\nAdem\u00e1s de su alto rendimiento, estas bater\u00edas tambi\u00e9n son respetuosas con el medio ambiente, ya que son recargables y se pueden utilizar una y otra vez. Son f\u00e1ciles de usar y se pueden cargar con un cargador de bater\u00eda de iones de litio est\u00e1ndar.<\/p>","protected":false},"featured_media":378,"template":"","meta":{"_kad_post_transparent":"default","_kad_post_title":"","_kad_post_layout":"default","_kad_post_sidebar_id":"","_kad_post_content_style":"default","_kad_post_vertical_padding":"default","_kad_post_feature":"","_kad_post_feature_position":"","_kad_post_header":false,"_kad_post_footer":false},"product_cat":[24],"product_tag":[207,211,209,210,208,206],"class_list":["post-377","product","type-product","status-publish","has-post-thumbnail","hentry","product_cat-battery-cell","product_tag-21700-batteries","product_tag-21700-battery-pack","product_tag-21700-li-ion-rechargeable-battery-pack","product_tag-21700-lithium-battery-cells","product_tag-li-ion-2170-cells","product_tag-rechargeable-li-ion-batteries-cells","entry","content-bg","loop-entry"],"_links":{"self":[{"href":"https:\/\/bybatt.com\/es\/wp-json\/wp\/v2\/product\/377","targetHints":{"allow":["GET"]}}],"collection":[{"href":"https:\/\/bybatt.com\/es\/wp-json\/wp\/v2\/product"}],"about":[{"href":"https:\/\/bybatt.com\/es\/wp-json\/wp\/v2\/types\/product"}],"wp:featuredmedia":[{"embeddable":true,"href":"https:\/\/bybatt.com\/es\/wp-json\/wp\/v2\/media\/378"}],"wp:attachment":[{"href":"https:\/\/bybatt.com\/es\/wp-json\/wp\/v2\/media?parent=377"}],"wp:term":[{"taxonomy":"product_cat","embeddable":true,"href":"https:\/\/bybatt.com\/es\/wp-json\/wp\/v2\/product_cat?post=377"},{"taxonomy":"product_tag","embeddable":true,"href":"https:\/\/bybatt.com\/es\/wp-json\/wp\/v2\/product_tag?post=377"}],"curies":[{"name":"wp","href":"https:\/\/api.w.org\/{rel}","templated":true}]}}