{"id":384,"date":"2023-02-18T15:17:32","date_gmt":"2023-02-18T15:17:32","guid":{"rendered":"https:\/\/bybatt.com\/?post_type=product&#038;p=384"},"modified":"2023-02-18T15:23:38","modified_gmt":"2023-02-18T15:23:38","slug":"3-7v-rechargeable-authentic-tesla-lithium-ion-battery-cells","status":"publish","type":"product","link":"https:\/\/bybatt.com\/es\/producto\/3-7v-rechargeable-authentic-tesla-lithium-ion-battery-cells\/","title":{"rendered":"C\u00e9lulas de bater\u00eda de iones de litio Tesla aut\u00e9nticas recargables de 3,7 V"},"content":{"rendered":"","protected":false},"excerpt":{"rendered":"<p>Las celdas de bater\u00eda de iones de litio Tesla aut\u00e9nticas recargables de 3,7 V son bater\u00edas de alta calidad dise\u00f1adas para su uso en una variedad de aplicaciones. Las celdas son 100% nuevas, lo que garantiza que est\u00e9n libres de defectos y que sean capaces de brindar un rendimiento confiable.<br \/>\nEstas celdas tienen un tama\u00f1o de 21700, midiendo 21 mm de di\u00e1metro y 70 mm de longitud, lo que las hace adecuadas para su uso en una amplia gama de dispositivos. Las celdas tienen un rango de voltaje de 3,7 V a 4,2 V, lo que permite la compatibilidad con una variedad de dispositivos que requieren diferentes niveles de voltaje.<br \/>\nLa capacidad de estas bater\u00edas es de 4400mAh, con una tolerancia de +\/- 5%. Esta alta capacidad garantiza que estas celdas puedan proporcionar energ\u00eda de larga duraci\u00f3n para sus dispositivos, lo que las hace ideales para aplicaciones que requieren una fuente de energ\u00eda confiable.<br \/>\nEstas celdas de bater\u00eda de iones de litio de Tesla son recargables, lo que las convierte en una opci\u00f3n rentable y respetuosa con el medio ambiente. Tambi\u00e9n est\u00e1n dise\u00f1ados para ser seguros y confiables, con funciones de protecci\u00f3n integradas que evitan la sobrecarga, la descarga excesiva y los cortocircuitos.<\/p>","protected":false},"featured_media":385,"template":"","meta":{"_kad_post_transparent":"default","_kad_post_title":"","_kad_post_layout":"default","_kad_post_sidebar_id":"","_kad_post_content_style":"default","_kad_post_vertical_padding":"default","_kad_post_feature":"","_kad_post_feature_position":"","_kad_post_header":false,"_kad_post_footer":false},"product_cat":[24],"product_tag":[218,212,217,214,219,215,213,216],"class_list":["post-384","product","type-product","status-publish","has-post-thumbnail","hentry","product_cat-battery-cell","product_tag-3-63v-lithium-li-ion-batteries-cell","product_tag-authentic-tesla-battery-cells","product_tag-brand-new-icr-18650-26j","product_tag-lithium-ion-battery-cells","product_tag-phosphate-battery-cells","product_tag-rechargeable-battery-cells","product_tag-tesla-battery-cells","product_tag-tesla-lithium-ion-battery-cells","entry","content-bg","loop-entry"],"_links":{"self":[{"href":"https:\/\/bybatt.com\/es\/wp-json\/wp\/v2\/product\/384","targetHints":{"allow":["GET"]}}],"collection":[{"href":"https:\/\/bybatt.com\/es\/wp-json\/wp\/v2\/product"}],"about":[{"href":"https:\/\/bybatt.com\/es\/wp-json\/wp\/v2\/types\/product"}],"wp:featuredmedia":[{"embeddable":true,"href":"https:\/\/bybatt.com\/es\/wp-json\/wp\/v2\/media\/385"}],"wp:attachment":[{"href":"https:\/\/bybatt.com\/es\/wp-json\/wp\/v2\/media?parent=384"}],"wp:term":[{"taxonomy":"product_cat","embeddable":true,"href":"https:\/\/bybatt.com\/es\/wp-json\/wp\/v2\/product_cat?post=384"},{"taxonomy":"product_tag","embeddable":true,"href":"https:\/\/bybatt.com\/es\/wp-json\/wp\/v2\/product_tag?post=384"}],"curies":[{"name":"wp","href":"https:\/\/api.w.org\/{rel}","templated":true}]}}