{"id":387,"date":"2023-02-18T15:28:18","date_gmt":"2023-02-18T15:28:18","guid":{"rendered":"https:\/\/bybatt.com\/?post_type=product&#038;p=387"},"modified":"2023-03-05T16:18:23","modified_gmt":"2023-03-05T16:18:23","slug":"3-2v-230ah-lifepo4-rechargeable-prismatic-battery-cells","status":"publish","type":"product","link":"https:\/\/bybatt.com\/es\/producto\/3-2v-230ah-lifepo4-rechargeable-prismatic-battery-cells\/","title":{"rendered":"C\u00e9lulas de bater\u00eda prism\u00e1ticas recargables de 3.2V 230AH LiFePO4"},"content":{"rendered":"","protected":false},"excerpt":{"rendered":"<div class=\"A3dMNc\" data-initial-text=\"\">Las celdas de bater\u00eda prism\u00e1ticas recargables LiFePO4 de 3.2V 230AH son una soluci\u00f3n de almacenamiento de energ\u00eda de alta calidad que ofrece una variedad de beneficios. Cada celda utilizada en las bater\u00edas es 100% nueva, lo que garantiza un rendimiento y una fiabilidad constantes. Estas bater\u00edas tambi\u00e9n son respetuosas con el medio ambiente y tienen una alta densidad de energ\u00eda, lo que significa que pueden proporcionar energ\u00eda duradera en un paquete compacto y liviano. Uno de los principales beneficios de estas bater\u00edas es su baja tasa de autodescarga, lo que garantiza que retengan su carga durante per\u00edodos de tiempo m\u00e1s prolongados. Tambi\u00e9n tienen una baja resistencia interna, lo que significa que pueden entregar energ\u00eda de manera r\u00e1pida y eficiente. Adem\u00e1s, las bater\u00edas tienen un ciclo de vida prolongado y se pueden cargar hasta 1000 veces sin experimentar ning\u00fan efecto memoria. Estas bater\u00edas tambi\u00e9n vienen con caracter\u00edsticas de seguridad integradas, como protecci\u00f3n contra cortocircuitos y altas temperaturas, lo que garantiza que sean seguras de usar en una variedad de entornos. Tienen tiempos de carga m\u00e1s r\u00e1pidos que otras tecnolog\u00edas de bater\u00eda, lo que los convierte en una opci\u00f3n ideal para aplicaciones que requieren tiempos de recarga r\u00e1pidos. Las bater\u00edas tambi\u00e9n tienen capacidad disponible 100%, lo que significa que los usuarios pueden confiar en la capacidad total de la bater\u00eda para sus necesidades energ\u00e9ticas. Adem\u00e1s, las bater\u00edas tienen un BMS de protecci\u00f3n de seguridad incorporado que ayuda a evitar problemas como la sobrecarga o la descarga excesiva.<\/div>","protected":false},"featured_media":388,"template":"","meta":{"_kad_post_transparent":"default","_kad_post_title":"","_kad_post_layout":"default","_kad_post_sidebar_id":"","_kad_post_content_style":"default","_kad_post_vertical_padding":"default","_kad_post_feature":"","_kad_post_feature_position":"","_kad_post_header":false,"_kad_post_footer":false},"product_cat":[24],"product_tag":[221,200,203,222,202,223,220,215,224],"class_list":["post-387","product","type-product","status-publish","has-post-thumbnail","hentry","product_cat-battery-cell","product_tag-deep-cycle-3-2v-230ah-lfp","product_tag-lifepo4-battery-cells","product_tag-lifepo4-cells","product_tag-lifepo4-inverter-lithium-iron","product_tag-lithium-battery-cells","product_tag-phosphate-battery-cells-200ah","product_tag-prismatic-battery-cells","product_tag-rechargeable-battery-cells","product_tag-rechargeable-power-wall-ebike-batteries","entry","content-bg","loop-entry"],"_links":{"self":[{"href":"https:\/\/bybatt.com\/es\/wp-json\/wp\/v2\/product\/387","targetHints":{"allow":["GET"]}}],"collection":[{"href":"https:\/\/bybatt.com\/es\/wp-json\/wp\/v2\/product"}],"about":[{"href":"https:\/\/bybatt.com\/es\/wp-json\/wp\/v2\/types\/product"}],"wp:featuredmedia":[{"embeddable":true,"href":"https:\/\/bybatt.com\/es\/wp-json\/wp\/v2\/media\/388"}],"wp:attachment":[{"href":"https:\/\/bybatt.com\/es\/wp-json\/wp\/v2\/media?parent=387"}],"wp:term":[{"taxonomy":"product_cat","embeddable":true,"href":"https:\/\/bybatt.com\/es\/wp-json\/wp\/v2\/product_cat?post=387"},{"taxonomy":"product_tag","embeddable":true,"href":"https:\/\/bybatt.com\/es\/wp-json\/wp\/v2\/product_tag?post=387"}],"curies":[{"name":"wp","href":"https:\/\/api.w.org\/{rel}","templated":true}]}}