{"id":393,"date":"2023-02-18T15:39:42","date_gmt":"2023-02-18T15:39:42","guid":{"rendered":"https:\/\/bybatt.com\/?post_type=product&#038;p=393"},"modified":"2023-02-19T08:22:15","modified_gmt":"2023-02-19T08:22:15","slug":"36v-48v-52v-electric-bike-lithium-battery-with-charger","status":"publish","type":"product","link":"https:\/\/bybatt.com\/es\/producto\/36v-48v-52v-electric-bike-lithium-battery-with-charger\/","title":{"rendered":"Bater\u00eda de litio para bicicleta el\u00e9ctrica de 36V 48V 52V con cargador"},"content":{"rendered":"","protected":false},"excerpt":{"rendered":"<div class=\"A3dMNc\" data-initial-text=\"\">La bater\u00eda de litio para bicicleta el\u00e9ctrica de 36V 48V 52V con cargador es una bater\u00eda de alta calidad dise\u00f1ada para alimentar bicicletas el\u00e9ctricas. La bater\u00eda utiliza nuevas celdas 100% Li(NiCoMn)O2 18650 y est\u00e1 disponible en opciones de voltaje nominal de 36V y 48V con opciones de capacidad nominal de 10-20ah. La carcasa exterior est\u00e1 hecha de aluminio, lo que la hace resistente y duradera.<br \/>\nLa bater\u00eda tiene unas dimensiones de 257150147 mm y pesa aproximadamente 3,5 kg\/4,5 kg. Viene con un cargador est\u00e1ndar que carga la bater\u00eda usando una corriente constante de 0.2C y un voltaje constante de 42V. La opci\u00f3n de carga r\u00e1pida utiliza una corriente constante de 0,5 CA.<br \/>\nLa tasa de descarga est\u00e1ndar de la bater\u00eda es una corriente constante de 0,2 C, con un voltaje final de 36,4 V. La bater\u00eda tiene una corriente de descarga continua de 20 A y una corriente de descarga m\u00e1xima de 60 A, lo que la hace capaz de entregar alta potencia cuando sea necesario.<br \/>\nLa bater\u00eda tiene un ciclo de vida de 500 veces con DOD80%, lo que significa que puede cargarse y descargarse hasta 500 veces mientras conserva 80% su capacidad original. La bater\u00eda tambi\u00e9n cuenta con una funci\u00f3n BMS que incluye protecci\u00f3n contra sobrecorriente, protecci\u00f3n contra sobredescarga, protecci\u00f3n contra sobrecarga, protecci\u00f3n contra cortocircuitos y equilibrio. Esto asegura que la bater\u00eda est\u00e9 protegida contra da\u00f1os y prolonga su vida \u00fatil.<br \/>\nLa bater\u00eda se puede almacenar en un rango de temperatura de -10-40 \u2103, con un rango de humedad relativa de 45-75% y un rango de presi\u00f3n de 86-106KPa. Esto lo hace adecuado para su uso en una variedad de entornos. En general, esta bater\u00eda es una opci\u00f3n confiable y de alto rendimiento para alimentar bicicletas el\u00e9ctricas.<\/div>","protected":false},"featured_media":394,"template":"","meta":{"_kad_post_transparent":"default","_kad_post_title":"","_kad_post_layout":"default","_kad_post_sidebar_id":"","_kad_post_content_style":"default","_kad_post_vertical_padding":"default","_kad_post_feature":"","_kad_post_feature_position":"","_kad_post_header":false,"_kad_post_footer":false},"product_cat":[19,22],"product_tag":[226,232,231,234,230,229,41,227,40,225,233,228],"class_list":["post-393","product","type-product","status-publish","has-post-thumbnail","hentry","product_cat-custom-ebike-battery","product_cat-rear-ebike-battery","product_tag-36v-10ah-lithium-battery","product_tag-36v-lithium-battery-for-electric-bikes","product_tag-48v-lithium-ion-battery-for-electric-bike","product_tag-e-bike-battery","product_tag-ebike-lithium-battery","product_tag-electric-bicycle-batteries","product_tag-electric-bicycle-battery","product_tag-electric-bike-14ah-24v-electric-bicycle-battery","product_tag-electric-bike-lithium-battery","product_tag-kangaroo-ebike-battery","product_tag-lithium-battery-for-motorcycle","product_tag-lithium-bicycle-battery","entry","content-bg","loop-entry"],"_links":{"self":[{"href":"https:\/\/bybatt.com\/es\/wp-json\/wp\/v2\/product\/393","targetHints":{"allow":["GET"]}}],"collection":[{"href":"https:\/\/bybatt.com\/es\/wp-json\/wp\/v2\/product"}],"about":[{"href":"https:\/\/bybatt.com\/es\/wp-json\/wp\/v2\/types\/product"}],"wp:featuredmedia":[{"embeddable":true,"href":"https:\/\/bybatt.com\/es\/wp-json\/wp\/v2\/media\/394"}],"wp:attachment":[{"href":"https:\/\/bybatt.com\/es\/wp-json\/wp\/v2\/media?parent=393"}],"wp:term":[{"taxonomy":"product_cat","embeddable":true,"href":"https:\/\/bybatt.com\/es\/wp-json\/wp\/v2\/product_cat?post=393"},{"taxonomy":"product_tag","embeddable":true,"href":"https:\/\/bybatt.com\/es\/wp-json\/wp\/v2\/product_tag?post=393"}],"curies":[{"name":"wp","href":"https:\/\/api.w.org\/{rel}","templated":true}]}}