{"id":400,"date":"2023-02-18T15:48:32","date_gmt":"2023-02-18T15:48:32","guid":{"rendered":"https:\/\/bybatt.com\/?post_type=product&#038;p=400"},"modified":"2023-02-19T08:21:52","modified_gmt":"2023-02-19T08:21:52","slug":"electric-bicycle-rear-rack-battery-pack-with-taillight","status":"publish","type":"product","link":"https:\/\/bybatt.com\/es\/producto\/electric-bicycle-rear-rack-battery-pack-with-taillight\/","title":{"rendered":"Paquete de bater\u00eda de rejilla trasera de bicicleta el\u00e9ctrica con luz trasera"},"content":{"rendered":"","protected":false},"excerpt":{"rendered":"<p>El paquete de bater\u00edas para portaequipajes trasero de bicicleta el\u00e9ctrica con luz trasera es un paquete de bater\u00edas recargables de iones de litio que est\u00e1 dise\u00f1ado para montarse en el portaequipajes trasero de una bicicleta el\u00e9ctrica. El paquete de bater\u00edas viene con una luz trasera incorporada para mayor seguridad durante los paseos nocturnos.<br \/>\nEl paquete de bater\u00edas utiliza 100% nuevas celdas Li(NiCoMn)O2 18650 y est\u00e1 disponible en dos opciones de voltaje: 36v y 48v. La capacidad nominal de la bater\u00eda oscila entre 10 y 20 ah. La carcasa exterior est\u00e1 hecha de aluminio, lo que brinda durabilidad y protecci\u00f3n contra los impactos y los elementos. Las dimensiones de la bater\u00eda son 257*150*147 mm y pesa aproximadamente 3,5 kg\/4,5 kg.<br \/>\nEl paquete de bater\u00edas se puede cargar mediante un m\u00e9todo de carga est\u00e1ndar o r\u00e1pido. La carga est\u00e1ndar involucra una corriente constante de 0.2C y un voltaje constante de 42V con un corte de 100mA. La carga r\u00e1pida involucra una corriente constante de 0.5CA y un voltaje constante de 42V con un corte de 100mA.<br \/>\nEl paquete de bater\u00edas tiene una corriente de descarga continua de 20 A y una corriente de descarga m\u00e1xima de 60 A, lo que significa que puede proporcionar altos niveles de potencia al motor el\u00e9ctrico de la bicicleta. El paquete de bater\u00edas tiene un ciclo de vida de 500 veces con DOD80%, lo que significa que puede recargarse y descargarse hasta 500 veces antes de que comience a degradarse significativamente.<br \/>\nEl paquete de bater\u00eda est\u00e1 equipado con un BMS (sistema de administraci\u00f3n de bater\u00eda) que brinda protecci\u00f3n contra sobrecorriente, sobredescarga, sobrecarga y cortocircuito. El BMS tambi\u00e9n ayuda a equilibrar las celdas individuales del paquete de bater\u00edas para garantizar que todas se carguen y descarguen por igual.<br \/>\nEl paquete de bater\u00edas se puede almacenar en un rango de temperatura de -10-40 \u2103 con una humedad relativa de 45-75% y un rango de presi\u00f3n de 86-106KPa. En general, el paquete de bater\u00eda para parrilla trasera de bicicleta el\u00e9ctrica con luz trasera es una fuente de energ\u00eda confiable y de alta calidad para bicicletas el\u00e9ctricas que brinda comodidad, seguridad y alto rendimiento.<\/p>","protected":false},"featured_media":401,"template":"","meta":{"_kad_post_transparent":"default","_kad_post_title":"","_kad_post_layout":"default","_kad_post_sidebar_id":"","_kad_post_content_style":"default","_kad_post_vertical_padding":"default","_kad_post_feature":"","_kad_post_feature_position":"","_kad_post_header":false,"_kad_post_footer":false},"product_cat":[19,22],"product_tag":[240,241,237,238,239,235,236],"class_list":["post-400","product","type-product","status-publish","has-post-thumbnail","hentry","product_cat-custom-ebike-battery","product_cat-rear-ebike-battery","product_tag-akku-48v-36v-20ah-ebike-battery","product_tag-battery-jceb360-13","product_tag-ebike-rear-rack-battery","product_tag-electric-bike-battery-with-rear-rack","product_tag-rear-rack-25-ah-lithium-ion-battery-pack","product_tag-rear-rack-battery","product_tag-rear-rack-ebike-battery","entry","content-bg","loop-entry"],"_links":{"self":[{"href":"https:\/\/bybatt.com\/es\/wp-json\/wp\/v2\/product\/400","targetHints":{"allow":["GET"]}}],"collection":[{"href":"https:\/\/bybatt.com\/es\/wp-json\/wp\/v2\/product"}],"about":[{"href":"https:\/\/bybatt.com\/es\/wp-json\/wp\/v2\/types\/product"}],"wp:featuredmedia":[{"embeddable":true,"href":"https:\/\/bybatt.com\/es\/wp-json\/wp\/v2\/media\/401"}],"wp:attachment":[{"href":"https:\/\/bybatt.com\/es\/wp-json\/wp\/v2\/media?parent=400"}],"wp:term":[{"taxonomy":"product_cat","embeddable":true,"href":"https:\/\/bybatt.com\/es\/wp-json\/wp\/v2\/product_cat?post=400"},{"taxonomy":"product_tag","embeddable":true,"href":"https:\/\/bybatt.com\/es\/wp-json\/wp\/v2\/product_tag?post=400"}],"curies":[{"name":"wp","href":"https:\/\/api.w.org\/{rel}","templated":true}]}}