{"id":407,"date":"2023-02-19T03:55:38","date_gmt":"2023-02-19T03:55:38","guid":{"rendered":"https:\/\/bybatt.com\/?post_type=product&#038;p=407"},"modified":"2023-02-19T08:21:27","modified_gmt":"2023-02-19T08:21:27","slug":"wholesale-24v-36v-48v-e-bike-rear-rack-lithium-ion-battery","status":"publish","type":"product","link":"https:\/\/bybatt.com\/es\/producto\/wholesale-24v-36v-48v-e-bike-rear-rack-lithium-ion-battery\/","title":{"rendered":"Venta al por mayor 24V 36V 48V E-Bike Rack trasero Bater\u00eda de iones de litio"},"content":{"rendered":"","protected":false},"excerpt":{"rendered":"<p>La bater\u00eda de iones de litio para bicicleta el\u00e9ctrica de 24 V, 36 V, 48 V al por mayor es una bater\u00eda de alta calidad dise\u00f1ada para bicicletas el\u00e9ctricas. Esta bater\u00eda utiliza celdas nuevas 100% con una qu\u00edmica de Li(NiCoMn)O2 18650. Tiene un voltaje nominal de 36V o 48V y una capacidad nominal de 10-20ah. La carcasa exterior est\u00e1 hecha de aluminio, lo que la hace resistente y duradera. Las dimensiones de la bater\u00eda son 257*150*147 mm y pesa aproximadamente 3,5 kg\/4,5 kg.<br \/>\nLa bater\u00eda se puede cargar usando una carga est\u00e1ndar de corriente constante 0.2C, voltaje constante 42V 100mA corte, o una carga r\u00e1pida de corriente constante 0.5CA, voltaje constante 42V 100mA corte. Se puede descargar usando una descarga est\u00e1ndar de corriente constante 0.2C\/voltaje final 36.4V. La bater\u00eda tiene una corriente de descarga continua de 20A y una corriente de descarga m\u00e1xima de 60A.<br \/>\nEsta bater\u00eda tiene un ciclo de vida de 500 veces con DOD80% e incluye un BMS (Sistema de administraci\u00f3n de bater\u00eda) con protecci\u00f3n contra sobrecorriente, protecci\u00f3n contra sobredescarga, protecci\u00f3n contra sobrecarga, protecci\u00f3n contra cortocircuito y funciones de equilibrio. La bater\u00eda se puede almacenar en un rango de temperatura de -10-40 \u2103 con una humedad relativa de 45-75% y una presi\u00f3n de 86-106KPa. Esta bater\u00eda es ideal para los entusiastas de las bicicletas el\u00e9ctricas que desean una fuente de energ\u00eda confiable y duradera para sus bicicletas el\u00e9ctricas.<\/p>","protected":false},"featured_media":408,"template":"","meta":{"_kad_post_transparent":"default","_kad_post_title":"","_kad_post_layout":"default","_kad_post_sidebar_id":"","_kad_post_content_style":"default","_kad_post_vertical_padding":"default","_kad_post_feature":"","_kad_post_feature_position":"","_kad_post_header":false,"_kad_post_footer":false},"product_cat":[19,22],"product_tag":[246,248,247,249,244,238,245,235,236,243,242],"class_list":["post-407","product","type-product","status-publish","has-post-thumbnail","hentry","product_cat-custom-ebike-battery","product_cat-rear-ebike-battery","product_tag-24v-battery-rack-mount","product_tag-24v-rear-rack-battery","product_tag-36v-rear-rack-battery","product_tag-48v-rear-rack-battery","product_tag-48volt-li-ion-e-bike-akku-ebike-rear-rack","product_tag-electric-bike-battery-with-rear-rack","product_tag-kangaroo-battery","product_tag-rear-rack-battery","product_tag-rear-rack-ebike-battery","product_tag-rear-rack-ebike-lithium-ion-battery","product_tag-rear-rack-lithium-ion-battery","entry","content-bg","loop-entry"],"_links":{"self":[{"href":"https:\/\/bybatt.com\/es\/wp-json\/wp\/v2\/product\/407","targetHints":{"allow":["GET"]}}],"collection":[{"href":"https:\/\/bybatt.com\/es\/wp-json\/wp\/v2\/product"}],"about":[{"href":"https:\/\/bybatt.com\/es\/wp-json\/wp\/v2\/types\/product"}],"wp:featuredmedia":[{"embeddable":true,"href":"https:\/\/bybatt.com\/es\/wp-json\/wp\/v2\/media\/408"}],"wp:attachment":[{"href":"https:\/\/bybatt.com\/es\/wp-json\/wp\/v2\/media?parent=407"}],"wp:term":[{"taxonomy":"product_cat","embeddable":true,"href":"https:\/\/bybatt.com\/es\/wp-json\/wp\/v2\/product_cat?post=407"},{"taxonomy":"product_tag","embeddable":true,"href":"https:\/\/bybatt.com\/es\/wp-json\/wp\/v2\/product_tag?post=407"}],"curies":[{"name":"wp","href":"https:\/\/api.w.org\/{rel}","templated":true}]}}