{"id":415,"date":"2023-02-19T07:37:27","date_gmt":"2023-02-19T07:37:27","guid":{"rendered":"https:\/\/bybatt.com\/?post_type=product&#038;p=415"},"modified":"2023-02-19T08:21:03","modified_gmt":"2023-02-19T08:21:03","slug":"100-new-cell-li-ion-e-bike-battery-mounted-on-rear-rack","status":"publish","type":"product","link":"https:\/\/bybatt.com\/es\/producto\/100-new-cell-li-ion-e-bike-battery-mounted-on-rear-rack\/","title":{"rendered":"Bater\u00eda de bicicleta el\u00e9ctrica de iones de litio de nueva celda 100% montada en la parrilla trasera"},"content":{"rendered":"","protected":false},"excerpt":{"rendered":"<p>La bater\u00eda de bicicleta el\u00e9ctrica de iones de litio New Cell 100% montada en el bastidor trasero es una bater\u00eda confiable y de alta calidad dise\u00f1ada para bicicletas el\u00e9ctricas. La bater\u00eda est\u00e1 fabricada con celdas nuevas 100% con una qu\u00edmica de Li(NiCoMn)O2 18650. Est\u00e1 disponible en dos voltajes nominales diferentes, 36v y 48v, y tiene una capacidad nominal de 10-20ah.<br \/>\nLa carcasa exterior de la bater\u00eda est\u00e1 hecha de aluminio duradero y sus dimensiones son 257*150*147 mm. La bater\u00eda se puede cargar con un m\u00e9todo de carga est\u00e1ndar, que implica una corriente constante de 0,2 C y un voltaje constante de 42 V, con un corte de 100 mA. Alternativamente, se puede usar un m\u00e9todo de carga r\u00e1pida, que involucra una corriente constante de 0.5CA, un voltaje constante de 42V y un corte de 100mA.<br \/>\nDurante el uso, la bater\u00eda se puede descargar utilizando una corriente constante de 0,2C hasta que el voltaje final alcance los 36,4V. La bater\u00eda pesa aproximadamente 3,5 kg\/4,5 kg y tiene una corriente de descarga continua de 20 A, con una corriente de descarga m\u00e1xima de 60 A. La bater\u00eda tiene un ciclo de vida de 500 veces con DOD80%.<br \/>\nLa bater\u00eda est\u00e1 equipada con un BMS (Sistema de gesti\u00f3n de bater\u00eda), que brinda protecci\u00f3n contra eventos de sobrecorriente, sobredescarga, sobrecarga y cortocircuito. Tambi\u00e9n tiene una funci\u00f3n de equilibrio para garantizar que todas las celdas de la bater\u00eda se carguen y descarguen de manera uniforme.<br \/>\nLa bater\u00eda tiene un rango de temperatura de almacenamiento de -10-40 \u2103, un rango de humedad relativa de 45-75% y un rango de presi\u00f3n de 86-106KPa. Esta bater\u00eda es una excelente opci\u00f3n para cualquiera que busque actualizar o reemplazar la bater\u00eda de su bicicleta el\u00e9ctrica actual.<\/p>","protected":false},"featured_media":416,"template":"","meta":{"_kad_post_transparent":"default","_kad_post_title":"","_kad_post_layout":"default","_kad_post_sidebar_id":"","_kad_post_content_style":"default","_kad_post_vertical_padding":"default","_kad_post_feature":"","_kad_post_feature_position":"","_kad_post_header":false,"_kad_post_footer":false},"product_cat":[19,22],"product_tag":[248,247,252,253,249,245,250,254,251],"class_list":["post-415","product","type-product","status-publish","has-post-thumbnail","hentry","product_cat-custom-ebike-battery","product_cat-rear-ebike-battery","product_tag-24v-rear-rack-battery","product_tag-36v-rear-rack-battery","product_tag-48-volt-rear-rack-electric-bicycle-battery","product_tag-48v-10ah-ebike-battery-with-carrier","product_tag-48v-rear-rack-battery","product_tag-kangaroo-battery","product_tag-li-ion-e-bike-battery","product_tag-rack-ebike-rear-rack","product_tag-rechargeable-lithium-ion","entry","content-bg","loop-entry"],"_links":{"self":[{"href":"https:\/\/bybatt.com\/es\/wp-json\/wp\/v2\/product\/415","targetHints":{"allow":["GET"]}}],"collection":[{"href":"https:\/\/bybatt.com\/es\/wp-json\/wp\/v2\/product"}],"about":[{"href":"https:\/\/bybatt.com\/es\/wp-json\/wp\/v2\/types\/product"}],"wp:featuredmedia":[{"embeddable":true,"href":"https:\/\/bybatt.com\/es\/wp-json\/wp\/v2\/media\/416"}],"wp:attachment":[{"href":"https:\/\/bybatt.com\/es\/wp-json\/wp\/v2\/media?parent=415"}],"wp:term":[{"taxonomy":"product_cat","embeddable":true,"href":"https:\/\/bybatt.com\/es\/wp-json\/wp\/v2\/product_cat?post=415"},{"taxonomy":"product_tag","embeddable":true,"href":"https:\/\/bybatt.com\/es\/wp-json\/wp\/v2\/product_tag?post=415"}],"curies":[{"name":"wp","href":"https:\/\/api.w.org\/{rel}","templated":true}]}}