{"id":422,"date":"2023-02-19T08:03:36","date_gmt":"2023-02-19T08:03:36","guid":{"rendered":"https:\/\/bybatt.com\/?post_type=product&#038;p=422"},"modified":"2023-02-19T08:20:43","modified_gmt":"2023-02-19T08:20:43","slug":"electric-bike-tricycle-lithium-battery-pack-rear-rack-type","status":"publish","type":"product","link":"https:\/\/bybatt.com\/es\/producto\/electric-bike-tricycle-lithium-battery-pack-rear-rack-type\/","title":{"rendered":"Triciclo de bicicleta el\u00e9ctrica Paquete de bater\u00eda de litio Tipo de bastidor trasero"},"content":{"rendered":"","protected":false},"excerpt":{"rendered":"<p>montado en el portaequipajes trasero de una bicicleta o triciclo. La bater\u00eda usa celdas 100% nuevas y tiene una qu\u00edmica de Li(NiCoMn)O2 18650. Viene en dos opciones de voltaje nominal: 36v y 48v, con una capacidad nominal de 10-20ah. La carcasa exterior de la bater\u00eda est\u00e1 hecha de aluminio y sus dimensiones son 257*150*147 mm.<br \/>\nLa bater\u00eda se puede cargar con una carga est\u00e1ndar de corriente constante 0.2C y voltaje constante 42V con un corte de 100mA o una carga r\u00e1pida de corriente constante 0.5CA, voltaje constante 42V con un corte de 100mA. Su tasa de descarga est\u00e1ndar es de corriente constante 0.2C, con un voltaje final de 36.4V. La bater\u00eda pesa aproximadamente 3,5 kg\/4,5 kg y tiene una corriente de descarga continua de 20 A y una corriente de descarga m\u00e1xima de 60 A.<br \/>\nLa bater\u00eda tiene un ciclo de vida de 500 veces con DOD80% e incluye la funcionalidad BMS (sistema de administraci\u00f3n de bater\u00eda) para brindar protecci\u00f3n contra sobrecorriente, protecci\u00f3n contra sobredescarga, protecci\u00f3n contra sobrecarga, protecci\u00f3n contra cortocircuito y equilibrio. La bater\u00eda se puede almacenar en un rango de temperatura de -10-40 \u2103, con una humedad relativa de 45-75% y una presi\u00f3n de 86-106KPa.<br \/>\nEn general, este paquete de bater\u00edas est\u00e1 dise\u00f1ado para ciclistas o triciclos el\u00e9ctricos que necesitan una fuente de energ\u00eda confiable que sea f\u00e1cil de montar y usar. Proporciona un alto nivel de rendimiento y seguridad, lo que lo convierte en una excelente opci\u00f3n para los entusiastas de las bicicletas el\u00e9ctricas o los triciclos.<\/p>","protected":false},"featured_media":424,"template":"","meta":{"_kad_post_transparent":"default","_kad_post_title":"","_kad_post_layout":"default","_kad_post_sidebar_id":"","_kad_post_content_style":"default","_kad_post_vertical_padding":"default","_kad_post_feature":"","_kad_post_feature_position":"","_kad_post_header":false,"_kad_post_footer":false},"product_cat":[19,22],"product_tag":[258,248,247,256,249,236,257,255],"class_list":["post-422","product","type-product","status-publish","has-post-thumbnail","hentry","product_cat-custom-ebike-battery","product_cat-rear-ebike-battery","product_tag-18650-lithium-ion-battery-pack","product_tag-24v-rear-rack-battery","product_tag-36v-rear-rack-battery","product_tag-48v-32ah-lithium-battery","product_tag-48v-rear-rack-battery","product_tag-rear-rack-ebike-battery","product_tag-recharge-storage-battery","product_tag-tricycle-lithium-battery-pack","entry","content-bg","loop-entry"],"_links":{"self":[{"href":"https:\/\/bybatt.com\/es\/wp-json\/wp\/v2\/product\/422","targetHints":{"allow":["GET"]}}],"collection":[{"href":"https:\/\/bybatt.com\/es\/wp-json\/wp\/v2\/product"}],"about":[{"href":"https:\/\/bybatt.com\/es\/wp-json\/wp\/v2\/types\/product"}],"wp:featuredmedia":[{"embeddable":true,"href":"https:\/\/bybatt.com\/es\/wp-json\/wp\/v2\/media\/424"}],"wp:attachment":[{"href":"https:\/\/bybatt.com\/es\/wp-json\/wp\/v2\/media?parent=422"}],"wp:term":[{"taxonomy":"product_cat","embeddable":true,"href":"https:\/\/bybatt.com\/es\/wp-json\/wp\/v2\/product_cat?post=422"},{"taxonomy":"product_tag","embeddable":true,"href":"https:\/\/bybatt.com\/es\/wp-json\/wp\/v2\/product_tag?post=422"}],"curies":[{"name":"wp","href":"https:\/\/api.w.org\/{rel}","templated":true}]}}