{"id":430,"date":"2023-02-19T08:26:22","date_gmt":"2023-02-19T08:26:22","guid":{"rendered":"https:\/\/bybatt.com\/?post_type=product&#038;p=430"},"modified":"2023-02-19T09:32:04","modified_gmt":"2023-02-19T09:32:04","slug":"customized-high-capacity-brand-new-e-bike-rack-battery","status":"publish","type":"product","link":"https:\/\/bybatt.com\/es\/producto\/customized-high-capacity-brand-new-e-bike-rack-battery\/","title":{"rendered":"Bater\u00eda de portabicicletas E nueva de alta capacidad personalizada"},"content":{"rendered":"","protected":false},"excerpt":{"rendered":"<p>Este producto es una nueva bater\u00eda de portabicicletas el\u00e9ctricas de alta capacidad que se puede personalizar para satisfacer necesidades espec\u00edficas. La bater\u00eda usa celdas 100% nuevas y tiene una qu\u00edmica de Li(NiCoMn)O2 18650. Tiene un voltaje nominal de 36v o 48v, y una capacidad nominal de 10-20ah. La carcasa exterior est\u00e1 hecha de aluminio y tiene unas dimensiones de 257*150*147 mm.<br \/>\nLa bater\u00eda se puede cargar de dos formas: carga est\u00e1ndar y carga r\u00e1pida. La carga est\u00e1ndar utiliza una corriente constante de 0,2 C, un voltaje constante de 42 V y un corte de 100 mA. La carga r\u00e1pida utiliza una corriente constante de 0,5 CA, un voltaje constante de 42 V y un corte de 100 mA.<br \/>\nCuando est\u00e1 en uso, la bater\u00eda tiene una corriente de descarga continua de 20 A y una corriente de descarga m\u00e1xima de 60 A. El ciclo de vida es de alrededor de 500 veces con una clasificaci\u00f3n DOD80%.<br \/>\nLa bater\u00eda tiene un BMS (sistema de administraci\u00f3n de bater\u00eda) incorporado que brinda protecci\u00f3n contra sobrecorriente, sobredescarga, sobrecarga y cortocircuito. El BMS tambi\u00e9n garantiza el equilibrio entre las celdas de la bater\u00eda.<br \/>\nEl rango de temperatura de almacenamiento de la bater\u00eda es -10-40 \u2103, con un rango de humedad relativa de 45-75% y un rango de presi\u00f3n de 86-106KPa. El peso de la bater\u00eda es de aproximadamente 3,5 kg o 4,5 kg, dependiendo de la capacidad.<\/p>","protected":false},"featured_media":431,"template":"","meta":{"_kad_post_transparent":"default","_kad_post_title":"","_kad_post_layout":"default","_kad_post_sidebar_id":"","_kad_post_content_style":"default","_kad_post_vertical_padding":"default","_kad_post_feature":"","_kad_post_feature_position":"","_kad_post_header":false,"_kad_post_footer":false},"product_cat":[19,22],"product_tag":[248,247,249,259,236],"class_list":["post-430","product","type-product","status-publish","has-post-thumbnail","hentry","product_cat-custom-ebike-battery","product_cat-rear-ebike-battery","product_tag-24v-rear-rack-battery","product_tag-36v-rear-rack-battery","product_tag-48v-rear-rack-battery","product_tag-e-bike-rack-battery","product_tag-rear-rack-ebike-battery","entry","content-bg","loop-entry"],"_links":{"self":[{"href":"https:\/\/bybatt.com\/es\/wp-json\/wp\/v2\/product\/430","targetHints":{"allow":["GET"]}}],"collection":[{"href":"https:\/\/bybatt.com\/es\/wp-json\/wp\/v2\/product"}],"about":[{"href":"https:\/\/bybatt.com\/es\/wp-json\/wp\/v2\/types\/product"}],"wp:featuredmedia":[{"embeddable":true,"href":"https:\/\/bybatt.com\/es\/wp-json\/wp\/v2\/media\/431"}],"wp:attachment":[{"href":"https:\/\/bybatt.com\/es\/wp-json\/wp\/v2\/media?parent=430"}],"wp:term":[{"taxonomy":"product_cat","embeddable":true,"href":"https:\/\/bybatt.com\/es\/wp-json\/wp\/v2\/product_cat?post=430"},{"taxonomy":"product_tag","embeddable":true,"href":"https:\/\/bybatt.com\/es\/wp-json\/wp\/v2\/product_tag?post=430"}],"curies":[{"name":"wp","href":"https:\/\/api.w.org\/{rel}","templated":true}]}}