{"id":437,"date":"2023-02-19T09:32:20","date_gmt":"2023-02-19T09:32:20","guid":{"rendered":"https:\/\/bybatt.com\/?post_type=product&#038;p=437"},"modified":"2023-02-19T09:49:51","modified_gmt":"2023-02-19T09:49:51","slug":"rechargeable-lithium-electric-bike-seat-post-battery-pack","status":"publish","type":"product","link":"https:\/\/bybatt.com\/es\/producto\/rechargeable-lithium-electric-bike-seat-post-battery-pack\/","title":{"rendered":"Paquete de bater\u00eda de tija de sill\u00edn de bicicleta el\u00e9ctrica de litio recargable"},"content":{"rendered":"","protected":false},"excerpt":{"rendered":"<p>Este producto es un paquete de bater\u00eda de tija de sill\u00edn de bicicleta el\u00e9ctrica de litio recargable dise\u00f1ado para proporcionar energ\u00eda a las bicicletas el\u00e9ctricas. El paquete de bater\u00edas utiliza celdas 18650 de Li(NiCoMn)O2 nuevas 100%, que tienen un voltaje nominal de 36v o 48v y una capacidad nominal de 10-20ah. La carcasa exterior de la bater\u00eda est\u00e1 hecha de aluminio y sus dimensiones son 257*1501*47 mm.<br \/>\nEl paquete de bater\u00edas se puede cargar utilizando un m\u00e9todo de carga est\u00e1ndar, que implica una corriente constante de 0,2 C y un voltaje constante de 42 V con un corte de 100 mA. Alternativamente, se puede cargar usando un m\u00e9todo de carga r\u00e1pida, que involucra una corriente constante de 0.5CA y un voltaje constante de 42V con un corte de 100mA. La bater\u00eda se puede descargar utilizando una corriente constante de 0,2C con una tensi\u00f3n final de 36,4V.<br \/>\nEl paquete de bater\u00edas pesa aproximadamente 3,5 kg\/4,5 kg, tiene una corriente de descarga continua de 20 A y una corriente de descarga m\u00e1xima de 60 A. Tiene un ciclo de vida de 500 veces con DOD80% y viene con una funci\u00f3n BMS que brinda protecci\u00f3n contra sobrecorriente, protecci\u00f3n contra sobredescarga, protecci\u00f3n contra sobrecarga, protecci\u00f3n contra cortocircuito y equilibrio.<br \/>\nEl rango de temperatura de almacenamiento de la bater\u00eda es de -10 a 40 \u2103 con una humedad relativa de 45 a 751 TP3T y una presi\u00f3n de 86 a 106 KPa. Este paquete de bater\u00edas de tija de sill\u00edn de bicicleta el\u00e9ctrica de litio recargable es una soluci\u00f3n ideal para aquellos que desean una fuente de energ\u00eda confiable y duradera para sus bicicletas el\u00e9ctricas.<\/p>","protected":false},"featured_media":438,"template":"","meta":{"_kad_post_transparent":"default","_kad_post_title":"","_kad_post_layout":"default","_kad_post_sidebar_id":"","_kad_post_content_style":"default","_kad_post_vertical_padding":"default","_kad_post_feature":"","_kad_post_feature_position":"","_kad_post_header":false,"_kad_post_footer":false},"product_cat":[19,21],"product_tag":[264,248,266,247,249,262,260,263,261,265],"class_list":["post-437","product","type-product","status-publish","has-post-thumbnail","hentry","product_cat-custom-ebike-battery","product_cat-down-tube-ebike-battery","product_tag-11ah-lithium-battery-for-a2b-kuo","product_tag-24v-rear-rack-battery","product_tag-36v-14ah-li-ion-e-bike-battery","product_tag-36v-rear-rack-battery","product_tag-48v-rear-rack-battery","product_tag-e-bike-seat-post-battery","product_tag-electric-bike-seat-post-battery","product_tag-magnum-36v-seat-post-mounting-frog-batt","product_tag-post-seat-battery","product_tag-taga-2-0-famous-cell","entry","content-bg","loop-entry"],"_links":{"self":[{"href":"https:\/\/bybatt.com\/es\/wp-json\/wp\/v2\/product\/437","targetHints":{"allow":["GET"]}}],"collection":[{"href":"https:\/\/bybatt.com\/es\/wp-json\/wp\/v2\/product"}],"about":[{"href":"https:\/\/bybatt.com\/es\/wp-json\/wp\/v2\/types\/product"}],"wp:featuredmedia":[{"embeddable":true,"href":"https:\/\/bybatt.com\/es\/wp-json\/wp\/v2\/media\/438"}],"wp:attachment":[{"href":"https:\/\/bybatt.com\/es\/wp-json\/wp\/v2\/media?parent=437"}],"wp:term":[{"taxonomy":"product_cat","embeddable":true,"href":"https:\/\/bybatt.com\/es\/wp-json\/wp\/v2\/product_cat?post=437"},{"taxonomy":"product_tag","embeddable":true,"href":"https:\/\/bybatt.com\/es\/wp-json\/wp\/v2\/product_tag?post=437"}],"curies":[{"name":"wp","href":"https:\/\/api.w.org\/{rel}","templated":true}]}}