{"id":444,"date":"2023-02-19T09:54:39","date_gmt":"2023-02-19T09:54:39","guid":{"rendered":"https:\/\/bybatt.com\/?post_type=product&#038;p=444"},"modified":"2023-02-19T10:24:36","modified_gmt":"2023-02-19T10:24:36","slug":"36v-12ah-lithium-battery-seatpost-frog-ebike-battery-pack","status":"publish","type":"product","link":"https:\/\/bybatt.com\/es\/producto\/36v-12ah-lithium-battery-seatpost-frog-ebike-battery-pack\/","title":{"rendered":"36V 12Ah Bater\u00eda de litio Tija de sill\u00edn Rana Ebike Bater\u00eda"},"content":{"rendered":"","protected":false},"excerpt":{"rendered":"<p>La bater\u00eda de litio de 36 V 12 Ah para tija de sill\u00edn Frog Ebike es una bater\u00eda duradera y de alta calidad dise\u00f1ada para su uso en bicicletas el\u00e9ctricas. La bater\u00eda usa celdas 100% nuevas y tiene una qu\u00edmica de Li(NiCoMn)O2 18650. Est\u00e1 disponible en versiones de 36v y 48v, con una capacidad nominal de 10-20ah.<br \/>\nEl paquete de bater\u00edas est\u00e1 alojado en una caja de aluminio resistente y tiene unas dimensiones de 257*150*147 mm. La carga est\u00e1ndar del paquete de bater\u00edas es una corriente constante de 0,2 C, un voltaje constante de 42 V y un corte de 100 mA. Para una carga r\u00e1pida, el paquete de bater\u00edas puede soportar una corriente constante de 0,5 CA, un voltaje constante de 42 V y un corte de 100 mA.<br \/>\nLa corriente de descarga est\u00e1ndar para el paquete de bater\u00edas es una corriente constante de 0,2 C, con un voltaje final de 36,4 V. El paquete de bater\u00edas pesa aproximadamente 3,5 kg\/4,5 kg y puede manejar una corriente de descarga continua de 20 A, con una corriente de descarga m\u00e1xima de 60 A.<br \/>\nEl paquete de bater\u00eda tiene un ciclo de vida de 500 veces con DOD80% y viene equipado con una funci\u00f3n BMS que incluye protecci\u00f3n contra sobrecorriente, protecci\u00f3n contra sobredescarga, protecci\u00f3n contra sobrecarga, protecci\u00f3n contra cortocircuito y equilibrio. El rango de temperatura de almacenamiento para el paquete de bater\u00edas es de -10 a 40 \u2103, con un rango de humedad relativa de 45 a 751 TP3T y un rango de presi\u00f3n de 86 a 106 KPa.<\/p>","protected":false},"featured_media":459,"template":"","meta":{"_kad_post_transparent":"default","_kad_post_title":"","_kad_post_layout":"default","_kad_post_sidebar_id":"","_kad_post_content_style":"default","_kad_post_vertical_padding":"default","_kad_post_feature":"","_kad_post_feature_position":"","_kad_post_header":false,"_kad_post_footer":false},"product_cat":[19,21],"product_tag":[248,247,249,262,267],"class_list":["post-444","product","type-product","status-publish","has-post-thumbnail","hentry","product_cat-custom-ebike-battery","product_cat-down-tube-ebike-battery","product_tag-24v-rear-rack-battery","product_tag-36v-rear-rack-battery","product_tag-48v-rear-rack-battery","product_tag-e-bike-seat-post-battery","product_tag-frog-ebike-battery","entry","content-bg","loop-entry"],"_links":{"self":[{"href":"https:\/\/bybatt.com\/es\/wp-json\/wp\/v2\/product\/444","targetHints":{"allow":["GET"]}}],"collection":[{"href":"https:\/\/bybatt.com\/es\/wp-json\/wp\/v2\/product"}],"about":[{"href":"https:\/\/bybatt.com\/es\/wp-json\/wp\/v2\/types\/product"}],"wp:featuredmedia":[{"embeddable":true,"href":"https:\/\/bybatt.com\/es\/wp-json\/wp\/v2\/media\/459"}],"wp:attachment":[{"href":"https:\/\/bybatt.com\/es\/wp-json\/wp\/v2\/media?parent=444"}],"wp:term":[{"taxonomy":"product_cat","embeddable":true,"href":"https:\/\/bybatt.com\/es\/wp-json\/wp\/v2\/product_cat?post=444"},{"taxonomy":"product_tag","embeddable":true,"href":"https:\/\/bybatt.com\/es\/wp-json\/wp\/v2\/product_tag?post=444"}],"curies":[{"name":"wp","href":"https:\/\/api.w.org\/{rel}","templated":true}]}}