{"id":445,"date":"2023-02-19T10:00:08","date_gmt":"2023-02-19T10:00:08","guid":{"rendered":"https:\/\/bybatt.com\/?post_type=product&#038;p=445"},"modified":"2023-02-19T10:14:35","modified_gmt":"2023-02-19T10:14:35","slug":"e-bike-20amp-reention-battery-rhino-48v-13ah-lithium-battery","status":"publish","type":"product","link":"https:\/\/bybatt.com\/es\/producto\/e-bike-20amp-reention-battery-rhino-48v-13ah-lithium-battery\/","title":{"rendered":"E-Bike 20Amp Reention Battery Rhino 48V 13Ah Bater\u00eda de litio"},"content":{"rendered":"","protected":false},"excerpt":{"rendered":"<p>La bater\u00eda de litio E-Bike 20Amp Reention Battery Rhino 48V 13Ah es una bater\u00eda recargable de alta calidad dise\u00f1ada para usar con bicicletas el\u00e9ctricas. Est\u00e1 fabricado por la marca original Reention y Rhino y utiliza celdas nuevas 100%, lo que garantiza su confiabilidad y longevidad.<br \/>\nLa bater\u00eda utiliza la qu\u00edmica LiNiCoMno2 y est\u00e1 disponible en m\u00faltiples opciones de voltaje y capacidad, incluidos 36 V y 48 V, y 10,4 ah, 11,6 ah, 13 ah, 13,6 ah y 14 ah. La carcasa exterior est\u00e1 hecha de material EEL, lo que la hace duradera y resistente a los impactos.<br \/>\nLa bater\u00eda se puede cargar utilizando un m\u00e9todo de carga est\u00e1ndar, con una corriente constante de 0,2 C y un voltaje constante de 54,6 V, con un corte de 100 mA. Tambi\u00e9n se puede cargar r\u00e1pidamente utilizando una corriente constante de 0,5 CA y un voltaje constante de 54,6 V, con un corte de 100 mA.<br \/>\nLa corriente de descarga est\u00e1ndar de la bater\u00eda es de 0,2 C, con un voltaje final de 30 V. Tiene un ciclo de vida de 500 veces con DOD80% y puede proporcionar una corriente de descarga continua de 10 A o una corriente de descarga m\u00e1xima de 30 A, que se puede personalizar seg\u00fan las necesidades individuales.<br \/>\nLa bater\u00eda viene con un BMS (Sistema de administraci\u00f3n de bater\u00eda) incorporado que brinda protecci\u00f3n contra problemas de sobrecorriente, sobredescarga, sobrecarga y cortocircuito. Tambi\u00e9n ofrece funciones de equilibrio, asegurando que las celdas de la bater\u00eda se carguen y descarguen de manera uniforme.<br \/>\nEl rango de temperatura de almacenamiento de la bater\u00eda es de -10 a 40 \u2103, con una humedad relativa de 45 a 751 TP3T y un rango de presi\u00f3n de 86 a 106 KPa. Con su construcci\u00f3n y confiabilidad de alta calidad, la bater\u00eda de litio E-Bike 20Amp Reention Battery Rhino 48V 13Ah es una excelente opci\u00f3n para aquellos que buscan una bater\u00eda de bicicleta el\u00e9ctrica duradera y de alto rendimiento.<\/p>","protected":false},"featured_media":446,"template":"","meta":{"_kad_post_transparent":"default","_kad_post_title":"","_kad_post_layout":"default","_kad_post_sidebar_id":"","_kad_post_content_style":"default","_kad_post_vertical_padding":"default","_kad_post_feature":"","_kad_post_feature_position":"","_kad_post_header":false,"_kad_post_footer":false},"product_cat":[19,23],"product_tag":[269,270,229,268,271],"class_list":["post-445","product","type-product","status-publish","has-post-thumbnail","hentry","product_cat-custom-ebike-battery","product_cat-inner-ebike-battery","product_tag-20amp-reention-battery","product_tag-48v-13ah-lithium-battery","product_tag-electric-bicycle-batteries","product_tag-reention-battery","product_tag-rhino-battery","entry","content-bg","loop-entry"],"_links":{"self":[{"href":"https:\/\/bybatt.com\/es\/wp-json\/wp\/v2\/product\/445","targetHints":{"allow":["GET"]}}],"collection":[{"href":"https:\/\/bybatt.com\/es\/wp-json\/wp\/v2\/product"}],"about":[{"href":"https:\/\/bybatt.com\/es\/wp-json\/wp\/v2\/types\/product"}],"wp:featuredmedia":[{"embeddable":true,"href":"https:\/\/bybatt.com\/es\/wp-json\/wp\/v2\/media\/446"}],"wp:attachment":[{"href":"https:\/\/bybatt.com\/es\/wp-json\/wp\/v2\/media?parent=445"}],"wp:term":[{"taxonomy":"product_cat","embeddable":true,"href":"https:\/\/bybatt.com\/es\/wp-json\/wp\/v2\/product_cat?post=445"},{"taxonomy":"product_tag","embeddable":true,"href":"https:\/\/bybatt.com\/es\/wp-json\/wp\/v2\/product_tag?post=445"}],"curies":[{"name":"wp","href":"https:\/\/api.w.org\/{rel}","templated":true}]}}