{"id":452,"date":"2023-02-19T10:15:33","date_gmt":"2023-02-19T10:15:33","guid":{"rendered":"https:\/\/bybatt.com\/?post_type=product&#038;p=452"},"modified":"2023-02-19T10:26:45","modified_gmt":"2023-02-19T10:26:45","slug":"cheap-authorized-reention-dorado-mini-batteries-for-e-bike","status":"publish","type":"product","link":"https:\/\/bybatt.com\/es\/producto\/cheap-authorized-reention-dorado-mini-batteries-for-e-bike\/","title":{"rendered":"Reention Dorado Mini Bater\u00edas Autorizadas Baratas para E-bike"},"content":{"rendered":"","protected":false},"excerpt":{"rendered":"<p>Este producto es una bater\u00eda recargable para e-bike, en concreto la Reention Dorado Mini. Las celdas utilizadas en la bater\u00eda son todas nuevas y la qu\u00edmica es LiNiCoMno2. La bater\u00eda viene en diferentes voltajes nominales (36V o 48V) y capacidades (que van desde 10.4ah hasta 14ah). La carcasa exterior de la bater\u00eda est\u00e1 hecha de material EEL.<br \/>\nLa bater\u00eda se puede cargar usando una corriente constante de 0,2C y un voltaje constante de 54,6V, con un corte de 100mA. Tambi\u00e9n se puede cargar r\u00e1pidamente usando una corriente constante de 0.5CA y el mismo voltaje constante y corte. La corriente de descarga est\u00e1ndar es de 0,2C, con una tensi\u00f3n final de 30V.<br \/>\nLa bater\u00eda tiene un ciclo de vida de 500 veces con un DOD80% y un peso de aproximadamente 3,5 kg o 4,5 kg. Puede proporcionar una corriente de descarga continua de 10A, con una corriente de descarga m\u00e1xima de 30A. La funci\u00f3n BMS de la bater\u00eda incluye protecci\u00f3n contra sobrecorriente, sobredescarga, sobrecarga y cortocircuito, as\u00ed como equilibrio.<br \/>\nLa bater\u00eda se puede almacenar en un rango de temperatura de -10-40 \u2103, con una humedad relativa de 45-75% y una presi\u00f3n de 86-106KPa. Este producto ofrece una opci\u00f3n asequible y autorizada para los propietarios de bicicletas el\u00e9ctricas que necesitan una bater\u00eda de repuesto o adicional para su Reention Dorado Mini.<\/p>","protected":false},"featured_media":453,"template":"","meta":{"_kad_post_transparent":"default","_kad_post_title":"","_kad_post_layout":"default","_kad_post_sidebar_id":"","_kad_post_content_style":"default","_kad_post_vertical_padding":"default","_kad_post_feature":"","_kad_post_feature_position":"","_kad_post_header":false,"_kad_post_footer":false},"product_cat":[19,23],"product_tag":[275,274,41,268,273,272],"class_list":["post-452","product","type-product","status-publish","has-post-thumbnail","hentry","product_cat-custom-ebike-battery","product_cat-inner-ebike-battery","product_tag-36v-cheapest-ebike-battery","product_tag-dorado-mini-batteries","product_tag-electric-bicycle-battery","product_tag-reention-battery","product_tag-reention-dorado-battery","product_tag-reention-dorado-mini-batteries","entry","content-bg","loop-entry"],"_links":{"self":[{"href":"https:\/\/bybatt.com\/es\/wp-json\/wp\/v2\/product\/452","targetHints":{"allow":["GET"]}}],"collection":[{"href":"https:\/\/bybatt.com\/es\/wp-json\/wp\/v2\/product"}],"about":[{"href":"https:\/\/bybatt.com\/es\/wp-json\/wp\/v2\/types\/product"}],"wp:featuredmedia":[{"embeddable":true,"href":"https:\/\/bybatt.com\/es\/wp-json\/wp\/v2\/media\/453"}],"wp:attachment":[{"href":"https:\/\/bybatt.com\/es\/wp-json\/wp\/v2\/media?parent=452"}],"wp:term":[{"taxonomy":"product_cat","embeddable":true,"href":"https:\/\/bybatt.com\/es\/wp-json\/wp\/v2\/product_cat?post=452"},{"taxonomy":"product_tag","embeddable":true,"href":"https:\/\/bybatt.com\/es\/wp-json\/wp\/v2\/product_tag?post=452"}],"curies":[{"name":"wp","href":"https:\/\/api.w.org\/{rel}","templated":true}]}}