{"id":466,"date":"2023-02-19T13:40:46","date_gmt":"2023-02-19T13:40:46","guid":{"rendered":"https:\/\/bybatt.com\/?post_type=product&#038;p=466"},"modified":"2023-02-19T13:48:58","modified_gmt":"2023-02-19T13:48:58","slug":"36v-48v-reention-eel-inner-frame-battery-pack-for-e-bike","status":"publish","type":"product","link":"https:\/\/bybatt.com\/es\/producto\/36v-48v-reention-eel-inner-frame-battery-pack-for-e-bike\/","title":{"rendered":"36V 48V Reention EEL Paquete de bater\u00eda de cuadro interno para E-Bike"},"content":{"rendered":"","protected":false},"excerpt":{"rendered":"<p>El paquete de bater\u00eda de marco interno Reention EEL de 36V 48V es una bater\u00eda recargable de alta calidad dise\u00f1ada para usar en bicicletas el\u00e9ctricas. Est\u00e1 construido con nuevas celdas 100% con una qu\u00edmica de LiNiCoMno2, que proporciona un rendimiento y una durabilidad fiables.<br \/>\nLa bater\u00eda est\u00e1 disponible en varias capacidades, incluidas 10,4 ah, 11,6 ah, 13 ah, 13,6 ah y 14 ah, y tiene un voltaje nominal de 36 V o 48 V. Est\u00e1 alojado en una resistente caja EEL y pesa aproximadamente 3,5 kg o 4,5 kg, seg\u00fan la capacidad.<br \/>\nLa bater\u00eda se puede cargar mediante carga est\u00e1ndar o carga r\u00e1pida, con una corriente constante de 0,2C o 0,5CA, respectivamente. La corriente de descarga est\u00e1ndar es de 0,2 C y el voltaje final es de 30 V. La bater\u00eda tiene un ciclo de vida de 500 veces con DOD80% y puede proporcionar una corriente de descarga continua de 10 A o una corriente de descarga m\u00e1xima de 30 A, seg\u00fan la personalizaci\u00f3n.<br \/>\nLa bater\u00eda cuenta con un BMS (Sistema de administraci\u00f3n de bater\u00eda) incorporado, que brinda protecci\u00f3n contra sobrecorriente, sobredescarga, sobrecarga y cortocircuito. Tambi\u00e9n tiene una funci\u00f3n de equilibrio para garantizar que todas las celdas se carguen y descarguen por igual.<br \/>\nLa bater\u00eda se puede almacenar en un rango de temperatura de -10-40 \u2103 con una humedad relativa de 45-75% y una presi\u00f3n de 86-106KPa. En general, el paquete de bater\u00edas de marco interno Reention EEL de 36 V 48 V es una bater\u00eda confiable y de alto rendimiento que es ideal para los entusiastas de las bicicletas el\u00e9ctricas que desean una fuente de energ\u00eda duradera para sus paseos.<\/p>","protected":false},"featured_media":467,"template":"","meta":{"_kad_post_transparent":"default","_kad_post_title":"","_kad_post_layout":"default","_kad_post_sidebar_id":"","_kad_post_content_style":"default","_kad_post_vertical_padding":"default","_kad_post_feature":"","_kad_post_feature_position":"","_kad_post_header":false,"_kad_post_footer":false},"product_cat":[19,23],"product_tag":[275,52,274,278,41,268,273,272,277,276],"class_list":["post-466","product","type-product","status-publish","has-post-thumbnail","hentry","product_cat-custom-ebike-battery","product_cat-inner-ebike-battery","product_tag-36v-cheapest-ebike-battery","product_tag-battery","product_tag-dorado-mini-batteries","product_tag-electric-bicycle-36volt","product_tag-electric-bicycle-battery","product_tag-reention-battery","product_tag-reention-dorado-battery","product_tag-reention-dorado-mini-batteries","product_tag-reention-eel-inner-battery-pack","product_tag-reention-eel-inner-frame-battery","entry","content-bg","loop-entry"],"_links":{"self":[{"href":"https:\/\/bybatt.com\/es\/wp-json\/wp\/v2\/product\/466","targetHints":{"allow":["GET"]}}],"collection":[{"href":"https:\/\/bybatt.com\/es\/wp-json\/wp\/v2\/product"}],"about":[{"href":"https:\/\/bybatt.com\/es\/wp-json\/wp\/v2\/types\/product"}],"wp:featuredmedia":[{"embeddable":true,"href":"https:\/\/bybatt.com\/es\/wp-json\/wp\/v2\/media\/467"}],"wp:attachment":[{"href":"https:\/\/bybatt.com\/es\/wp-json\/wp\/v2\/media?parent=466"}],"wp:term":[{"taxonomy":"product_cat","embeddable":true,"href":"https:\/\/bybatt.com\/es\/wp-json\/wp\/v2\/product_cat?post=466"},{"taxonomy":"product_tag","embeddable":true,"href":"https:\/\/bybatt.com\/es\/wp-json\/wp\/v2\/product_tag?post=466"}],"curies":[{"name":"wp","href":"https:\/\/api.w.org\/{rel}","templated":true}]}}