{"id":473,"date":"2023-02-19T13:50:46","date_gmt":"2023-02-19T13:50:46","guid":{"rendered":"https:\/\/bybatt.com\/?post_type=product&#038;p=473"},"modified":"2023-02-19T13:55:44","modified_gmt":"2023-02-19T13:55:44","slug":"li-ion-36v-14ah-reention-thunder-downtube-battery-for-e-bike","status":"publish","type":"product","link":"https:\/\/bybatt.com\/es\/producto\/li-ion-36v-14ah-reention-thunder-downtube-battery-for-e-bike\/","title":{"rendered":"Li-ion 36V 14Ah Reention Thunder Downtube Bater\u00eda para E-Bike"},"content":{"rendered":"","protected":false},"excerpt":{"rendered":"<p>La bater\u00eda Reention Thunder Downtube de iones de litio de 36 V y 14 Ah es una bater\u00eda de alta calidad dise\u00f1ada para bicicletas el\u00e9ctricas. La bater\u00eda est\u00e1 compuesta por celdas 100% nuevas y tiene un voltaje nominal de 36V, 48V, 52V o 72V, con una capacidad nominal de 20Ah. Las opciones de celdas de bater\u00eda incluyen 2500 mAh, 3000 mAh, 3200 mAh o 3500 mAh, con una configuraci\u00f3n de 8P14S.<br \/>\nEl sistema de administraci\u00f3n de bater\u00eda (BMS) tiene una clasificaci\u00f3n de 30 A y se puede personalizar seg\u00fan los requisitos del usuario. La corriente de carga est\u00e1ndar es de 3 A, con una corriente de carga m\u00e1xima de 5 A, las cuales se pueden personalizar. El voltaje de corte de descarga de la bater\u00eda es de 39 V y el voltaje de carga es de 58,8 V.<br \/>\nLa bater\u00eda tiene un ciclo de vida de potencia 80% despu\u00e9s de 600-1000 ciclos. Esto significa que la bater\u00eda es capaz de entregar 80% de su capacidad original despu\u00e9s de estar completamente cargada y descargada durante 600 a 1000 ciclos. En general, la bater\u00eda Reention Thunder Downtube de iones de litio de 36 V y 14 Ah es una bater\u00eda fiable y de alto rendimiento adecuada para su uso en bicicletas el\u00e9ctricas.<\/p>","protected":false},"featured_media":474,"template":"","meta":{"_kad_post_transparent":"default","_kad_post_title":"","_kad_post_layout":"default","_kad_post_sidebar_id":"","_kad_post_content_style":"default","_kad_post_vertical_padding":"default","_kad_post_feature":"","_kad_post_feature_position":"","_kad_post_header":false,"_kad_post_footer":false},"product_cat":[19,23],"product_tag":[41,268,273,272,277,276,279],"class_list":["post-473","product","type-product","status-publish","has-post-thumbnail","hentry","product_cat-custom-ebike-battery","product_cat-inner-ebike-battery","product_tag-electric-bicycle-battery","product_tag-reention-battery","product_tag-reention-dorado-battery","product_tag-reention-dorado-mini-batteries","product_tag-reention-eel-inner-battery-pack","product_tag-reention-eel-inner-frame-battery","product_tag-reention-thunder-downtube-battery","entry","content-bg","loop-entry"],"_links":{"self":[{"href":"https:\/\/bybatt.com\/es\/wp-json\/wp\/v2\/product\/473","targetHints":{"allow":["GET"]}}],"collection":[{"href":"https:\/\/bybatt.com\/es\/wp-json\/wp\/v2\/product"}],"about":[{"href":"https:\/\/bybatt.com\/es\/wp-json\/wp\/v2\/types\/product"}],"wp:featuredmedia":[{"embeddable":true,"href":"https:\/\/bybatt.com\/es\/wp-json\/wp\/v2\/media\/474"}],"wp:attachment":[{"href":"https:\/\/bybatt.com\/es\/wp-json\/wp\/v2\/media?parent=473"}],"wp:term":[{"taxonomy":"product_cat","embeddable":true,"href":"https:\/\/bybatt.com\/es\/wp-json\/wp\/v2\/product_cat?post=473"},{"taxonomy":"product_tag","embeddable":true,"href":"https:\/\/bybatt.com\/es\/wp-json\/wp\/v2\/product_tag?post=473"}],"curies":[{"name":"wp","href":"https:\/\/api.w.org\/{rel}","templated":true}]}}