{"id":480,"date":"2023-02-19T13:56:47","date_gmt":"2023-02-19T13:56:47","guid":{"rendered":"https:\/\/bybatt.com\/?post_type=product&#038;p=480"},"modified":"2023-02-19T14:05:06","modified_gmt":"2023-02-19T14:05:06","slug":"48v-52v-rechargeable-lithium-ion-triangular-e-bike-battery","status":"publish","type":"product","link":"https:\/\/bybatt.com\/es\/producto\/48v-52v-rechargeable-lithium-ion-triangular-e-bike-battery\/","title":{"rendered":"48V 52V recargable de iones de litio triangular E bicicleta bater\u00eda"},"content":{"rendered":"","protected":false},"excerpt":{"rendered":"<p>La bater\u00eda de bicicleta el\u00e9ctrica triangular recargable de iones de litio de 48V 52V es una bater\u00eda duradera y de alto rendimiento dise\u00f1ada para alimentar bicicletas el\u00e9ctricas. Esta bater\u00eda est\u00e1 disponible en diferentes voltajes nominales, incluidos 36 V, 48 V, 52 V y 72 V, y tiene una capacidad nominal de 20 Ah. Las celdas de bater\u00eda utilizadas son de 2500 mAh, 3000 mAh, las famosas 3200 mAh o 3500 mAh, seg\u00fan la configuraci\u00f3n elegida.<br \/>\nLa configuraci\u00f3n de la bater\u00eda es 8P14S y el sistema de administraci\u00f3n de la bater\u00eda (BMS) tiene una clasificaci\u00f3n de 30A o se puede personalizar para cumplir con requisitos espec\u00edficos. La corriente de carga est\u00e1ndar es 3A, pero tambi\u00e9n se puede personalizar para cumplir con los requisitos de carga espec\u00edficos. La corriente de carga m\u00e1xima es de 5 A, lo que garantiza una carga r\u00e1pida de la bater\u00eda.<br \/>\nEl voltaje de corte de descarga es de 39 V y el voltaje de carga es de 58,8 V. Con un ciclo de vida de hasta 600-1000 ciclos, la bater\u00eda puede entregar hasta 80% de su potencia, lo que la convierte en una fuente de energ\u00eda confiable y duradera para bicicletas el\u00e9ctricas. Esta bater\u00eda recargable de iones de litio est\u00e1 dise\u00f1ada para ser segura, confiable y eficiente, proporcionando a los usuarios una fuente de energ\u00eda de alta calidad para sus bicicletas el\u00e9ctricas.<\/p>","protected":false},"featured_media":481,"template":"","meta":{"_kad_post_transparent":"default","_kad_post_title":"","_kad_post_layout":"default","_kad_post_sidebar_id":"","_kad_post_content_style":"default","_kad_post_vertical_padding":"default","_kad_post_feature":"","_kad_post_feature_position":"","_kad_post_header":false,"_kad_post_footer":false},"product_cat":[19,21],"product_tag":[289,287,293,281,291,288,285,290,292,286,282,283,280,284],"class_list":["post-480","product","type-product","status-publish","has-post-thumbnail","hentry","product_cat-custom-ebike-battery","product_cat-down-tube-ebike-battery","product_tag-52v-30ah-triangle-battery","product_tag-52v-triangle-battery","product_tag-72v-triangle-battery","product_tag-ebike-triangle-battery","product_tag-ebike-triangle-battery-hard-case","product_tag-em3ev-triangle-battery","product_tag-large-triangle-batteries","product_tag-triangle-battery-case","product_tag-triangle-ebike-battery-36v","product_tag-triangle-ebike-battery-48v","product_tag-triangle-electric-bike-battery","product_tag-triangle-lithium-battery","product_tag-triangular-e-bike-battery","product_tag-triangular-ebike-battery","entry","content-bg","loop-entry"],"_links":{"self":[{"href":"https:\/\/bybatt.com\/es\/wp-json\/wp\/v2\/product\/480","targetHints":{"allow":["GET"]}}],"collection":[{"href":"https:\/\/bybatt.com\/es\/wp-json\/wp\/v2\/product"}],"about":[{"href":"https:\/\/bybatt.com\/es\/wp-json\/wp\/v2\/types\/product"}],"wp:featuredmedia":[{"embeddable":true,"href":"https:\/\/bybatt.com\/es\/wp-json\/wp\/v2\/media\/481"}],"wp:attachment":[{"href":"https:\/\/bybatt.com\/es\/wp-json\/wp\/v2\/media?parent=480"}],"wp:term":[{"taxonomy":"product_cat","embeddable":true,"href":"https:\/\/bybatt.com\/es\/wp-json\/wp\/v2\/product_cat?post=480"},{"taxonomy":"product_tag","embeddable":true,"href":"https:\/\/bybatt.com\/es\/wp-json\/wp\/v2\/product_tag?post=480"}],"curies":[{"name":"wp","href":"https:\/\/api.w.org\/{rel}","templated":true}]}}