{"id":488,"date":"2023-02-19T14:10:59","date_gmt":"2023-02-19T14:10:59","guid":{"rendered":"https:\/\/bybatt.com\/?post_type=product&#038;p=488"},"modified":"2023-02-19T14:20:29","modified_gmt":"2023-02-19T14:20:29","slug":"36v-water-bottle-battery-pack-mini-bottle-ebike-battery","status":"publish","type":"product","link":"https:\/\/bybatt.com\/es\/producto\/36v-water-bottle-battery-pack-mini-bottle-ebike-battery\/","title":{"rendered":"Paquete de bater\u00eda de botella de agua de 36V Mini botella Ebike bater\u00eda"},"content":{"rendered":"","protected":false},"excerpt":{"rendered":"<p>El paquete de bater\u00eda de botella de agua de 36 V Mini Bottle Ebike Battery es un paquete de bater\u00eda de tama\u00f1o mini dise\u00f1ado para bicicletas el\u00e9ctricas (bicicletas el\u00e9ctricas). Tiene una tensi\u00f3n nominal de 24 V o 36 V y est\u00e1 disponible en cuatro capacidades nominales diferentes: 5,2 Ah, 5,8 Ah, 6,8 Ah y 10 Ah. La qu\u00edmica de la bater\u00eda es Li(NiCoMn)O2 18650, lo que proporciona un buen equilibrio entre densidad de energ\u00eda y seguridad.<br \/>\nEl paquete de bater\u00edas est\u00e1 alojado en una caja de botella de sepia con dimensiones de 63*75*325 mm (21 celdas 18650) o 86*86*347 mm (20 celdas 21700). Pesa aproximadamente 3,5 kg.<br \/>\nEl paquete de bater\u00edas se puede cargar utilizando m\u00e9todos de carga est\u00e1ndar o r\u00e1pidos. La carga est\u00e1ndar se realiza a una corriente constante de 0,2 C, un voltaje constante de 54,6 V y un corte de 100 mA. La carga r\u00e1pida se realiza a una corriente constante de 0,5 CA, un voltaje constante de 54,6 V y un corte de 100 mA.<br \/>\nEl paquete de bater\u00edas puede descargarse con una corriente continua de 20 A o personalizarse para cumplir requisitos espec\u00edficos. Tiene una corriente m\u00e1xima de descarga de 60A o personalizada. El paquete de bater\u00edas tiene una vida \u00fatil de 500 ciclos con un DOD80% y est\u00e1 equipado con la funci\u00f3n BMS que brinda protecci\u00f3n contra sobrecorriente, protecci\u00f3n contra sobredescarga, protecci\u00f3n contra sobrecarga, protecci\u00f3n contra cortocircuito y equilibrio.<br \/>\nEl rango de temperatura de almacenamiento de la bater\u00eda es de -10 a 40 \u2103, con una humedad relativa de 45 a 751 TP3T y una presi\u00f3n de 86 a 106 KPa.<\/p>","protected":false},"featured_media":489,"template":"","meta":{"_kad_post_transparent":"default","_kad_post_title":"","_kad_post_layout":"default","_kad_post_sidebar_id":"","_kad_post_content_style":"default","_kad_post_vertical_padding":"default","_kad_post_feature":"","_kad_post_feature_position":"","_kad_post_header":false,"_kad_post_footer":false},"product_cat":[19,21],"product_tag":[298,294,296,297,299,295],"class_list":["post-488","product","type-product","status-publish","has-post-thumbnail","hentry","product_cat-custom-ebike-battery","product_cat-down-tube-ebike-battery","product_tag-bottle-battery","product_tag-mini-bottle-ebike-battery","product_tag-mini-bottle-lithium-battery","product_tag-mini-ebike-battery-pack","product_tag-protable-water-bottle-battery","product_tag-water-bottle-battery-pack","entry","content-bg","loop-entry"],"_links":{"self":[{"href":"https:\/\/bybatt.com\/es\/wp-json\/wp\/v2\/product\/488","targetHints":{"allow":["GET"]}}],"collection":[{"href":"https:\/\/bybatt.com\/es\/wp-json\/wp\/v2\/product"}],"about":[{"href":"https:\/\/bybatt.com\/es\/wp-json\/wp\/v2\/types\/product"}],"wp:featuredmedia":[{"embeddable":true,"href":"https:\/\/bybatt.com\/es\/wp-json\/wp\/v2\/media\/489"}],"wp:attachment":[{"href":"https:\/\/bybatt.com\/es\/wp-json\/wp\/v2\/media?parent=488"}],"wp:term":[{"taxonomy":"product_cat","embeddable":true,"href":"https:\/\/bybatt.com\/es\/wp-json\/wp\/v2\/product_cat?post=488"},{"taxonomy":"product_tag","embeddable":true,"href":"https:\/\/bybatt.com\/es\/wp-json\/wp\/v2\/product_tag?post=488"}],"curies":[{"name":"wp","href":"https:\/\/api.w.org\/{rel}","templated":true}]}}