{"id":493,"date":"2023-02-19T14:23:38","date_gmt":"2023-02-19T14:23:38","guid":{"rendered":"https:\/\/bybatt.com\/?post_type=product&#038;p=493"},"modified":"2023-02-19T14:31:49","modified_gmt":"2023-02-19T14:31:49","slug":"36v-7ah-252wh-downtube-mini-water-bottle-ebike-battery","status":"publish","type":"product","link":"https:\/\/bybatt.com\/es\/producto\/36v-7ah-252wh-downtube-mini-water-bottle-ebike-battery\/","title":{"rendered":"36V 7Ah 252Wh Downtube Mini Botella de agua eBike Bater\u00eda"},"content":{"rendered":"","protected":false},"excerpt":{"rendered":"<p>La bater\u00eda eBike de 36V 7Ah 252Wh Downtube Mini Water Bottle es una bater\u00eda duradera de alta calidad dise\u00f1ada espec\u00edficamente para bicicletas el\u00e9ctricas. Cuenta con nuevas celdas 100% Li(NiCoMn)O2 18650, que brindan un excelente rendimiento y confiabilidad.<br \/>\nCon un voltaje nominal de 24v o 36v y una capacidad nominal de 5.2ah, 5.8ah, 6.8ah o 10ah, esta bater\u00eda ofrece un buen rango y potencia de salida para varios modelos de bicicletas el\u00e9ctricas. Viene en dos tama\u00f1os con diferentes tipos de celdas: 63*75*325 mm con 21 celdas 18650 o 86*86*347 mm con 20 21700 celdas.<br \/>\nEl estuche exterior est\u00e1 hecho de estuche de botella de sepia, que es robusto y resistente al desgaste. La bater\u00eda tiene una carga est\u00e1ndar de corriente constante de 0,2 C, voltaje constante de 54,6 V y corte de 100 mA, y se puede cargar r\u00e1pidamente con una corriente constante de 0,5 CA, voltaje constante de 54,6 V y corte de 100 mA.<br \/>\nLa bater\u00eda tiene una descarga est\u00e1ndar de corriente constante de 0,2 C y un voltaje final de 36,4 V, y puede manejar una corriente de descarga continua de 20 A o un valor personalizado. La corriente m\u00e1xima de descarga es de 60 A o un valor personalizado. La vida \u00fatil de la bater\u00eda es de aproximadamente 500 veces con un DOD80% y tiene funciones BMS, que incluyen protecci\u00f3n contra sobrecorriente, protecci\u00f3n contra sobredescarga, protecci\u00f3n contra sobrecarga, protecci\u00f3n contra cortocircuitos y equilibrio.<br \/>\nLa bater\u00eda se puede almacenar en un rango de temperatura de -10-40 \u2103, humedad relativa de 45-75% y presi\u00f3n de 86-106KPa. En general, la bater\u00eda para bicicleta el\u00e9ctrica con minibotella de agua de tubo descendente de 36 V, 7 Ah y 252 Wh es una opci\u00f3n confiable y de alto rendimiento para los entusiastas de las bicicletas el\u00e9ctricas.<\/p>","protected":false},"featured_media":494,"template":"","meta":{"_kad_post_transparent":"default","_kad_post_title":"","_kad_post_layout":"default","_kad_post_sidebar_id":"","_kad_post_content_style":"default","_kad_post_vertical_padding":"default","_kad_post_feature":"","_kad_post_feature_position":"","_kad_post_header":false,"_kad_post_footer":false},"product_cat":[19,21],"product_tag":[302,304,303,294,300,299,301],"class_list":["post-493","product","type-product","status-publish","has-post-thumbnail","hentry","product_cat-custom-ebike-battery","product_cat-down-tube-ebike-battery","product_tag-bottle-battery-ebike","product_tag-downtube-ebike-battery","product_tag-micro-bottle-ebike-battery","product_tag-mini-bottle-ebike-battery","product_tag-mini-water-bottle-ebike-battery","product_tag-protable-water-bottle-battery","product_tag-water-bottle-ebike-battery","entry","content-bg","loop-entry"],"_links":{"self":[{"href":"https:\/\/bybatt.com\/es\/wp-json\/wp\/v2\/product\/493","targetHints":{"allow":["GET"]}}],"collection":[{"href":"https:\/\/bybatt.com\/es\/wp-json\/wp\/v2\/product"}],"about":[{"href":"https:\/\/bybatt.com\/es\/wp-json\/wp\/v2\/types\/product"}],"wp:featuredmedia":[{"embeddable":true,"href":"https:\/\/bybatt.com\/es\/wp-json\/wp\/v2\/media\/494"}],"wp:attachment":[{"href":"https:\/\/bybatt.com\/es\/wp-json\/wp\/v2\/media?parent=493"}],"wp:term":[{"taxonomy":"product_cat","embeddable":true,"href":"https:\/\/bybatt.com\/es\/wp-json\/wp\/v2\/product_cat?post=493"},{"taxonomy":"product_tag","embeddable":true,"href":"https:\/\/bybatt.com\/es\/wp-json\/wp\/v2\/product_tag?post=493"}],"curies":[{"name":"wp","href":"https:\/\/api.w.org\/{rel}","templated":true}]}}