{"id":500,"date":"2023-02-19T14:42:35","date_gmt":"2023-02-19T14:42:35","guid":{"rendered":"https:\/\/bybatt.com\/?post_type=product&#038;p=500"},"modified":"2023-02-19T15:00:42","modified_gmt":"2023-02-19T15:00:42","slug":"rechargeable-lithium-ion-seatpost-electric-bicycle-battery","status":"publish","type":"product","link":"https:\/\/bybatt.com\/es\/producto\/rechargeable-lithium-ion-seatpost-electric-bicycle-battery\/","title":{"rendered":"Bater\u00eda de bicicleta el\u00e9ctrica de tija de sill\u00edn de iones de litio recargable"},"content":{"rendered":"","protected":false},"excerpt":{"rendered":"<p>La bater\u00eda de bicicleta el\u00e9ctrica recargable de iones de litio para tija de sill\u00edn es una fuente de energ\u00eda de alta calidad, confiable y duradera para bicicletas el\u00e9ctricas. Cuenta con nuevas celdas 100% y una carcasa exterior de pl\u00e1stico. La bater\u00eda est\u00e1 disponible en dos opciones diferentes de voltaje nominal, 36V o 48V, con una capacidad nominal de 10-21Ah, seg\u00fan la opci\u00f3n elegida.<br \/>\nLa bater\u00eda est\u00e1 dise\u00f1ada para cargarse mediante un m\u00e9todo de carga est\u00e1ndar, que implica una corriente constante de 0,2 C y un voltaje constante de 54,6 V, con un corte de 100 mA. Tambi\u00e9n se puede cargar r\u00e1pidamente mediante un m\u00e9todo de carga r\u00e1pida, que implica una corriente constante de 0,5 CA y un voltaje constante de 54,6 V, con un corte de 100 mA.<br \/>\nLa bater\u00eda tiene una tasa de descarga est\u00e1ndar de 0,2C, con un voltaje final de 36,4V. Tiene un peso aproximado de 3,5KG\/4,5KG, dependiendo de la capacidad elegida. La bater\u00eda puede proporcionar una corriente de descarga continua de 20 A o puede personalizarse para satisfacer necesidades espec\u00edficas. Tambi\u00e9n puede proporcionar una corriente de descarga m\u00e1xima de 60 A o puede personalizarse para satisfacer necesidades espec\u00edficas.<br \/>\nLa bater\u00eda tiene un ciclo de vida de 500 veces con DOD80% y est\u00e1 equipada con una funci\u00f3n BMS que brinda protecci\u00f3n contra sobrecorriente, protecci\u00f3n contra sobredescarga, protecci\u00f3n contra sobrecarga, protecci\u00f3n contra cortocircuito y equilibrio. Se puede almacenar dentro de un rango de temperatura de -10-40 \u2103, humedad relativa de 45-75% y presi\u00f3n de 86-106KPa. En general, la bater\u00eda de bicicleta el\u00e9ctrica recargable de iones de litio para tija de sill\u00edn es una fuente de energ\u00eda duradera y de alta calidad para bicicletas el\u00e9ctricas.<\/p>","protected":false},"featured_media":501,"template":"","meta":{"_kad_post_transparent":"default","_kad_post_title":"","_kad_post_layout":"default","_kad_post_sidebar_id":"","_kad_post_content_style":"default","_kad_post_vertical_padding":"default","_kad_post_feature":"","_kad_post_feature_position":"","_kad_post_header":false,"_kad_post_footer":false},"product_cat":[19,21],"product_tag":[307,306,262,43,308,309,305],"class_list":["post-500","product","type-product","status-publish","has-post-thumbnail","hentry","product_cat-custom-ebike-battery","product_cat-down-tube-ebike-battery","product_tag-36v-13ah-ebike-battery","product_tag-e-bike-phylion-battery","product_tag-e-bike-seat-post-battery","product_tag-ebike-battery","product_tag-rechargeable-electric-battery","product_tag-seat-post-battery","product_tag-seatpost-electric-bicycle-battery","entry","content-bg","loop-entry"],"_links":{"self":[{"href":"https:\/\/bybatt.com\/es\/wp-json\/wp\/v2\/product\/500","targetHints":{"allow":["GET"]}}],"collection":[{"href":"https:\/\/bybatt.com\/es\/wp-json\/wp\/v2\/product"}],"about":[{"href":"https:\/\/bybatt.com\/es\/wp-json\/wp\/v2\/types\/product"}],"wp:featuredmedia":[{"embeddable":true,"href":"https:\/\/bybatt.com\/es\/wp-json\/wp\/v2\/media\/501"}],"wp:attachment":[{"href":"https:\/\/bybatt.com\/es\/wp-json\/wp\/v2\/media?parent=500"}],"wp:term":[{"taxonomy":"product_cat","embeddable":true,"href":"https:\/\/bybatt.com\/es\/wp-json\/wp\/v2\/product_cat?post=500"},{"taxonomy":"product_tag","embeddable":true,"href":"https:\/\/bybatt.com\/es\/wp-json\/wp\/v2\/product_tag?post=500"}],"curies":[{"name":"wp","href":"https:\/\/api.w.org\/{rel}","templated":true}]}}