{"id":507,"date":"2023-02-19T15:01:23","date_gmt":"2023-02-19T15:01:23","guid":{"rendered":"https:\/\/bybatt.com\/?post_type=product&#038;p=507"},"modified":"2023-02-19T15:10:49","modified_gmt":"2023-02-19T15:10:49","slug":"24v-10ah-lithium-little-frog-style-battery-for-e-bike","status":"publish","type":"product","link":"https:\/\/bybatt.com\/es\/producto\/24v-10ah-lithium-little-frog-style-battery-for-e-bike\/","title":{"rendered":"Bater\u00eda de litio 24V 10Ah Little Frog Style para bicicleta el\u00e9ctrica"},"content":{"rendered":"","protected":false},"excerpt":{"rendered":"<p>La bater\u00eda Little Frog Style de litio de 24 V y 10 Ah es una bater\u00eda de alta calidad dise\u00f1ada para su uso en bicicletas el\u00e9ctricas. La bater\u00eda usa celdas 100% nuevas y presenta una qu\u00edmica LiNiCoMno2. Est\u00e1 disponible en diferentes opciones de voltaje y capacidad, incluidos 36 V y 48 V, con una capacidad nominal que va desde 10,4 Ah hasta 14 Ah. La carcasa exterior est\u00e1 hecha de material de carcasa EEL, lo que la hace duradera y resistente a los da\u00f1os.<br \/>\nLa bater\u00eda se puede cargar utilizando un m\u00e9todo de carga est\u00e1ndar con una corriente constante de 0,2 C y un voltaje constante de 54,6 V, con un corte de 100 mA. Tambi\u00e9n se puede cargar r\u00e1pidamente con una corriente constante de 0,5 CA, un voltaje constante de 54,6 V y un corte de 100 mA. El m\u00e9todo de descarga est\u00e1ndar usa una corriente constante de 0.2C y un voltaje final de 30V.<br \/>\nLa bater\u00eda tiene un ciclo de vida de 500 veces con DOD80%, lo que significa que puede recargarse y descargarse hasta 500 veces con una profundidad de descarga de 80%. La corriente de descarga continua es de 10 A o se puede personalizar, y la corriente de descarga m\u00e1xima es de 30 A o se puede personalizar para cumplir con los requisitos espec\u00edficos. La bater\u00eda tambi\u00e9n cuenta con funciones BMS, que incluyen protecci\u00f3n contra sobrecorriente, protecci\u00f3n contra descarga excesiva, protecci\u00f3n contra sobrecarga, protecci\u00f3n contra cortocircuitos y equilibrio.<br \/>\nEl rango de temperatura de almacenamiento de la bater\u00eda es de -10 a 40 \u2103, con una humedad relativa de 45 a 751 TP3T y una presi\u00f3n de 86 a 106 KPa. La bater\u00eda tiene un peso aproximado de 3.5KG\/4.5Kg, dependiendo del modelo espec\u00edfico. Esta bater\u00eda es una opci\u00f3n confiable y eficiente para cualquiera que busque alimentar su bicicleta el\u00e9ctrica con una bater\u00eda de iones de litio de alta calidad.<\/p>","protected":false},"featured_media":508,"template":"","meta":{"_kad_post_transparent":"default","_kad_post_title":"","_kad_post_layout":"default","_kad_post_sidebar_id":"","_kad_post_content_style":"default","_kad_post_vertical_padding":"default","_kad_post_feature":"","_kad_post_feature_position":"","_kad_post_header":false,"_kad_post_footer":false},"product_cat":[19,21],"product_tag":[262,43,313,311,267,310,312],"class_list":["post-507","product","type-product","status-publish","has-post-thumbnail","hentry","product_cat-custom-ebike-battery","product_cat-down-tube-ebike-battery","product_tag-e-bike-seat-post-battery","product_tag-ebike-battery","product_tag-ebike-frog-battery","product_tag-frog-battery","product_tag-frog-ebike-battery","product_tag-frog-style-battery","product_tag-little-frog-battery-pack","entry","content-bg","loop-entry"],"_links":{"self":[{"href":"https:\/\/bybatt.com\/es\/wp-json\/wp\/v2\/product\/507","targetHints":{"allow":["GET"]}}],"collection":[{"href":"https:\/\/bybatt.com\/es\/wp-json\/wp\/v2\/product"}],"about":[{"href":"https:\/\/bybatt.com\/es\/wp-json\/wp\/v2\/types\/product"}],"wp:featuredmedia":[{"embeddable":true,"href":"https:\/\/bybatt.com\/es\/wp-json\/wp\/v2\/media\/508"}],"wp:attachment":[{"href":"https:\/\/bybatt.com\/es\/wp-json\/wp\/v2\/media?parent=507"}],"wp:term":[{"taxonomy":"product_cat","embeddable":true,"href":"https:\/\/bybatt.com\/es\/wp-json\/wp\/v2\/product_cat?post=507"},{"taxonomy":"product_tag","embeddable":true,"href":"https:\/\/bybatt.com\/es\/wp-json\/wp\/v2\/product_tag?post=507"}],"curies":[{"name":"wp","href":"https:\/\/api.w.org\/{rel}","templated":true}]}}