{"id":514,"date":"2023-02-19T15:13:45","date_gmt":"2023-02-19T15:13:45","guid":{"rendered":"https:\/\/bybatt.com\/?post_type=product&#038;p=514"},"modified":"2023-02-19T15:22:48","modified_gmt":"2023-02-19T15:22:48","slug":"48v-downtube-reention-eel-inner-frame-electric-bike-battery","status":"publish","type":"product","link":"https:\/\/bybatt.com\/es\/producto\/48v-downtube-reention-eel-inner-frame-electric-bike-battery\/","title":{"rendered":"48V Downtube Reention EEL Marco interno Bater\u00eda de bicicleta el\u00e9ctrica"},"content":{"rendered":"","protected":false},"excerpt":{"rendered":"<p>La bater\u00eda de bicicleta el\u00e9ctrica de 48 V Downtube Reention EEL Inner Frame es una bater\u00eda recargable de alta calidad dise\u00f1ada para bicicletas el\u00e9ctricas. Est\u00e1 fabricado con c\u00e9lulas nuevas 100% y tiene una qu\u00edmica de LiNiCoMno2. La bater\u00eda viene en un estuche EEL duradero y est\u00e1 disponible en varias capacidades nominales, incluidas 10,4 ah, 11,6 ah, 13 ah, 13,6 ah y 14 ah.<br \/>\nPara cargar la bater\u00eda se utiliza una carga est\u00e1ndar, que implica una corriente constante de 0,2C y un voltaje constante de 54,6V con un corte de 100mA. La bater\u00eda tambi\u00e9n se puede cargar r\u00e1pidamente utilizando una corriente constante de 0,5 CA y un voltaje constante de 54,6 V con un corte de 100 mA.<br \/>\nLa bater\u00eda tiene una corriente de descarga continua de 10 A o se puede personalizar para satisfacer necesidades espec\u00edficas. Tambi\u00e9n tiene una corriente m\u00e1xima de descarga de 30 A o se puede personalizar para satisfacer necesidades espec\u00edficas. La bater\u00eda est\u00e1 dise\u00f1ada para funcionar hasta 500 veces con un DOD80% y tiene una funci\u00f3n BMS que incluye protecci\u00f3n contra sobrecorriente, protecci\u00f3n contra sobredescarga, protecci\u00f3n contra sobrecarga, protecci\u00f3n contra cortocircuito y equilibrio.<br \/>\nLa bater\u00eda est\u00e1 dise\u00f1ada para operar dentro de un rango de temperatura de -10-40 \u2103, humedad relativa de 45-75% y presi\u00f3n de 86-106KPa. Pesa aproximadamente 3,5 kg\/4,5 kg y es una excelente opci\u00f3n para los entusiastas de las bicicletas el\u00e9ctricas que buscan una bater\u00eda confiable y eficiente para impulsar su viaje.<\/p>","protected":false},"featured_media":515,"template":"","meta":{"_kad_post_transparent":"default","_kad_post_title":"","_kad_post_layout":"default","_kad_post_sidebar_id":"","_kad_post_content_style":"default","_kad_post_vertical_padding":"default","_kad_post_feature":"","_kad_post_feature_position":"","_kad_post_header":false,"_kad_post_footer":false},"product_cat":[19,23],"product_tag":[317,52,318,315,316,314],"class_list":["post-514","product","type-product","status-publish","has-post-thumbnail","hentry","product_cat-custom-ebike-battery","product_cat-inner-ebike-battery","product_tag-48v-10-4ah-14ah-ebike-batteries","product_tag-battery","product_tag-electric-bike-battery","product_tag-electric-bike-frame-battery-inside","product_tag-frame-electric-bike-battery","product_tag-inner-frame-electric-bike-battery","entry","content-bg","loop-entry"],"_links":{"self":[{"href":"https:\/\/bybatt.com\/es\/wp-json\/wp\/v2\/product\/514","targetHints":{"allow":["GET"]}}],"collection":[{"href":"https:\/\/bybatt.com\/es\/wp-json\/wp\/v2\/product"}],"about":[{"href":"https:\/\/bybatt.com\/es\/wp-json\/wp\/v2\/types\/product"}],"wp:featuredmedia":[{"embeddable":true,"href":"https:\/\/bybatt.com\/es\/wp-json\/wp\/v2\/media\/515"}],"wp:attachment":[{"href":"https:\/\/bybatt.com\/es\/wp-json\/wp\/v2\/media?parent=514"}],"wp:term":[{"taxonomy":"product_cat","embeddable":true,"href":"https:\/\/bybatt.com\/es\/wp-json\/wp\/v2\/product_cat?post=514"},{"taxonomy":"product_tag","embeddable":true,"href":"https:\/\/bybatt.com\/es\/wp-json\/wp\/v2\/product_tag?post=514"}],"curies":[{"name":"wp","href":"https:\/\/api.w.org\/{rel}","templated":true}]}}