{"id":536,"date":"2023-02-20T01:47:15","date_gmt":"2023-02-20T01:47:15","guid":{"rendered":"https:\/\/bybatt.com\/?post_type=product&#038;p=536"},"modified":"2023-02-20T01:55:19","modified_gmt":"2023-02-20T01:55:19","slug":"48v-14ah-reention-eel-pro-electric-bicycle-lithium-batteries","status":"publish","type":"product","link":"https:\/\/bybatt.com\/es\/producto\/48v-14ah-reention-eel-pro-electric-bicycle-lithium-batteries\/","title":{"rendered":"Bater\u00edas de litio para bicicleta el\u00e9ctrica 48V 14Ah Reention EEL Pro"},"content":{"rendered":"","protected":false},"excerpt":{"rendered":"<p>Las bater\u00edas de litio para bicicletas el\u00e9ctricas Reention EEL Pro de 48 V y 14 Ah son un paquete de bater\u00edas de alta calidad dise\u00f1ado espec\u00edficamente para bicicletas el\u00e9ctricas. Las bater\u00edas se fabrican con celdas nuevas 100% con una qu\u00edmica LiNiCoMno2, lo que brinda un excelente rendimiento y un ciclo de vida prolongado. Las bater\u00edas est\u00e1n disponibles en diferentes clasificaciones de voltaje y capacidad, incluidos 36 V y 48 V con capacidades que van desde 10,4 Ah hasta 14 Ah.<br \/>\nLa carcasa exterior de las bater\u00edas est\u00e1 hecha de material EEL duradero, que brinda una excelente protecci\u00f3n contra impactos y otros tipos de da\u00f1os. Las bater\u00edas est\u00e1n dise\u00f1adas para cargarse con una corriente constante est\u00e1ndar de 0,2 C y un voltaje constante de 54,6 V, con un corte de 100 mA. La carga r\u00e1pida tambi\u00e9n es posible utilizando una corriente constante de 0,5 CA y el mismo voltaje y corte constantes.<br \/>\nLas bater\u00edas pueden descargarse utilizando una corriente constante de 0,2C hasta que la tensi\u00f3n final alcance los 30V. Las bater\u00edas tienen un ciclo de vida de 500 veces con una profundidad de descarga (DOD) de 80%. Las bater\u00edas tienen una corriente de descarga continua de 10A, con una corriente de descarga m\u00e1xima de 30A. El sistema de administraci\u00f3n de bater\u00eda (BMS) brinda protecci\u00f3n contra condiciones de sobrecorriente, sobredescarga, sobrecarga y cortocircuito, y tambi\u00e9n asegura que las celdas est\u00e9n balanceadas.<br \/>\nLas bater\u00edas se pueden almacenar a temperaturas que oscilan entre -10 \u2103 y 40 \u2103, con una humedad relativa de 45-75% y una presi\u00f3n de 86-106KPa. Estas bater\u00edas son una excelente opci\u00f3n para cualquiera que busque actualizar o reemplazar la bater\u00eda de su bicicleta el\u00e9ctrica, ya que brinda energ\u00eda confiable y de alto rendimiento para su viaje.<\/p>","protected":false},"featured_media":537,"template":"","meta":{"_kad_post_transparent":"default","_kad_post_title":"","_kad_post_layout":"default","_kad_post_sidebar_id":"","_kad_post_content_style":"default","_kad_post_vertical_padding":"default","_kad_post_feature":"","_kad_post_feature_position":"","_kad_post_header":false,"_kad_post_footer":false},"product_cat":[19,23],"product_tag":[322,325,324,323,319,320,321],"class_list":["post-536","product","type-product","status-publish","has-post-thumbnail","hentry","product_cat-custom-ebike-battery","product_cat-inner-ebike-battery","product_tag-48v-14ah-li-ion-electric-bike-battery","product_tag-48v-14ah-reention-eel-battery","product_tag-8-volt-lithium-bike-battery","product_tag-bike-battery-12-8ah","product_tag-electric-bicycle-lithium-batteries","product_tag-reention-eel-pro","product_tag-reention-eel-pro-electric-bicycle-batteries","entry","content-bg","loop-entry"],"_links":{"self":[{"href":"https:\/\/bybatt.com\/es\/wp-json\/wp\/v2\/product\/536","targetHints":{"allow":["GET"]}}],"collection":[{"href":"https:\/\/bybatt.com\/es\/wp-json\/wp\/v2\/product"}],"about":[{"href":"https:\/\/bybatt.com\/es\/wp-json\/wp\/v2\/types\/product"}],"wp:featuredmedia":[{"embeddable":true,"href":"https:\/\/bybatt.com\/es\/wp-json\/wp\/v2\/media\/537"}],"wp:attachment":[{"href":"https:\/\/bybatt.com\/es\/wp-json\/wp\/v2\/media?parent=536"}],"wp:term":[{"taxonomy":"product_cat","embeddable":true,"href":"https:\/\/bybatt.com\/es\/wp-json\/wp\/v2\/product_cat?post=536"},{"taxonomy":"product_tag","embeddable":true,"href":"https:\/\/bybatt.com\/es\/wp-json\/wp\/v2\/product_tag?post=536"}],"curies":[{"name":"wp","href":"https:\/\/api.w.org\/{rel}","templated":true}]}}