{"id":543,"date":"2023-02-20T01:56:32","date_gmt":"2023-02-20T01:56:32","guid":{"rendered":"https:\/\/bybatt.com\/?post_type=product&#038;p=543"},"modified":"2023-02-20T02:03:31","modified_gmt":"2023-02-20T02:03:31","slug":"36v-24-5ah-reention-kirin-electric-bicycle-battery-pack","status":"publish","type":"product","link":"https:\/\/bybatt.com\/es\/producto\/36v-24-5ah-reention-kirin-electric-bicycle-battery-pack\/","title":{"rendered":"Paquete de bater\u00eda de bicicleta el\u00e9ctrica Reention Kirin de 36V 24.5Ah"},"content":{"rendered":"","protected":false},"excerpt":{"rendered":"<p>El paquete de bater\u00edas para bicicletas el\u00e9ctricas Reention Kirin es un paquete de bater\u00edas de alta calidad dise\u00f1ado para bicicletas el\u00e9ctricas. Tiene un voltaje de 36V y una capacidad de 24.5Ah, brindando un total de 696-910Wh de potencia dependiendo de la configuraci\u00f3n. El paquete de bater\u00edas se compone de celdas 13S5P o 14S5P, que tienen una capacidad de 3000 mAh-3500 mAh cada una. El sistema de administraci\u00f3n de la bater\u00eda (BMS) tiene una capacidad nominal de 30 A y la bater\u00eda puede manejar una corriente de carga de 2 a 5 A.<br \/>\nEl paquete de bater\u00edas est\u00e1 dise\u00f1ado para funcionar con motores el\u00e9ctricos que tienen un rango de potencia de 48V 250-1000W o 48V y 52V 250-1000W. Tiene un rango de temperatura de carga de 0-45\u00b0C y un rango de temperatura de descarga de -20-65\u00b0C. El paquete de bater\u00edas tiene un ciclo de vida de al menos 800 ciclos, con una tasa de retenci\u00f3n de capacidad de \u226580%.<br \/>\nEl paquete de bater\u00edas pesa entre 4,5 y 5 kg y tiene unas dimensiones de 526 mm x 79 mm x 104 mm. Todas las celdas utilizadas en el paquete de bater\u00edas son completamente nuevas, lo que garantiza un rendimiento y una longevidad de alta calidad.<\/p>","protected":false},"featured_media":544,"template":"","meta":{"_kad_post_transparent":"default","_kad_post_title":"","_kad_post_layout":"default","_kad_post_sidebar_id":"","_kad_post_content_style":"default","_kad_post_vertical_padding":"default","_kad_post_feature":"","_kad_post_feature_position":"","_kad_post_header":false,"_kad_post_footer":false},"product_cat":[19,23],"product_tag":[330,51,328,326,331,327,329],"class_list":["post-543","product","type-product","status-publish","has-post-thumbnail","hentry","product_cat-custom-ebike-battery","product_cat-inner-ebike-battery","product_tag-21ah-36v","product_tag-battery-electric-bike","product_tag-bosch-ebike-battery-replacement","product_tag-electric-bicycle-battery-pack","product_tag-reention-kirin-battery","product_tag-reention-kirin-ebike-battery","product_tag-reention-kirin-electric-bicycle-battery-pack","entry","content-bg","loop-entry"],"_links":{"self":[{"href":"https:\/\/bybatt.com\/es\/wp-json\/wp\/v2\/product\/543","targetHints":{"allow":["GET"]}}],"collection":[{"href":"https:\/\/bybatt.com\/es\/wp-json\/wp\/v2\/product"}],"about":[{"href":"https:\/\/bybatt.com\/es\/wp-json\/wp\/v2\/types\/product"}],"wp:featuredmedia":[{"embeddable":true,"href":"https:\/\/bybatt.com\/es\/wp-json\/wp\/v2\/media\/544"}],"wp:attachment":[{"href":"https:\/\/bybatt.com\/es\/wp-json\/wp\/v2\/media?parent=543"}],"wp:term":[{"taxonomy":"product_cat","embeddable":true,"href":"https:\/\/bybatt.com\/es\/wp-json\/wp\/v2\/product_cat?post=543"},{"taxonomy":"product_tag","embeddable":true,"href":"https:\/\/bybatt.com\/es\/wp-json\/wp\/v2\/product_tag?post=543"}],"curies":[{"name":"wp","href":"https:\/\/api.w.org\/{rel}","templated":true}]}}