{"id":550,"date":"2023-02-20T02:15:50","date_gmt":"2023-02-20T02:15:50","guid":{"rendered":"https:\/\/bybatt.com\/?post_type=product&#038;p=550"},"modified":"2023-02-20T02:24:42","modified_gmt":"2023-02-20T02:24:42","slug":"tiger-shark-48v-lithium-ion-downtube-mounted-e-bike-battery","status":"publish","type":"product","link":"https:\/\/bybatt.com\/es\/producto\/tiger-shark-48v-lithium-ion-downtube-mounted-e-bike-battery\/","title":{"rendered":"Bater\u00eda de bicicleta el\u00e9ctrica Tiger Shark 48V de iones de litio montada en el tubo inferior"},"content":{"rendered":"","protected":false},"excerpt":{"rendered":"<p>La bater\u00eda de bicicleta el\u00e9ctrica montada en el tubo inferior de iones de litio Tiger Shark de 48 V es una bater\u00eda de alta calidad dise\u00f1ada para bicicletas el\u00e9ctricas. La bater\u00eda usa celdas 100% nuevas y est\u00e1 disponible en tres opciones de voltaje diferentes: 36V, 48V y 52V. La capacidad nominal de la bater\u00eda oscila entre 13 Ah y 20,4 Ah, lo que proporciona una amplia potencia para viajes prolongados.<br \/>\nLas celdas de bater\u00eda utilizadas en la bater\u00eda de bicicleta el\u00e9ctrica montada en el tubo inferior de iones de litio Tiger Shark de 48 V son 18650 celdas de 3,7 V y 2500 mah. La corriente de carga est\u00e1ndar es de 2A, pero se puede personalizar, y la corriente m\u00e1xima de descarga es de 20A, tambi\u00e9n personalizable. El ciclo de vida de la bater\u00eda es m\u00e1s de 1000 veces, lo que la convierte en una opci\u00f3n duradera y rentable.<br \/>\nLa bater\u00eda de bicicleta el\u00e9ctrica montada en el tubo inferior de iones de litio Tiger Shark de 48 V viene en seis tama\u00f1os diferentes, cada uno con una configuraci\u00f3n \u00fanica de celdas. La bater\u00eda est\u00e1 montada en el tubo inferior, lo que permite instalarla f\u00e1cilmente en la mayor\u00eda de las bicicletas el\u00e9ctricas. El peso de la bater\u00eda es de aproximadamente 5 kg, lo que la convierte en una opci\u00f3n relativamente ligera.<br \/>\nLa bater\u00eda cuenta con varios mecanismos de protecci\u00f3n, que incluyen protecci\u00f3n contra sobrecarga, protecci\u00f3n contra descarga excesiva, protecci\u00f3n contra sobrecorriente, protecci\u00f3n contra cortocircuitos y m\u00e1s. El rango de temperatura de carga es de 045 \u00b0C y el rango de temperatura de descarga es de -2060 \u00b0C. El rango de temperatura de almacenamiento es de 20 a 35 \u00b0C, lo que garantiza que la bater\u00eda se pueda almacenar de manera segura y eficiente.<br \/>\nEn general, la bater\u00eda de bicicleta el\u00e9ctrica montada en el tubo inferior de iones de litio Tiger Shark de 48 V es una opci\u00f3n confiable, duradera y de alta calidad para cualquiera que busque alimentar su bicicleta el\u00e9ctrica.<\/p>","protected":false},"featured_media":551,"template":"","meta":{"_kad_post_transparent":"default","_kad_post_title":"","_kad_post_layout":"default","_kad_post_sidebar_id":"","_kad_post_content_style":"default","_kad_post_vertical_padding":"default","_kad_post_feature":"","_kad_post_feature_position":"","_kad_post_header":false,"_kad_post_footer":false},"product_cat":[19,21],"product_tag":[335,336,304,332,43,333,334,337],"class_list":["post-550","product","type-product","status-publish","has-post-thumbnail","hentry","product_cat-custom-ebike-battery","product_cat-down-tube-ebike-battery","product_tag-bosch-ebike-battery","product_tag-downtube-battery","product_tag-downtube-ebike-battery","product_tag-downtube-mounted-e-bike-battery","product_tag-ebike-battery","product_tag-ebike-battery-parts","product_tag-tiger-shark-48v10ah","product_tag-tiger-shark-ebike-battery","entry","content-bg","loop-entry"],"_links":{"self":[{"href":"https:\/\/bybatt.com\/es\/wp-json\/wp\/v2\/product\/550","targetHints":{"allow":["GET"]}}],"collection":[{"href":"https:\/\/bybatt.com\/es\/wp-json\/wp\/v2\/product"}],"about":[{"href":"https:\/\/bybatt.com\/es\/wp-json\/wp\/v2\/types\/product"}],"wp:featuredmedia":[{"embeddable":true,"href":"https:\/\/bybatt.com\/es\/wp-json\/wp\/v2\/media\/551"}],"wp:attachment":[{"href":"https:\/\/bybatt.com\/es\/wp-json\/wp\/v2\/media?parent=550"}],"wp:term":[{"taxonomy":"product_cat","embeddable":true,"href":"https:\/\/bybatt.com\/es\/wp-json\/wp\/v2\/product_cat?post=550"},{"taxonomy":"product_tag","embeddable":true,"href":"https:\/\/bybatt.com\/es\/wp-json\/wp\/v2\/product_tag?post=550"}],"curies":[{"name":"wp","href":"https:\/\/api.w.org\/{rel}","templated":true}]}}