{"id":557,"date":"2023-02-20T02:27:51","date_gmt":"2023-02-20T02:27:51","guid":{"rendered":"https:\/\/bybatt.com\/?post_type=product&#038;p=557"},"modified":"2023-02-20T02:36:38","modified_gmt":"2023-02-20T02:36:38","slug":"52v-50amp-8-4ah-rechargeable-21700-lithium-e-bike-battery","status":"publish","type":"product","link":"https:\/\/bybatt.com\/es\/producto\/52v-50amp-8-4ah-rechargeable-21700-lithium-e-bike-battery\/","title":{"rendered":"52V 50AMP 8.4AH Bater\u00eda recargable de litio 21700 para bicicleta el\u00e9ctrica"},"content":{"rendered":"","protected":false},"excerpt":{"rendered":"<p>La bater\u00eda recargable de litio para bicicleta el\u00e9ctrica 21700 de 52 V, 50 A, 8,4 Ah es una bater\u00eda de iones de litio de alto rendimiento dise\u00f1ada para su uso en bicicletas el\u00e9ctricas. Est\u00e1 hecho de celdas 100% nuevas y est\u00e1 disponible en varias configuraciones diferentes, con voltajes nominales de 36 V, 48 V y 52 V y capacidades nominales que van desde 13 Ah hasta 20,4 Ah. La bater\u00eda est\u00e1 construida con celdas 18650 3.7V 2500mah y presenta una corriente de carga est\u00e1ndar de 2A, aunque esto se puede personalizar para satisfacer requisitos espec\u00edficos.<br \/>\nLa bater\u00eda es capaz de entregar una corriente de descarga m\u00e1xima de 51A y tiene un ciclo de vida de m\u00e1s de 1000 veces. Se puede cargar usando el m\u00e9todo de carga de voltaje constante y corriente constante, y est\u00e1 disponible en tres tama\u00f1os diferentes: Polly DP-9 367 mm x 141 mm x 90 mm, Polly DP-5\/5C 368 mm x 96 mm x 90 mm y Polly DP-6\/ 6C 368 mm x 112 mm x 90 mm. La bater\u00eda pesa alrededor de 5 KG y se puede cargar a temperaturas entre 045 \u00b0C, mientras que la temperatura de descarga oscila entre -2060 \u00b0C. La bater\u00eda tambi\u00e9n cuenta con protecci\u00f3n contra sobrecarga, sobredescarga, sobrecorriente, cortocircuitos y otros peligros.<\/p>","protected":false},"featured_media":558,"template":"","meta":{"_kad_post_transparent":"default","_kad_post_title":"","_kad_post_layout":"default","_kad_post_sidebar_id":"","_kad_post_content_style":"default","_kad_post_vertical_padding":"default","_kad_post_feature":"","_kad_post_feature_position":"","_kad_post_header":false,"_kad_post_footer":false},"product_cat":[19,21],"product_tag":[341,338,342,343,340,339],"class_list":["post-557","product","type-product","status-publish","has-post-thumbnail","hentry","product_cat-custom-ebike-battery","product_cat-down-tube-ebike-battery","product_tag-21700-cell-rechargeable-ebike-battery","product_tag-21700-lithium-e-bike-battery","product_tag-52v-ebike-battery","product_tag-e-bike-battery-replacement","product_tag-electric-bike-battery-36v","product_tag-lithium-ion-e-bike-battery","entry","content-bg","loop-entry"],"_links":{"self":[{"href":"https:\/\/bybatt.com\/es\/wp-json\/wp\/v2\/product\/557","targetHints":{"allow":["GET"]}}],"collection":[{"href":"https:\/\/bybatt.com\/es\/wp-json\/wp\/v2\/product"}],"about":[{"href":"https:\/\/bybatt.com\/es\/wp-json\/wp\/v2\/types\/product"}],"wp:featuredmedia":[{"embeddable":true,"href":"https:\/\/bybatt.com\/es\/wp-json\/wp\/v2\/media\/558"}],"wp:attachment":[{"href":"https:\/\/bybatt.com\/es\/wp-json\/wp\/v2\/media?parent=557"}],"wp:term":[{"taxonomy":"product_cat","embeddable":true,"href":"https:\/\/bybatt.com\/es\/wp-json\/wp\/v2\/product_cat?post=557"},{"taxonomy":"product_tag","embeddable":true,"href":"https:\/\/bybatt.com\/es\/wp-json\/wp\/v2\/product_tag?post=557"}],"curies":[{"name":"wp","href":"https:\/\/api.w.org\/{rel}","templated":true}]}}