{"id":564,"date":"2023-02-20T03:00:52","date_gmt":"2023-02-20T03:00:52","guid":{"rendered":"https:\/\/bybatt.com\/?post_type=product&#038;p=564"},"modified":"2023-02-20T03:06:21","modified_gmt":"2023-02-20T03:06:21","slug":"48v-14ah-lithium-ion-e-bike-batteries-in-aluminum-case","status":"publish","type":"product","link":"https:\/\/bybatt.com\/es\/producto\/48v-14ah-lithium-ion-e-bike-batteries-in-aluminum-case\/","title":{"rendered":"Bater\u00edas de bicicleta el\u00e9ctrica de iones de litio de 48 V y 14 Ah en caja de aluminio"},"content":{"rendered":"","protected":false},"excerpt":{"rendered":"<p>Este producto es una bater\u00eda de bicicleta el\u00e9ctrica de iones de litio de 48 V contenida en una caja de aluminio. Las celdas de bater\u00eda utilizadas son 100% nuevas y tienen una qu\u00edmica de Li(NiCoMn)O2 18650. Tiene un voltaje nominal de 36V o 48V y una capacidad nominal de 15Ah, 17.5ah, 12.8ah o 14ah. La celda de bater\u00eda utilizada es una famosa celda 18650 con una capacidad de 3200 mAh o 3400 mAh. La configuraci\u00f3n de la bater\u00eda es 13S5P y el sistema de gesti\u00f3n de bater\u00eda (BMS) es 16A o se puede personalizar. La bater\u00eda tiene un tama\u00f1o de 40 mm x 100 mm x 430 mm y contiene 52 celdas 18650, con un peso de 4,5 kg. El voltaje de corte de descarga es de 30 V y el voltaje de carga es de 42,6 V. La bater\u00eda puede mantener 80% de su poder despu\u00e9s de 800 ciclos, con un rango de temperatura de trabajo de 20 ~ 60 Celsius.<\/p>","protected":false},"featured_media":565,"template":"","meta":{"_kad_post_transparent":"default","_kad_post_title":"","_kad_post_layout":"default","_kad_post_sidebar_id":"","_kad_post_content_style":"default","_kad_post_vertical_padding":"default","_kad_post_feature":"","_kad_post_feature_position":"","_kad_post_header":false,"_kad_post_footer":false},"product_cat":[19,21],"product_tag":[345,346,344,318],"class_list":["post-564","product","type-product","status-publish","has-post-thumbnail","hentry","product_cat-custom-ebike-battery","product_cat-down-tube-ebike-battery","product_tag-48v-14ah-lithium-pack","product_tag-bike-battery","product_tag-e-bike-batteries-in-aluminum-case","product_tag-electric-bike-battery","entry","content-bg","loop-entry"],"_links":{"self":[{"href":"https:\/\/bybatt.com\/es\/wp-json\/wp\/v2\/product\/564","targetHints":{"allow":["GET"]}}],"collection":[{"href":"https:\/\/bybatt.com\/es\/wp-json\/wp\/v2\/product"}],"about":[{"href":"https:\/\/bybatt.com\/es\/wp-json\/wp\/v2\/types\/product"}],"wp:featuredmedia":[{"embeddable":true,"href":"https:\/\/bybatt.com\/es\/wp-json\/wp\/v2\/media\/565"}],"wp:attachment":[{"href":"https:\/\/bybatt.com\/es\/wp-json\/wp\/v2\/media?parent=564"}],"wp:term":[{"taxonomy":"product_cat","embeddable":true,"href":"https:\/\/bybatt.com\/es\/wp-json\/wp\/v2\/product_cat?post=564"},{"taxonomy":"product_tag","embeddable":true,"href":"https:\/\/bybatt.com\/es\/wp-json\/wp\/v2\/product_tag?post=564"}],"curies":[{"name":"wp","href":"https:\/\/api.w.org\/{rel}","templated":true}]}}