{"id":579,"date":"2023-02-20T03:58:05","date_gmt":"2023-02-20T03:58:05","guid":{"rendered":"https:\/\/bybatt.com\/?post_type=product&#038;p=579"},"modified":"2023-02-20T04:04:26","modified_gmt":"2023-02-20T04:04:26","slug":"hailong-battery-52v-17-5ah-electric-bicycle-battery-pack","status":"publish","type":"product","link":"https:\/\/bybatt.com\/es\/producto\/hailong-battery-52v-17-5ah-electric-bicycle-battery-pack\/","title":{"rendered":"Paquete de bater\u00eda de bicicleta el\u00e9ctrica Hailong Battery 52V 17.5Ah"},"content":{"rendered":"","protected":false},"excerpt":{"rendered":"<p>La bater\u00eda original para bicicleta el\u00e9ctrica Reention Dorado de 48 V y 17,5 Ah est\u00e1 dise\u00f1ada para su uso en bicicletas el\u00e9ctricas y tiene un voltaje nominal de 36 V o 48 V y una capacidad nominal de 10,4 Ah, 11,6 Ah, 13,6 Ah, 13 Ah, 14,5 Ah o 17,5 Ah. La bater\u00eda utiliza la qu\u00edmica LiNiCoMnO2 y 18650 celdas de 3,7 V y 2500 mAh.<br \/>\nEl estilo de caja exterior de la bater\u00eda es una caja de bater\u00eda interior, y la cantidad de celdas utilizadas en la bater\u00eda var\u00eda seg\u00fan el modelo. El Dorado Mini usa 30 o 40 celdas, el Dorado Pro usa 40 o 50 celdas, el Dorado Plus usa 52 o 65 celdas y el Dorado Max usa 64 u 80 celdas. El peso de la bater\u00eda es de 5,5 kg.<br \/>\nLa bater\u00eda se puede cargar mediante una carga est\u00e1ndar con una corriente constante de 0,2C y un voltaje constante de 54,6V con un corte de 100mA, o una carga r\u00e1pida con una corriente constante de 0,5CA y un voltaje constante de 54,6V con un Corte de 100mA. La bater\u00eda se puede descargar utilizando una corriente constante de 0,2C y una tensi\u00f3n final de 39V.<br \/>\nLa bater\u00eda tiene una vida \u00fatil de 500 ciclos con DOD80% y una corriente de descarga continua de 17A o personalizada. La corriente m\u00e1xima de descarga es 51A o personalizada. El sistema de gesti\u00f3n de la bater\u00eda (BMS) proporciona protecci\u00f3n contra sobrecorriente, protecci\u00f3n contra descarga excesiva, protecci\u00f3n contra sobrecarga, protecci\u00f3n contra cortocircuitos y equilibrio. La bater\u00eda se puede almacenar a temperaturas entre -10 y 40 \u2103 con una humedad relativa de 45-75% y una presi\u00f3n de 86-106KPa.<\/p>","protected":false},"featured_media":580,"template":"","meta":{"_kad_post_transparent":"default","_kad_post_title":"","_kad_post_layout":"default","_kad_post_sidebar_id":"","_kad_post_content_style":"default","_kad_post_vertical_padding":"default","_kad_post_feature":"","_kad_post_feature_position":"","_kad_post_header":false,"_kad_post_footer":false},"product_cat":[19,21],"product_tag":[354,353,326,351,355,356,352],"class_list":["post-579","product","type-product","status-publish","has-post-thumbnail","hentry","product_cat-custom-ebike-battery","product_cat-down-tube-ebike-battery","product_tag-battery-pack","product_tag-electric-bicycle-52v-20ah-battery","product_tag-electric-bicycle-battery-pack","product_tag-hailong-battery-52v-17-5ah","product_tag-hailong-s039-3-battery","product_tag-hailong-s039-3-electric-bicycle-battery","product_tag-lithium-ion-battery-pack","entry","content-bg","loop-entry"],"_links":{"self":[{"href":"https:\/\/bybatt.com\/es\/wp-json\/wp\/v2\/product\/579","targetHints":{"allow":["GET"]}}],"collection":[{"href":"https:\/\/bybatt.com\/es\/wp-json\/wp\/v2\/product"}],"about":[{"href":"https:\/\/bybatt.com\/es\/wp-json\/wp\/v2\/types\/product"}],"wp:featuredmedia":[{"embeddable":true,"href":"https:\/\/bybatt.com\/es\/wp-json\/wp\/v2\/media\/580"}],"wp:attachment":[{"href":"https:\/\/bybatt.com\/es\/wp-json\/wp\/v2\/media?parent=579"}],"wp:term":[{"taxonomy":"product_cat","embeddable":true,"href":"https:\/\/bybatt.com\/es\/wp-json\/wp\/v2\/product_cat?post=579"},{"taxonomy":"product_tag","embeddable":true,"href":"https:\/\/bybatt.com\/es\/wp-json\/wp\/v2\/product_tag?post=579"}],"curies":[{"name":"wp","href":"https:\/\/api.w.org\/{rel}","templated":true}]}}