{"id":586,"date":"2023-02-20T04:07:10","date_gmt":"2023-02-20T04:07:10","guid":{"rendered":"https:\/\/bybatt.com\/?post_type=product&#038;p=586"},"modified":"2023-02-20T04:11:38","modified_gmt":"2023-02-20T04:11:38","slug":"52v-48v-hailong-ebike-battery-electric-bike-lithium-battery","status":"publish","type":"product","link":"https:\/\/bybatt.com\/es\/producto\/52v-48v-hailong-ebike-battery-electric-bike-lithium-battery\/","title":{"rendered":"bater\u00eda de litio el\u00e9ctrica de la bici de la bater\u00eda de 52V 48V Hailong Ebike"},"content":{"rendered":"","protected":false},"excerpt":{"rendered":"<p>La bater\u00eda de bicicleta el\u00e9ctrica Hailong de 52 V\/48 V es una bater\u00eda de litio para bicicleta el\u00e9ctrica dise\u00f1ada para proporcionar energ\u00eda a una bicicleta el\u00e9ctrica. La bater\u00eda se compone de celdas 100% nuevas que se obtienen de fabricantes de celdas de Jap\u00f3n o Corea de grado A, lo que garantiza que la bater\u00eda tenga una construcci\u00f3n de alta calidad.<br \/>\nLa bater\u00eda est\u00e1 disponible en diferentes clasificaciones, con una clasificaci\u00f3n de voltaje de 36 V\/48 V\/52 V y una clasificaci\u00f3n de capacidad de 17,4 Ah\/12 Ah\/13 Ah\/14,5 Ah\/17,5 Ah\/13 Ah, lo que le brinda diferentes opciones para elegir en funci\u00f3n de su requisitos<br \/>\nLas dimensiones de la bater\u00eda son 365 mm x 90 mm x 110 mm, lo que la convierte en un tama\u00f1o adecuado para la mayor\u00eda de las bicicletas el\u00e9ctricas. La bater\u00eda est\u00e1 equipada con un BMS (Sistema de gesti\u00f3n de bater\u00eda) con una clasificaci\u00f3n de 25 A\/30 A, lo que garantiza la seguridad y la longevidad de la bater\u00eda.<br \/>\nLa bater\u00eda viene con un cargador, que est\u00e1 disponible en tres clasificaciones diferentes: 42 V 2 A\/54,6 V 2 A\/58,8 V 2 A, y la bater\u00eda tiene un voltaje de corte de carga de 42 V\/54,6 V\/58,8 V y un corte de descarga voltaje de 28V\/36.4V\/39.2V.<br \/>\nLa bater\u00eda tiene un ciclo de vida de 80% de potencia despu\u00e9s de 800 ciclos, lo que significa que puede cargarse y descargarse hasta 800 veces antes de que pierda 20% de su capacidad original. El tipo de bater\u00eda es Li (NiCoMn) O2 18650, que es una qu\u00edmica de bater\u00eda de iones de litio com\u00fan utilizada en bater\u00edas de bicicletas el\u00e9ctricas.<br \/>\nEn general, la bater\u00eda para bicicleta el\u00e9ctrica Hailong de 52 V\/48 V es una bater\u00eda de litio de alta calidad dise\u00f1ada para durar y proporcionar una fuente confiable de energ\u00eda para su bicicleta el\u00e9ctrica.<\/p>","protected":false},"featured_media":587,"template":"","meta":{"_kad_post_transparent":"default","_kad_post_title":"","_kad_post_layout":"default","_kad_post_sidebar_id":"","_kad_post_content_style":"default","_kad_post_vertical_padding":"default","_kad_post_feature":"","_kad_post_feature_position":"","_kad_post_header":false,"_kad_post_footer":false},"product_cat":[19,21],"product_tag":[354,353,326,351,357,355,356,352],"class_list":["post-586","product","type-product","status-publish","has-post-thumbnail","hentry","product_cat-custom-ebike-battery","product_cat-down-tube-ebike-battery","product_tag-battery-pack","product_tag-electric-bicycle-52v-20ah-battery","product_tag-electric-bicycle-battery-pack","product_tag-hailong-battery-52v-17-5ah","product_tag-hailong-ebike-battery","product_tag-hailong-s039-3-battery","product_tag-hailong-s039-3-electric-bicycle-battery","product_tag-lithium-ion-battery-pack","entry","content-bg","loop-entry"],"_links":{"self":[{"href":"https:\/\/bybatt.com\/es\/wp-json\/wp\/v2\/product\/586","targetHints":{"allow":["GET"]}}],"collection":[{"href":"https:\/\/bybatt.com\/es\/wp-json\/wp\/v2\/product"}],"about":[{"href":"https:\/\/bybatt.com\/es\/wp-json\/wp\/v2\/types\/product"}],"wp:featuredmedia":[{"embeddable":true,"href":"https:\/\/bybatt.com\/es\/wp-json\/wp\/v2\/media\/587"}],"wp:attachment":[{"href":"https:\/\/bybatt.com\/es\/wp-json\/wp\/v2\/media?parent=586"}],"wp:term":[{"taxonomy":"product_cat","embeddable":true,"href":"https:\/\/bybatt.com\/es\/wp-json\/wp\/v2\/product_cat?post=586"},{"taxonomy":"product_tag","embeddable":true,"href":"https:\/\/bybatt.com\/es\/wp-json\/wp\/v2\/product_tag?post=586"}],"curies":[{"name":"wp","href":"https:\/\/api.w.org\/{rel}","templated":true}]}}