{"id":593,"date":"2023-02-20T04:17:45","date_gmt":"2023-02-20T04:17:45","guid":{"rendered":"https:\/\/bybatt.com\/?post_type=product&#038;p=593"},"modified":"2023-03-05T16:17:11","modified_gmt":"2023-03-05T16:17:11","slug":"authorized-hailong-downtube-lithium-battery-pack-for-e-bike","status":"publish","type":"product","link":"https:\/\/bybatt.com\/es\/producto\/authorized-hailong-downtube-lithium-battery-pack-for-e-bike\/","title":{"rendered":"Paquete de bater\u00eda de litio Hailong Downtube autorizado para E-Bike"},"content":{"rendered":"","protected":false},"excerpt":{"rendered":"<p>El paquete de bater\u00edas de litio para bicicletas el\u00e9ctricas Hailong Downtube autorizado es una bater\u00eda de alta calidad dise\u00f1ada para bicicletas el\u00e9ctricas. Utiliza nuevas celdas 100% y est\u00e1 disponible en una gama de voltajes y capacidades para adaptarse a diferentes modelos y aplicaciones de bicicletas el\u00e9ctricas.<br \/>\nLas opciones de voltaje disponibles son 72 V, 60 V, 36 V, 48 V y 52 V, mientras que las opciones de capacidad disponibles son 28,8 Ah, 24 Ah, 13 Ah, 15 Ah, 20 Ah y 18 Ah. La bater\u00eda se compone de G2500 Cell\/Samsung 35E, G2500 Cell, G2500 Cell, G2500 Cell.<br \/>\nEste paquete de bater\u00edas se puede aplicar a motores de bicicletas el\u00e9ctricas con un rango de potencia de 200-1000W, 200-1500W, 200-1800W y 200-2200W. Las opciones de BMS (Sistema de gesti\u00f3n de bater\u00eda) disponibles son 30A, 40A y 50A, lo que proporciona una gesti\u00f3n de bater\u00eda eficiente y fiable.<br \/>\nEn general, este paquete de bater\u00edas de litio Hailong Downtube es una fuente de energ\u00eda confiable y de alto rendimiento para bicicletas el\u00e9ctricas, lo que lo convierte en una excelente opci\u00f3n para los entusiastas de las bicicletas el\u00e9ctricas que exigen lo mejor de sus bicicletas el\u00e9ctricas.<\/p>","protected":false},"featured_media":594,"template":"","meta":{"_kad_post_transparent":"default","_kad_post_title":"","_kad_post_layout":"default","_kad_post_sidebar_id":"","_kad_post_content_style":"default","_kad_post_vertical_padding":"default","_kad_post_feature":"","_kad_post_feature_position":"","_kad_post_header":false,"_kad_post_footer":false},"product_cat":[19,21],"product_tag":[354,353,326,351,358,357,355,356,352],"class_list":["post-593","product","type-product","status-publish","has-post-thumbnail","hentry","product_cat-custom-ebike-battery","product_cat-down-tube-ebike-battery","product_tag-battery-pack","product_tag-electric-bicycle-52v-20ah-battery","product_tag-electric-bicycle-battery-pack","product_tag-hailong-battery-52v-17-5ah","product_tag-hailong-downtube-lithium-battery","product_tag-hailong-ebike-battery","product_tag-hailong-s039-3-battery","product_tag-hailong-s039-3-electric-bicycle-battery","product_tag-lithium-ion-battery-pack","entry","content-bg","loop-entry"],"_links":{"self":[{"href":"https:\/\/bybatt.com\/es\/wp-json\/wp\/v2\/product\/593","targetHints":{"allow":["GET"]}}],"collection":[{"href":"https:\/\/bybatt.com\/es\/wp-json\/wp\/v2\/product"}],"about":[{"href":"https:\/\/bybatt.com\/es\/wp-json\/wp\/v2\/types\/product"}],"wp:featuredmedia":[{"embeddable":true,"href":"https:\/\/bybatt.com\/es\/wp-json\/wp\/v2\/media\/594"}],"wp:attachment":[{"href":"https:\/\/bybatt.com\/es\/wp-json\/wp\/v2\/media?parent=593"}],"wp:term":[{"taxonomy":"product_cat","embeddable":true,"href":"https:\/\/bybatt.com\/es\/wp-json\/wp\/v2\/product_cat?post=593"},{"taxonomy":"product_tag","embeddable":true,"href":"https:\/\/bybatt.com\/es\/wp-json\/wp\/v2\/product_tag?post=593"}],"curies":[{"name":"wp","href":"https:\/\/api.w.org\/{rel}","templated":true}]}}