{"id":601,"date":"2023-02-20T04:24:12","date_gmt":"2023-02-20T04:24:12","guid":{"rendered":"https:\/\/bybatt.com\/?post_type=product&#038;p=601"},"modified":"2023-02-20T04:36:07","modified_gmt":"2023-02-20T04:36:07","slug":"24v-10ah-rechargeable-18650-battery-cells-battery-pack","status":"publish","type":"product","link":"https:\/\/bybatt.com\/es\/producto\/24v-10ah-rechargeable-18650-battery-cells-battery-pack\/","title":{"rendered":"Bater\u00eda recargable de 24V 10Ah 18650 celdas de bater\u00eda"},"content":{"rendered":"","protected":false},"excerpt":{"rendered":"<p>El producto que se describe es un paquete de bater\u00edas recargables de 24V 10Ah compuesto por 18650 celdas de bater\u00eda. El paquete de bater\u00edas consta de 28 celdas, dispuestas en una configuraci\u00f3n de 4 series en paralelo 7, cada celda tiene una capacidad nominal de 2500 mAh y un voltaje nominal de 3,7 V.<br \/>\nEl paquete de bater\u00edas tiene una fuente de resistencia de menos de 40 m\u03a9, un voltaje de corte de descarga de 41+\/-1 V y un voltaje de corte de carga de 29,4 V. Tiene una corriente de descarga nominal de 10A, una corriente de descarga m\u00e1xima instant\u00e1nea de 30A y una corriente de descarga continua m\u00e1xima de 20A. La corriente de carga continua m\u00e1xima es de 5 A y el modo de carga es CC\/CV, con una corriente de carga est\u00e1ndar de 2 A y un tiempo de carga de 5 horas con corriente de carga est\u00e1ndar. La carga r\u00e1pida tambi\u00e9n est\u00e1 disponible con una corriente de carga r\u00e1pida de 5 A y un tiempo de carga de 2 horas con corriente de carga r\u00e1pida.<br \/>\nEl paquete de bater\u00edas puede funcionar en un amplio rango de temperatura de -20 a 60 \u00b0C tanto para la carga como para la descarga. El tama\u00f1o de la bater\u00eda es de 225 x 130 x 85 mm, con un peso neto de 2 kg y un peso bruto de 2,5 kg. El fabricante confirma que todas las celdas utilizadas en el paquete de bater\u00edas son 100% nuevas.<\/p>","protected":false},"featured_media":602,"template":"","meta":{"_kad_post_transparent":"default","_kad_post_title":"","_kad_post_layout":"default","_kad_post_sidebar_id":"","_kad_post_content_style":"default","_kad_post_vertical_padding":"default","_kad_post_feature":"","_kad_post_feature_position":"","_kad_post_header":false,"_kad_post_footer":false},"product_cat":[19,21],"product_tag":[360,359,361,362,352,363],"class_list":["post-601","product","type-product","status-publish","has-post-thumbnail","hentry","product_cat-custom-ebike-battery","product_cat-down-tube-ebike-battery","product_tag-18650-battery-cells","product_tag-18650-battery-cells-battery-pack","product_tag-24v-10ah-silver-battery","product_tag-battery-rechargeable","product_tag-lithium-ion-battery-pack","product_tag-lithium-ion-e-bike-batteries-in-aluminum-cases","entry","content-bg","loop-entry"],"_links":{"self":[{"href":"https:\/\/bybatt.com\/es\/wp-json\/wp\/v2\/product\/601","targetHints":{"allow":["GET"]}}],"collection":[{"href":"https:\/\/bybatt.com\/es\/wp-json\/wp\/v2\/product"}],"about":[{"href":"https:\/\/bybatt.com\/es\/wp-json\/wp\/v2\/types\/product"}],"wp:featuredmedia":[{"embeddable":true,"href":"https:\/\/bybatt.com\/es\/wp-json\/wp\/v2\/media\/602"}],"wp:attachment":[{"href":"https:\/\/bybatt.com\/es\/wp-json\/wp\/v2\/media?parent=601"}],"wp:term":[{"taxonomy":"product_cat","embeddable":true,"href":"https:\/\/bybatt.com\/es\/wp-json\/wp\/v2\/product_cat?post=601"},{"taxonomy":"product_tag","embeddable":true,"href":"https:\/\/bybatt.com\/es\/wp-json\/wp\/v2\/product_tag?post=601"}],"curies":[{"name":"wp","href":"https:\/\/api.w.org\/{rel}","templated":true}]}}