{"id":608,"date":"2023-02-20T04:38:46","date_gmt":"2023-02-20T04:38:46","guid":{"rendered":"https:\/\/bybatt.com\/?post_type=product&#038;p=608"},"modified":"2023-03-05T16:17:06","modified_gmt":"2023-03-05T16:17:06","slug":"24v-8ah-silverfish-ebike-battery-electric-bike-battery","status":"publish","type":"product","link":"https:\/\/bybatt.com\/es\/producto\/24v-8ah-silverfish-ebike-battery-electric-bike-battery\/","title":{"rendered":"24V 8Ah Silverfish Ebike Bater\u00eda Bater\u00eda de bicicleta el\u00e9ctrica"},"content":{"rendered":"","protected":false},"excerpt":{"rendered":"<p>La bater\u00eda Silverfish Ebike de 24 V y 8 Ah es una bater\u00eda para bicicleta el\u00e9ctrica fabricada con nuevas celdas de bater\u00eda de iones de litio 100%. Tiene una tensi\u00f3n nominal de 24V o 36V y una capacidad nominal de 8Ah, 10Ah, 15Ah o 20Ah, seg\u00fan la configuraci\u00f3n elegida. Las configuraciones disponibles son 7S4P, 7S6P o 7S8P, y las celdas de bater\u00eda utilizadas son celdas de grado 18650 A.<br \/>\nLa bater\u00eda viene con un BMS de 15A apto para usar con un motor de 250W y un cargador con una salida de 29.4V 2A. El voltaje de corte de descarga se establece en 19,6 V y la bater\u00eda tiene un tama\u00f1o de 425*77*85 mm y un peso de 2,5 kg, 3 kg o 3,8 kg, seg\u00fan la configuraci\u00f3n elegida.<br \/>\nLa bater\u00eda tiene un ciclo de vida de al menos 800 veces y puede operar en temperaturas que van desde -10 a 45 grados Celsius. Es adecuado para usar como bater\u00eda de bicicleta el\u00e9ctrica, para uso en rickshaws, triciclos y motocicletas. La bater\u00eda tiene protecci\u00f3n contra sobrecarga, protecci\u00f3n contra sobredescarga, protecci\u00f3n contra sobrecorriente, protecci\u00f3n contra cortocircuitos y protecci\u00f3n de resistencia.<br \/>\nEl voltaje de carga est\u00e1 equilibrado para la carga de una sola celda, y la corriente de carga continua m\u00e1xima y la corriente de descarga continua m\u00e1xima dependen de la configuraci\u00f3n elegida. En general, esta bater\u00eda es una opci\u00f3n de alta calidad para aquellos que buscan alimentar sus bicicletas el\u00e9ctricas y otros veh\u00edculos.<\/p>","protected":false},"featured_media":609,"template":"","meta":{"_kad_post_transparent":"default","_kad_post_title":"","_kad_post_layout":"default","_kad_post_sidebar_id":"","_kad_post_content_style":"default","_kad_post_vertical_padding":"default","_kad_post_feature":"","_kad_post_feature_position":"","_kad_post_header":false,"_kad_post_footer":false},"product_cat":[19,21],"product_tag":[365,52,41,366,364],"class_list":["post-608","product","type-product","status-publish","has-post-thumbnail","hentry","product_cat-custom-ebike-battery","product_cat-down-tube-ebike-battery","product_tag-24v-8ah-lithium-ion-batteries","product_tag-battery","product_tag-electric-bicycle-battery","product_tag-lithium-battery","product_tag-silverfish-ebike-battery","entry","content-bg","loop-entry"],"_links":{"self":[{"href":"https:\/\/bybatt.com\/es\/wp-json\/wp\/v2\/product\/608","targetHints":{"allow":["GET"]}}],"collection":[{"href":"https:\/\/bybatt.com\/es\/wp-json\/wp\/v2\/product"}],"about":[{"href":"https:\/\/bybatt.com\/es\/wp-json\/wp\/v2\/types\/product"}],"wp:featuredmedia":[{"embeddable":true,"href":"https:\/\/bybatt.com\/es\/wp-json\/wp\/v2\/media\/609"}],"wp:attachment":[{"href":"https:\/\/bybatt.com\/es\/wp-json\/wp\/v2\/media?parent=608"}],"wp:term":[{"taxonomy":"product_cat","embeddable":true,"href":"https:\/\/bybatt.com\/es\/wp-json\/wp\/v2\/product_cat?post=608"},{"taxonomy":"product_tag","embeddable":true,"href":"https:\/\/bybatt.com\/es\/wp-json\/wp\/v2\/product_tag?post=608"}],"curies":[{"name":"wp","href":"https:\/\/api.w.org\/{rel}","templated":true}]}}