{"id":205,"date":"2023-02-15T13:30:02","date_gmt":"2023-02-15T13:30:02","guid":{"rendered":"https:\/\/bybatt.com\/?post_type=product&#038;p=205"},"modified":"2023-02-15T15:11:20","modified_gmt":"2023-02-15T15:11:20","slug":"rechargeable-36-volt-lithium-battery-for-electric-bike","status":"publish","type":"product","link":"https:\/\/bybatt.com\/fi\/tuote\/rechargeable-36-volt-lithium-battery-for-electric-bike\/","title":{"rendered":"Ladattava 36 voltin litiumakku s\u00e4hk\u00f6py\u00f6r\u00e4\u00e4n"},"content":{"rendered":"","protected":false},"excerpt":{"rendered":"<p>Esittelyss\u00e4 36 V:n ladattava litiumioniakkumme, joka on t\u00e4ydellinen useisiin sovelluksiin. Nimellisj\u00e4nnitteell\u00e4 36 V ja latausj\u00e4nnitteell\u00e4 42,5 V t\u00e4m\u00e4 akku tarjoaa luotettavaa ja pitk\u00e4kestoista virtaa. Saatavana kahdella nimelliskapasiteetilla, 10,5 Ah ja 17,5 Ah, t\u00e4m\u00e4 akku sopii monenlaisiin tarpeisiin.<br \/>\nAkun vakiolatausvirta 4A ja jatkuva purkausvirta 20A, huippupurkausvirta 25A. Purkauksen katkaisuj\u00e4nnite on 27,5 V, mik\u00e4 varmistaa turvallisen ja luotettavan purkauksen.<br \/>\nAkkumme k\u00e4ytt\u00e4\u00e4 \u00e4lyk\u00e4st\u00e4 UART BMS -ratkaisua, joka varmistaa, ett\u00e4 kaikki k\u00e4ytetyt kennot ovat 100% uusia. Siin\u00e4 on my\u00f6s latausj\u00e4nnitteen tasausj\u00e4nnite yksitt\u00e4isille kennoille sek\u00e4 ylilataus-, ylipurkaus-, ylivirta- ja oikosulkusuojaus. Akun k\u00e4ytt\u00f6ik\u00e4 on yli 500 kertaa ja se on saatavana mustana.<br \/>\nT\u00e4m\u00e4 akku on kevyt ja painaa noin 3 kg, joten sit\u00e4 on helppo kuljettaa ja k\u00e4ytt\u00e4\u00e4 erilaisissa sovelluksissa. Lataus tapahtuu tasavirtal\u00e4hteen\/laturin kautta, ja akun latausl\u00e4mp\u00f6tila-alue on 10 \u00b0C - 45 \u00b0C ja purkausl\u00e4mp\u00f6tila -20 \u00b0C - 60 \u00b0C.<br \/>\nValitse 36 V ladattava litiumioniakkumme luotettavaksi ja tehokkaaksi virtaratkaisuksi, joka t\u00e4ytt\u00e4\u00e4 kaikki tarpeesi.<\/p>","protected":false},"featured_media":208,"template":"","meta":{"_kad_post_transparent":"default","_kad_post_title":"","_kad_post_layout":"default","_kad_post_sidebar_id":"","_kad_post_content_style":"default","_kad_post_vertical_padding":"default","_kad_post_feature":"","_kad_post_feature_position":"","_kad_post_header":false,"_kad_post_footer":false},"product_cat":[20,19],"product_tag":[38,43,44,41,40,42,39],"class_list":["post-205","product","type-product","status-publish","has-post-thumbnail","hentry","product_cat-smart-ebike-battery","product_cat-custom-ebike-battery","product_tag-36-volt-lithium-battery","product_tag-ebike-battery","product_tag-ebike-conversion-kit","product_tag-electric-bicycle-battery","product_tag-electric-bike-lithium-battery","product_tag-lithium-ion-battery","product_tag-rechargeable-lithium-battery","entry","content-bg","loop-entry"],"_links":{"self":[{"href":"https:\/\/bybatt.com\/fi\/wp-json\/wp\/v2\/product\/205","targetHints":{"allow":["GET"]}}],"collection":[{"href":"https:\/\/bybatt.com\/fi\/wp-json\/wp\/v2\/product"}],"about":[{"href":"https:\/\/bybatt.com\/fi\/wp-json\/wp\/v2\/types\/product"}],"wp:featuredmedia":[{"embeddable":true,"href":"https:\/\/bybatt.com\/fi\/wp-json\/wp\/v2\/media\/208"}],"wp:attachment":[{"href":"https:\/\/bybatt.com\/fi\/wp-json\/wp\/v2\/media?parent=205"}],"wp:term":[{"taxonomy":"product_cat","embeddable":true,"href":"https:\/\/bybatt.com\/fi\/wp-json\/wp\/v2\/product_cat?post=205"},{"taxonomy":"product_tag","embeddable":true,"href":"https:\/\/bybatt.com\/fi\/wp-json\/wp\/v2\/product_tag?post=205"}],"curies":[{"name":"wp","href":"https:\/\/api.w.org\/{rel}","templated":true}]}}