{"id":223,"date":"2023-02-16T03:51:27","date_gmt":"2023-02-16T03:51:27","guid":{"rendered":"https:\/\/bybatt.com\/?post_type=product&#038;p=223"},"modified":"2023-02-16T04:04:58","modified_gmt":"2023-02-16T04:04:58","slug":"original-xiaomi-no-9-36v-electric-scooter-lithium-battery","status":"publish","type":"product","link":"https:\/\/bybatt.com\/fi\/tuote\/original-xiaomi-no-9-36v-electric-scooter-lithium-battery\/","title":{"rendered":"Alkuper\u00e4inen Xiaomi No.9 36V s\u00e4hk\u00f6skootterin litiumakku"},"content":{"rendered":"","protected":false},"excerpt":{"rendered":"<p>Esittelyss\u00e4 Xiaomi No. 9 Electric Scooter Lithium Battery, t\u00e4ydellinen kumppani hiilikuituiselle s\u00e4hk\u00f6skootterillesi. T\u00e4m\u00e4 akkupaketti on saatavana 24V, 36V ja 48V kapasiteetilla 4-12Ah. Tuotteen koko on muokattavissa tarpeidesi mukaan.<br \/>\nXiaomi No. 9 Electric Scooter Lithium Battery on valmistettu upouusista A-luokan autojen 18650 power litiumakuista, jotka tunnetaan luotettavuudestaan ja korkeasta suorituskyvyst\u00e4\u00e4n. Se on koottu maahantuoduilla IC-suojalevyill\u00e4, mik\u00e4 varmistaa sen turvallisuuden. Ennen tehtaalta l\u00e4ht\u00f6\u00e4 t\u00e4lle tuotteelle tehd\u00e4\u00e4n ik\u00e4\u00e4ntymistestit sen varmistamiseksi, ett\u00e4 se t\u00e4ytt\u00e4\u00e4 korkeimmat laatuvaatimukset.<br \/>\nT\u00e4ll\u00e4 akulla on 1 vuoden takuu kotimaisille akuille ja 2 vuoden takuu maahantuoduille akuille. Akun lis\u00e4ksi t\u00e4m\u00e4 tuote sis\u00e4lt\u00e4\u00e4 my\u00f6s kaikki tarvittavat lis\u00e4varusteet, kuten asiakirjat, varmistaaksesi, ett\u00e4 sinulla on kaikki mit\u00e4 tarvitset aloittaaksesi.<br \/>\nOlitpa sitten matkoilla t\u00f6ihin tai kaupunkiin tutustumassa, Xiaomi No. 9 Electric Scooter Lithium Battery tarjoaa sinulle tehoa ja luotettavuutta, jota tarvitset p\u00e4\u00e4st\u00e4ksesi minne olet menossa. Tilaa nyt ja koe t\u00e4m\u00e4n alkuper\u00e4isen, Kiinassa valmistetun tuotteen mukavuus!<\/p>","protected":false},"featured_media":224,"template":"","meta":{"_kad_post_transparent":"default","_kad_post_title":"","_kad_post_layout":"default","_kad_post_sidebar_id":"","_kad_post_content_style":"default","_kad_post_vertical_padding":"default","_kad_post_feature":"","_kad_post_feature_position":"","_kad_post_header":false,"_kad_post_footer":false},"product_cat":[33],"product_tag":[48,52,51,47,46,50,49],"class_list":["post-223","product","type-product","status-publish","has-post-thumbnail","hentry","product_cat-custom-battery-pack","product_tag-36v-scooter-lithium-battery","product_tag-battery","product_tag-battery-electric-bike","product_tag-electric-scooter-lithium-battery","product_tag-original-xiaomi-lithium-battery","product_tag-xiaomi-ebike-battery","product_tag-xiaomi-no-9-lithium-battery","entry","content-bg","loop-entry"],"_links":{"self":[{"href":"https:\/\/bybatt.com\/fi\/wp-json\/wp\/v2\/product\/223","targetHints":{"allow":["GET"]}}],"collection":[{"href":"https:\/\/bybatt.com\/fi\/wp-json\/wp\/v2\/product"}],"about":[{"href":"https:\/\/bybatt.com\/fi\/wp-json\/wp\/v2\/types\/product"}],"wp:featuredmedia":[{"embeddable":true,"href":"https:\/\/bybatt.com\/fi\/wp-json\/wp\/v2\/media\/224"}],"wp:attachment":[{"href":"https:\/\/bybatt.com\/fi\/wp-json\/wp\/v2\/media?parent=223"}],"wp:term":[{"taxonomy":"product_cat","embeddable":true,"href":"https:\/\/bybatt.com\/fi\/wp-json\/wp\/v2\/product_cat?post=223"},{"taxonomy":"product_tag","embeddable":true,"href":"https:\/\/bybatt.com\/fi\/wp-json\/wp\/v2\/product_tag?post=223"}],"curies":[{"name":"wp","href":"https:\/\/api.w.org\/{rel}","templated":true}]}}