{"id":240,"date":"2023-02-16T04:43:33","date_gmt":"2023-02-16T04:43:33","guid":{"rendered":"https:\/\/bybatt.com\/?post_type=product&#038;p=240"},"modified":"2023-03-05T16:17:25","modified_gmt":"2023-03-05T16:17:25","slug":"byd-lifepo4-lead-acid-replacement-battery-for-solar-system","status":"publish","type":"product","link":"https:\/\/bybatt.com\/fi\/tuote\/byd-lifepo4-lead-acid-replacement-battery-for-solar-system\/","title":{"rendered":"BYD LiFePO4 Lyijyhappokorvausakku aurinkokuntaan"},"content":{"rendered":"","protected":false},"excerpt":{"rendered":"<p>Esittelyss\u00e4 lyijyhappoakkumme, joka sopii t\u00e4ydellisesti aurinkos\u00e4hk\u00f6j\u00e4rjestelmiin ja lyijyakkujen korvaamiseen. Akut on valmistettu uusista 100% kennoista, mik\u00e4 takaa maksimaalisen suorituskyvyn ja luotettavuuden. 12,8 V:n nimellisj\u00e4nnitteell\u00e4 ja valikoimalla valittavissa olevia kapasiteettia, mukaan lukien 60 Ah, 100 Ah, 150 Ah, 200 Ah ja 250 Ah, voit l\u00f6yt\u00e4\u00e4 t\u00e4ydellisen sopivuuden tarpeisiisi.<br \/>\n12 V litiumparistomme ovat ihanteellisia aurinkos\u00e4hk\u00f6j\u00e4rjestelmiin ja tarjoavat luotettavan virtal\u00e4hteen energiatarpeisiisi. Nimelliskapasiteetilla 200Ah\/2560Wh voit nauttia pitk\u00e4kestoisesta tehosta, joka ei pet\u00e4 sinua.<br \/>\nAkut on helppo asentaa ja ne voidaan kytke\u00e4 rinnan tai sarjaan 25,6 V:n j\u00e4nnitteen saavuttamiseksi. Lis\u00e4ksi jokaiseen akkuun integroidun edistyneen akunhallintaj\u00e4rjestelm\u00e4n (BMS) ansiosta voit olla varma, ett\u00e4 akkusi toimii aina optimaalisesti ja turvallisesti.<br \/>\nAkut on valmistettu my\u00f6s kest\u00e4v\u00e4st\u00e4 ABS+PC-materiaalista, mik\u00e4 takaa pitk\u00e4kestoisen suojan s\u00e4\u00e4olosuhteita ja kulumista vastaan. Jos etsit luotettavaa ja tehokasta akkua aurinkokuntaasi tai muihin energiatarpeisiin, 12 V litiumparistomme on t\u00e4ydellinen valinta.<\/p>","protected":false},"featured_media":241,"template":"","meta":{"_kad_post_transparent":"default","_kad_post_title":"","_kad_post_layout":"default","_kad_post_sidebar_id":"","_kad_post_content_style":"default","_kad_post_vertical_padding":"default","_kad_post_feature":"","_kad_post_feature_position":"","_kad_post_header":false,"_kad_post_footer":false},"product_cat":[32],"product_tag":[64,61,60,62,63],"class_list":["post-240","product","type-product","status-publish","has-post-thumbnail","hentry","product_cat-lead-acid-replacement-battery","product_tag-byd-battery","product_tag-byd-lifepo4-battery","product_tag-lead-acid-replacement-battery","product_tag-lifepo4-solar-lithium-battery","product_tag-solar-lithium-battery","entry","content-bg","loop-entry"],"_links":{"self":[{"href":"https:\/\/bybatt.com\/fi\/wp-json\/wp\/v2\/product\/240","targetHints":{"allow":["GET"]}}],"collection":[{"href":"https:\/\/bybatt.com\/fi\/wp-json\/wp\/v2\/product"}],"about":[{"href":"https:\/\/bybatt.com\/fi\/wp-json\/wp\/v2\/types\/product"}],"wp:featuredmedia":[{"embeddable":true,"href":"https:\/\/bybatt.com\/fi\/wp-json\/wp\/v2\/media\/241"}],"wp:attachment":[{"href":"https:\/\/bybatt.com\/fi\/wp-json\/wp\/v2\/media?parent=240"}],"wp:term":[{"taxonomy":"product_cat","embeddable":true,"href":"https:\/\/bybatt.com\/fi\/wp-json\/wp\/v2\/product_cat?post=240"},{"taxonomy":"product_tag","embeddable":true,"href":"https:\/\/bybatt.com\/fi\/wp-json\/wp\/v2\/product_tag?post=240"}],"curies":[{"name":"wp","href":"https:\/\/api.w.org\/{rel}","templated":true}]}}