{"id":248,"date":"2023-02-16T08:09:47","date_gmt":"2023-02-16T08:09:47","guid":{"rendered":"https:\/\/bybatt.com\/?post_type=product&#038;p=248"},"modified":"2023-02-16T08:32:07","modified_gmt":"2023-02-16T08:32:07","slug":"12v-lifepo4-lithium-iron-phosphate-battery-with-bluetooth","status":"publish","type":"product","link":"https:\/\/bybatt.com\/fi\/tuote\/12v-lifepo4-lithium-iron-phosphate-battery-with-bluetooth\/","title":{"rendered":"12V LiFePO4-litiumrautafosfaattiakku Bluetoothilla"},"content":{"rendered":"","protected":false},"excerpt":{"rendered":"<p>Esittelyss\u00e4 uusi ja parannettu akkuj\u00e4rjestelm\u00e4mme, joka lupaa tarjota vertaansa vailla olevan suorituskyvyn! Akkuj\u00e4rjestelm\u00e4mme on rakennettu k\u00e4ytt\u00e4m\u00e4ll\u00e4 100% uusia kennoja, joten se on luotettava ja pitk\u00e4ik\u00e4inen vaihtoehto kaikkiin tehotarpeisiisi. 12V:n nimellisj\u00e4nnitteell\u00e4 ja 200Ah\/2560Wh:n nimelliskapasiteetilla akkuj\u00e4rjestelm\u00e4mme soveltuu monenlaisiin sovelluksiin. Se voidaan asentaa rinnakkaisliit\u00e4nt\u00e4\u00e4n tai sarjaan 25,6 V:lle, mik\u00e4 tarjoaa enemm\u00e4n joustavuutta tarpeisiisi.<br \/>\nAkkuj\u00e4rjestelm\u00e4ss\u00e4mme on my\u00f6s huippuluokan akunhallintaj\u00e4rjestelm\u00e4 (BMS), joka on integroitu luotettavan suorituskyvyn varmistamiseksi. BMS tarjoaa oikosulku-, ylilataus- ja ylikuumenemissuojan s\u00e4ilytt\u00e4en samalla tasaisen j\u00e4nnitteen kaikissa kennoissa. Yksi akkuj\u00e4rjestelm\u00e4mme t\u00e4rkeimmist\u00e4 ominaisuuksista on helppo p\u00e4ivitysvaihtoehto. Voit p\u00e4ivitt\u00e4\u00e4 litiumiin saumattomasti tavallisella BCI-ryhm\u00e4koolla, mutta suuremmalla energiatiheydell\u00e4, syv\u00e4purkauskyvyll\u00e4, paremmalla edestakaisen matkan tehokkuudella ja nopeammalla latausnopeudella. Akkuj\u00e4rjestelm\u00e4mme on my\u00f6s suunniteltu helppoon huoltoon. Automaattisen tasapainotustoiminnon avulla voit kytke\u00e4 useita akkuja rinnakkain, mik\u00e4 parantaa akkujesi keskim\u00e4\u00e4r\u00e4ist\u00e4 lataustehoa pitk\u00e4ll\u00e4 aikav\u00e4lill\u00e4. Voit my\u00f6s seurata mobiililaitteiden akun tilaa reaaliajassa sis\u00e4\u00e4nrakennetun Bluetooth-moduulin avulla, mik\u00e4 antaa sinulle paremman hallinnan ja k\u00e4sityksen virrankulutuksestasi.<\/p>","protected":false},"featured_media":249,"template":"","meta":{"_kad_post_transparent":"default","_kad_post_title":"","_kad_post_layout":"default","_kad_post_sidebar_id":"","_kad_post_content_style":"default","_kad_post_vertical_padding":"default","_kad_post_feature":"","_kad_post_feature_position":"","_kad_post_header":false,"_kad_post_footer":false},"product_cat":[32],"product_tag":[69,60,66,68,67,65,70],"class_list":["post-248","product","type-product","status-publish","has-post-thumbnail","hentry","product_cat-lead-acid-replacement-battery","product_tag-12v-200ah-100ah-lithium-ion-battery","product_tag-lead-acid-replacement-battery","product_tag-lifepo4-battery","product_tag-lifepo4-lithium-battery","product_tag-lithium-iron-battery","product_tag-lithium-iron-phosphate-battery","product_tag-solar-energy-storage-system-kit","entry","content-bg","loop-entry"],"_links":{"self":[{"href":"https:\/\/bybatt.com\/fi\/wp-json\/wp\/v2\/product\/248","targetHints":{"allow":["GET"]}}],"collection":[{"href":"https:\/\/bybatt.com\/fi\/wp-json\/wp\/v2\/product"}],"about":[{"href":"https:\/\/bybatt.com\/fi\/wp-json\/wp\/v2\/types\/product"}],"wp:featuredmedia":[{"embeddable":true,"href":"https:\/\/bybatt.com\/fi\/wp-json\/wp\/v2\/media\/249"}],"wp:attachment":[{"href":"https:\/\/bybatt.com\/fi\/wp-json\/wp\/v2\/media?parent=248"}],"wp:term":[{"taxonomy":"product_cat","embeddable":true,"href":"https:\/\/bybatt.com\/fi\/wp-json\/wp\/v2\/product_cat?post=248"},{"taxonomy":"product_tag","embeddable":true,"href":"https:\/\/bybatt.com\/fi\/wp-json\/wp\/v2\/product_tag?post=248"}],"curies":[{"name":"wp","href":"https:\/\/api.w.org\/{rel}","templated":true}]}}