{"id":256,"date":"2023-02-17T07:35:14","date_gmt":"2023-02-17T07:35:14","guid":{"rendered":"https:\/\/bybatt.com\/?post_type=product&#038;p=256"},"modified":"2023-02-17T08:02:08","modified_gmt":"2023-02-17T08:02:08","slug":"12-8v-200ah-camper-boat-marine-lifepo4-deep-cycle-battery","status":"publish","type":"product","link":"https:\/\/bybatt.com\/fi\/tuote\/12-8v-200ah-camper-boat-marine-lifepo4-deep-cycle-battery\/","title":{"rendered":"12,8V 200Ah matkailuvene Marine LiFePO4 Deep Cycle -akku"},"content":{"rendered":"","protected":false},"excerpt":{"rendered":"<p>Esittelyss\u00e4 12,8 V:n 200 Ah matkailuvene Marine LiFePO4 Deep Cycle -akku, joka on suunniteltu tarjoamaan luotettavaa ja pitk\u00e4kestoista virtaa kaikkiin veneily- ja matkailuautosi tarpeisiin. Akkumme on valmistettu uusista 100%-kennoista, mik\u00e4 takaa korkeimman laadun ja luotettavuuden.<br \/>\nAkun nimellisj\u00e4nnitteell\u00e4 51,2V-16S2P ja nimelliskapasiteetilla 80Ah t\u00e4m\u00e4 akku on kompaktissa koossa, jonka mitat ovat 520*310*170 mm. LiFePO4-tekniikka tarjoaa poikkeuksellisen suorituskyvyn ja tuottaa jopa 6000 sykli\u00e4 80%-purkaussyvyydell\u00e4 (DOD) ja enemm\u00e4n, kuten syklikaaviossamme on osoitettu.<br \/>\nAkkumme on my\u00f6s rakennettu kest\u00e4m\u00e4\u00e4n, ja siin\u00e4 on tukeva metalli- tai ruostumaton ter\u00e4skotelo suojaamaan kennoja. Noin 42 kg painava se on kevyt ja helppo k\u00e4sitell\u00e4, joten se on t\u00e4ydellinen ratkaisu kaikkiin tehotarpeisiisi liikkeell\u00e4 ollessasi.<br \/>\nAkussamme k\u00e4ytetyt kennot ovat korkealaatuisimpia, A+, LiFePO4-kennoja, mik\u00e4 takaa optimaalisen suorituskyvyn ja pitk\u00e4n k\u00e4ytt\u00f6i\u00e4n. Sijoita 12,8 V:n 200 Ah asuntovene Marine LiFePO4 Deep Cycle -akkuun saadaksesi luotettavan ja tehokkaan virtal\u00e4hteen, joka vie sinut pidemm\u00e4lle.<\/p>","protected":false},"featured_media":257,"template":"","meta":{"_kad_post_transparent":"default","_kad_post_title":"","_kad_post_layout":"default","_kad_post_sidebar_id":"","_kad_post_content_style":"default","_kad_post_vertical_padding":"default","_kad_post_feature":"","_kad_post_feature_position":"","_kad_post_header":false,"_kad_post_footer":false},"product_cat":[25,29],"product_tag":[72,71,74,76,75,73],"class_list":["post-256","product","type-product","status-publish","has-post-thumbnail","hentry","product_cat-home-storage-battery","product_cat-lifepo4-battery-pack","product_tag-36v-100ah-for-agv-car-golf-cart","product_tag-36v-lithium-golf-cart-battery","product_tag-deep-cycle-rv-batteries","product_tag-lifepo4-deep-cycle-battery","product_tag-marine-deep-cycle-batteries","product_tag-rechargeable-lfp-battery","entry","content-bg","loop-entry"],"_links":{"self":[{"href":"https:\/\/bybatt.com\/fi\/wp-json\/wp\/v2\/product\/256","targetHints":{"allow":["GET"]}}],"collection":[{"href":"https:\/\/bybatt.com\/fi\/wp-json\/wp\/v2\/product"}],"about":[{"href":"https:\/\/bybatt.com\/fi\/wp-json\/wp\/v2\/types\/product"}],"wp:featuredmedia":[{"embeddable":true,"href":"https:\/\/bybatt.com\/fi\/wp-json\/wp\/v2\/media\/257"}],"wp:attachment":[{"href":"https:\/\/bybatt.com\/fi\/wp-json\/wp\/v2\/media?parent=256"}],"wp:term":[{"taxonomy":"product_cat","embeddable":true,"href":"https:\/\/bybatt.com\/fi\/wp-json\/wp\/v2\/product_cat?post=256"},{"taxonomy":"product_tag","embeddable":true,"href":"https:\/\/bybatt.com\/fi\/wp-json\/wp\/v2\/product_tag?post=256"}],"curies":[{"name":"wp","href":"https:\/\/api.w.org\/{rel}","templated":true}]}}