{"id":261,"date":"2023-02-17T07:48:53","date_gmt":"2023-02-17T07:48:53","guid":{"rendered":"https:\/\/bybatt.com\/?post_type=product&#038;p=261"},"modified":"2023-02-17T08:00:46","modified_gmt":"2023-02-17T08:00:46","slug":"48v-lifepo4-deep-cycle-golf-cart-lithium-batteries-kits","status":"publish","type":"product","link":"https:\/\/bybatt.com\/fi\/tuote\/48v-lifepo4-deep-cycle-golf-cart-lithium-batteries-kits\/","title":{"rendered":"48 V LiFePo4 Deep Cycle golfk\u00e4rryjen litiumparistosarjat"},"content":{"rendered":"","protected":false},"excerpt":{"rendered":"<p>Esittelyss\u00e4 korkealaatuinen 48 V LiFEPO4 akkumme, joka on erityisesti suunniteltu k\u00e4ytett\u00e4v\u00e4ksi EZGO- ja CLUB CAR -golfk\u00e4rryiss\u00e4. T\u00e4m\u00e4 uusista 100%-kennoista valmistettu litiumioniakku tarjoaa erinomaisen suorituskyvyn ja pitk\u00e4kestoisen kest\u00e4vyyden.<br \/>\n51,2 V:n nimellisj\u00e4nnitteell\u00e4 ja 80 Ah:n tai 100 Ah:n nimelliskapasiteetilla t\u00e4m\u00e4 akku on suunniteltu k\u00e4sittelem\u00e4\u00e4n golfk\u00e4rrysi vaatimuksia helposti. T\u00e4m\u00e4 520 mm pitk\u00e4, 310 mm leve\u00e4 ja 170 mm korkea akku on tarpeeksi kompakti mahtumaan golfk\u00e4rryyn viem\u00e4tt\u00e4 liikaa tilaa.<br \/>\nAkkumme on suunniteltu kest\u00e4m\u00e4\u00e4n jopa 6000 sykli\u00e4 80%:n purkaussyvyydell\u00e4 (DoD), joten se on luotettava ja pitk\u00e4ik\u00e4inen virtal\u00e4hde golfk\u00e4rryllesi. T\u00e4m\u00e4 noin 42 kg painava akku on tarpeeksi kevyt k\u00e4sitell\u00e4kseen helposti, mutta tarjoaa silti tehoa ja kapasiteettia, joita tarvitaan koko p\u00e4iv\u00e4ksi viheri\u00f6ill\u00e4.<br \/>\nTukevan metalli- tai ruostumattomasta ter\u00e4ksest\u00e4 valmistetun kotelon ansiosta voit luottaa siihen, ett\u00e4 akkumme on valmistettu kest\u00e4m\u00e4\u00e4n ulkok\u00e4yt\u00f6n vaatimuksia ja tarjoamaan luotettavaa suorituskyky\u00e4 erilaisissa s\u00e4\u00e4olosuhteissa. T\u00e4ss\u00e4 akussa k\u00e4ytetyt kennot ovat kaikki korkealaatuisia A+ LiFePO4-kennoja, mik\u00e4 takaa erinomaisen suorituskyvyn ja pitk\u00e4n kest\u00e4vyyden.<br \/>\nP\u00e4ivit\u00e4 golfk\u00e4rrysi korkealaatuisella 48 V LiFEPO4 -akullamme t\u00e4n\u00e4\u00e4n ja nauti luotettavasta tehosta ja pitk\u00e4kestoisesta suorituskyvyst\u00e4 kent\u00e4ll\u00e4.<\/p>","protected":false},"featured_media":262,"template":"","meta":{"_kad_post_transparent":"default","_kad_post_title":"","_kad_post_layout":"default","_kad_post_sidebar_id":"","_kad_post_content_style":"default","_kad_post_vertical_padding":"default","_kad_post_feature":"","_kad_post_feature_position":"","_kad_post_header":false,"_kad_post_footer":false},"product_cat":[29,25],"product_tag":[84,81,83,52,77,79,78,80,82],"class_list":["post-261","product","type-product","status-publish","has-post-thumbnail","hentry","product_cat-lifepo4-battery-pack","product_cat-home-storage-battery","product_tag-48v-80ah-golf-cart-battery","product_tag-48v-lifepo4-batteries","product_tag-48v-lithium-golf-cart-battery","product_tag-battery","product_tag-golf-cart-lithium-batteries","product_tag-lithium-batteries-for-golf-carts","product_tag-lithium-golf-cart-batteries-kits","product_tag-lithium-ion-golf-cart-batteries","product_tag-powerful-48-volt-lifepo4-batteries","entry","content-bg","loop-entry"],"_links":{"self":[{"href":"https:\/\/bybatt.com\/fi\/wp-json\/wp\/v2\/product\/261","targetHints":{"allow":["GET"]}}],"collection":[{"href":"https:\/\/bybatt.com\/fi\/wp-json\/wp\/v2\/product"}],"about":[{"href":"https:\/\/bybatt.com\/fi\/wp-json\/wp\/v2\/types\/product"}],"wp:featuredmedia":[{"embeddable":true,"href":"https:\/\/bybatt.com\/fi\/wp-json\/wp\/v2\/media\/262"}],"wp:attachment":[{"href":"https:\/\/bybatt.com\/fi\/wp-json\/wp\/v2\/media?parent=261"}],"wp:term":[{"taxonomy":"product_cat","embeddable":true,"href":"https:\/\/bybatt.com\/fi\/wp-json\/wp\/v2\/product_cat?post=261"},{"taxonomy":"product_tag","embeddable":true,"href":"https:\/\/bybatt.com\/fi\/wp-json\/wp\/v2\/product_tag?post=261"}],"curies":[{"name":"wp","href":"https:\/\/api.w.org\/{rel}","templated":true}]}}